{"id":6993,"date":"2023-01-18T17:54:36","date_gmt":"2023-01-18T15:54:36","guid":{"rendered":"https:\/\/dev.zezz.ee\/garden\/toode\/mentha-piperita-citrata\/"},"modified":"2026-03-02T21:12:15","modified_gmt":"2026-03-02T19:12:15","slug":"mentha-piperita-citrata","status":"publish","type":"product","link":"https:\/\/dev.garden.ee\/en\/product\/mentha-piperita-citrata\/","title":{"rendered":"Mentha x piperita &#8216;Citrata&#8217;"},"content":{"rendered":"<input class=\"fooboxshare_post_id\" type=\"hidden\" value=\"6993\"\/>","protected":false},"excerpt":{"rendered":"<p>Risoomne, p\u00fcstise kasvuga m\u00fcnt, mis sobib kasvama pea igasugusesse pinnasesse. Kuiva ei talu.\u00a0 Lehed tumerohelised, \u00fcmarad v\u00f5i teravatipulised. \u00d5ied piikjad helelillad. L\u00f5hn puuviljane, tsitruselisi meenutavalt m\u00fcndine. Tulenevalt ka levinud nimetus <em>orange mint<\/em> ehk apelsini m\u00fcnt. Kuna taim paljundab end edukalt ise maa-aluste risoomide abil, siis v\u00f5iks soovituslik istutuskoht olla\u00a0 kas peenarde servades v\u00f5i kasutada piiramiseks pinnaset\u00f5kkeid\/kangast. P\u00e4rast \u00f5itsemist on hea \u00f5ievarred tagasi l\u00f5igata, mis stimuleerib vegetatiivset kasvamist.<\/p>","protected":false},"featured_media":6994,"template":"","meta":[],"product_brand":[],"product_cat":[4401,4410,4411,4393,22],"product_tag":[],"class_list":{"0":"post-6993","1":"product","2":"type-product","3":"status-publish","4":"has-post-thumbnail","6":"product_cat-pusikud","7":"product_cat-tarbeaed","8":"product_cat-urdiaed","9":"product_cat-urdid","10":"product_cat-taimed","11":"pa_haiguskindlus-vaga-hea","12":"pa_moodud-k-30-60-cm-l-30-60-cm","13":"pa_oie-varv-lilla","14":"pa_oitsemise-aeg-juuli-september","15":"pa_tsoon-z-5-9","16":"pa_variatsioon-suurem-pott","17":"pa_variatsioon-suurem-pott-soodushind-50","18":"pa_variatsioon-vaiksem-pott","20":"first","21":"outofstock","22":"sale","23":"purchasable","24":"product-type-variable"},"acf":[],"_links":{"self":[{"href":"https:\/\/dev.garden.ee\/en\/wp-json\/wp\/v2\/product\/6993","targetHints":{"allow":["GET"]}}],"collection":[{"href":"https:\/\/dev.garden.ee\/en\/wp-json\/wp\/v2\/product"}],"about":[{"href":"https:\/\/dev.garden.ee\/en\/wp-json\/wp\/v2\/types\/product"}],"wp:featuredmedia":[{"embeddable":true,"href":"https:\/\/dev.garden.ee\/en\/wp-json\/wp\/v2\/media\/6994"}],"wp:attachment":[{"href":"https:\/\/dev.garden.ee\/en\/wp-json\/wp\/v2\/media?parent=6993"}],"wp:term":[{"taxonomy":"product_brand","embeddable":true,"href":"https:\/\/dev.garden.ee\/en\/wp-json\/wp\/v2\/product_brand?post=6993"},{"taxonomy":"product_cat","embeddable":true,"href":"https:\/\/dev.garden.ee\/en\/wp-json\/wp\/v2\/product_cat?post=6993"},{"taxonomy":"product_tag","embeddable":true,"href":"https:\/\/dev.garden.ee\/en\/wp-json\/wp\/v2\/product_tag?post=6993"}],"curies":[{"name":"wp","href":"https:\/\/api.w.org\/{rel}","templated":true}]}}