{"id":6978,"date":"2023-01-18T17:54:26","date_gmt":"2023-01-18T15:54:26","guid":{"rendered":"https:\/\/dev.zezz.ee\/garden\/toode\/echinacea-purpurea-cleopatra\/"},"modified":"2026-02-22T21:10:31","modified_gmt":"2026-02-22T19:10:31","slug":"echinacea-purpurea-cleopatra","status":"publish","type":"product","link":"https:\/\/dev.garden.ee\/en\/product\/echinacea-purpurea-cleopatra\/","title":{"rendered":"Echinacea purpurea &#8216;Cleopatra&#8217;"},"content":{"rendered":"<input class=\"fooboxshare_post_id\" type=\"hidden\" value=\"6978\"\/>","protected":false},"excerpt":{"rendered":"<p>Suurte l\u00f5hnavate, heledamate kollaste \u00f5itega siilk\u00fcbara sort, mille \u00f5ied pleegivad hiljem peaaegu valgeks. Moodustab madala ja kompaktse klumbi, millest veidi k\u00f5rgemal heledate peadega p\u00fcstised \u00f5ievarred. Pinnase suhtes v\u00e4ga leplik. Saab hakkama ka kivisel, kruusasel v\u00f5i liivasel alal. Vajalik hea drenaa\u017e. Liiga huumusrikkas pinnas muudab h\u00f5redaks. Valguse osas eelistab p\u00e4ikeselist v\u00f5i osalise varjuga kohta. \u00d5itsenud \u00f5ied v\u00f5ib \u00e4ra noppida, v\u00e4ltimaks soovimatut seemendamist ning pikendamaks \u00f5itsemise aega.<\/p>","protected":false},"featured_media":6979,"template":"","meta":[],"product_brand":[],"product_cat":[4415,4413,6934,4401,22],"product_tag":[],"class_list":{"0":"post-6978","1":"product","2":"type-product","3":"status-publish","4":"has-post-thumbnail","6":"product_cat-lilleaed","7":"product_cat-loikelilleaed","8":"product_cat-mesilassobralik-aed","9":"product_cat-pusikud","10":"product_cat-taimed","11":"pa_haiguskindlus-vaga-hea","12":"pa_kasvukorgus-40-50-cm","13":"pa_laius-30-40-cm","14":"pa_lisainfo-mesilaste-lemmik","15":"pa_lisainfo-sobib-osalise-varjuga-kasvualale","16":"pa_lohn-orn","17":"pa_oie-varv-kollane","18":"pa_oitsemise-aeg-juuni-august","19":"pa_talvekindlus-vaga-hea","20":"pa_tingimused-hea-drenaaz","21":"pa_tingimused-kergelt-kivine","22":"pa_tingimused-kergelt-kruusane","23":"pa_tingimused-kergelt-liivane","24":"pa_tingimused-parasniiske","25":"pa_tsoon-4-8","26":"pa_valguse-tingimused-paike","27":"pa_valguse-tingimused-poolvari","28":"pa_variatsioon-suurem-pott","29":"pa_variatsioon-vaiksem-pott","31":"first","32":"instock","33":"purchasable","34":"product-type-variable"},"acf":[],"_links":{"self":[{"href":"https:\/\/dev.garden.ee\/en\/wp-json\/wp\/v2\/product\/6978","targetHints":{"allow":["GET"]}}],"collection":[{"href":"https:\/\/dev.garden.ee\/en\/wp-json\/wp\/v2\/product"}],"about":[{"href":"https:\/\/dev.garden.ee\/en\/wp-json\/wp\/v2\/types\/product"}],"wp:featuredmedia":[{"embeddable":true,"href":"https:\/\/dev.garden.ee\/en\/wp-json\/wp\/v2\/media\/6979"}],"wp:attachment":[{"href":"https:\/\/dev.garden.ee\/en\/wp-json\/wp\/v2\/media?parent=6978"}],"wp:term":[{"taxonomy":"product_brand","embeddable":true,"href":"https:\/\/dev.garden.ee\/en\/wp-json\/wp\/v2\/product_brand?post=6978"},{"taxonomy":"product_cat","embeddable":true,"href":"https:\/\/dev.garden.ee\/en\/wp-json\/wp\/v2\/product_cat?post=6978"},{"taxonomy":"product_tag","embeddable":true,"href":"https:\/\/dev.garden.ee\/en\/wp-json\/wp\/v2\/product_tag?post=6978"}],"curies":[{"name":"wp","href":"https:\/\/api.w.org\/{rel}","templated":true}]}}