{"id":6935,"date":"2023-01-18T17:54:00","date_gmt":"2023-01-18T15:54:00","guid":{"rendered":"https:\/\/dev.zezz.ee\/garden\/toode\/meteor\/"},"modified":"2026-02-10T11:57:58","modified_gmt":"2026-02-10T09:57:58","slug":"meteor","status":"publish","type":"product","link":"https:\/\/dev.garden.ee\/en\/product\/meteor\/","title":{"rendered":"Meteor\u00ae"},"content":{"rendered":"<input class=\"fooboxshare_post_id\" type=\"hidden\" value=\"6935\"\/>","protected":false},"excerpt":{"rendered":"<p>Tihedalt t\u00e4idetud keskmise suurusega (6-7cm) \u00f5itel on meeldiv segu kroonlehe sisek\u00fcljel rikkalikust kollakas-oran\u017eist ja kroonlehe v\u00e4lisk\u00fcljel aprikoosikarva roosast. Ebatavaline \u00f5ite v\u00e4rvus toob taimealasse kindlasti \u00fcllatuslikku p\u00f5nevust. Lisaks tekitab meeldiva kontrasti oma l\u00e4ikivate, tumedalt roheliste lehtedega. Piisavalt p\u00fcstine, kuid puhmja kasvuga p\u00f5\u00f5sas kannab p\u00fcsivalt \u00f5isi ja on hea haiguskindlusega.<\/p>\n<p>Sobib istutamiseks ka suuremasse potti v\u00f5i konteinerisse.<\/p>","protected":false},"featured_media":6936,"template":"","meta":[],"product_brand":[],"product_cat":[9637,4416,4402,22],"product_tag":[],"class_list":{"0":"post-6935","1":"product","2":"type-product","3":"status-publish","4":"has-post-thumbnail","6":"product_cat-istutuskast","7":"product_cat-roosiaed","8":"product_cat-roosid","9":"product_cat-taimed","10":"pa_aretus-w-kordes-sohne","11":"pa_avalikustamisaasta-saksamaa-2019","12":"pa_haiguskindlus-vaga-hea","13":"pa_kasvukorgus-50-80-cm","14":"pa_kollektsioon-fantasia","15":"pa_laius-40-cm","16":"pa_lisainfo-sobilik-istutuskasti-jaoks","17":"pa_lohn-orn","18":"pa_oie-suurus-keskmine","19":"pa_oie-varv-oranz","20":"pa_oie-varv-roosa","21":"pa_oietuup-taidisois","22":"pa_oitsemine-korduvalt-oitsev","23":"pa_sort-floribund-ehk-paljuoieline-roos","24":"pa_taimede-arvestus-ruutmeetri-9218","25":"pa_talvekindlus-vaga-hea","26":"pa_variatsioon-potis-2l-kevadel","27":"pa_variatsioon-potis-4-6l","29":"first","30":"outofstock","31":"purchasable","32":"product-type-variable"},"acf":[],"_links":{"self":[{"href":"https:\/\/dev.garden.ee\/en\/wp-json\/wp\/v2\/product\/6935","targetHints":{"allow":["GET"]}}],"collection":[{"href":"https:\/\/dev.garden.ee\/en\/wp-json\/wp\/v2\/product"}],"about":[{"href":"https:\/\/dev.garden.ee\/en\/wp-json\/wp\/v2\/types\/product"}],"wp:featuredmedia":[{"embeddable":true,"href":"https:\/\/dev.garden.ee\/en\/wp-json\/wp\/v2\/media\/6936"}],"wp:attachment":[{"href":"https:\/\/dev.garden.ee\/en\/wp-json\/wp\/v2\/media?parent=6935"}],"wp:term":[{"taxonomy":"product_brand","embeddable":true,"href":"https:\/\/dev.garden.ee\/en\/wp-json\/wp\/v2\/product_brand?post=6935"},{"taxonomy":"product_cat","embeddable":true,"href":"https:\/\/dev.garden.ee\/en\/wp-json\/wp\/v2\/product_cat?post=6935"},{"taxonomy":"product_tag","embeddable":true,"href":"https:\/\/dev.garden.ee\/en\/wp-json\/wp\/v2\/product_tag?post=6935"}],"curies":[{"name":"wp","href":"https:\/\/api.w.org\/{rel}","templated":true}]}}