{"id":693,"date":"2023-01-18T16:37:24","date_gmt":"2023-01-18T14:37:24","guid":{"rendered":"https:\/\/dev.zezz.ee\/garden\/toode\/achillea-filipendulina-parkers-variety\/"},"modified":"2026-02-16T19:13:38","modified_gmt":"2026-02-16T17:13:38","slug":"achillea-filipendulina-parkers-variety","status":"publish","type":"product","link":"https:\/\/dev.garden.ee\/en\/product\/achillea-filipendulina-parkers-variety\/","title":{"rendered":"Achillea filipendulina &#8216;Parker&#8217;s Variety&#8217;"},"content":{"rendered":"<input class=\"fooboxshare_post_id\" type=\"hidden\" value=\"693\"\/>","protected":false},"excerpt":{"rendered":"<p>K\u00f5rgekasvuline, heleroheliste, s\u00f5najalga meenutavate lehtede ja s\u00fcgavkollaste, suurte \u00f5isikutega p\u00fcsik. Hea p\u00f5uataluvus.\u00a0 Sobib h\u00e4sti peenra tagaossa. Istuta kokku Punase siilk\u00fcbara &#8216;Alba&#8217;ga v\u00f5i Griffithi piimalillega. Hea l\u00f5ikelill, v\u00f5ib ka kuivatada, s\u00e4ilitab oma v\u00e4rvi ja l\u00f5hna.\u00a0\u00a0K\u00f5ige paremini tunneb end taim kuivemas, p\u00e4ikeselisemas ja kindlasti tuulevaikses kasvukohas. Ta talub h\u00e4sti kuuma suvep\u00e4ikest. Raudrohud n\u00e4evad v\u00e4rskemad ja uhkemad v\u00e4lja, kui nende h\u00e4\u00e4bunud \u00f5ied pidevalt \u00e4ra l\u00f5igata. Peale \u00f5itsemist v\u00f5ib taime tagasi l\u00f5igata kuni p\u00f5hilehtedeni v\u00e4lja, on v\u00f5imalus saada ta s\u00fcgisepoole uuesti \u00f5itsema. Iga 3-4 aasta j\u00e4rel tuleks taime jagada.<\/p>\n<div id=\"product_product_p_439\" class=\"tb_row1\">Kaaslasena sobib nt\u00a0Lupinus x russellii &#8216;Chandelier&#8217;<em>.\u00a0<\/em>Vt all &#8211; seotud tooted.<\/div>\n<div class=\"tb_row1\"><\/div>\n<div class=\"tb_row1\"><span style=\"color: #ff0000;\">\u00a0<\/span><\/div>","protected":false},"featured_media":516,"template":"","meta":[],"product_brand":[],"product_cat":[4407,4415,4413,4401,22],"product_tag":[],"class_list":{"0":"post-693","1":"product","2":"type-product","3":"status-publish","4":"has-post-thumbnail","6":"product_cat-aasad","7":"product_cat-lilleaed","8":"product_cat-loikelilleaed","9":"product_cat-pusikud","10":"product_cat-taimed","11":"pa_haiguskindlus-hea","12":"pa_kasvukorgus-60-cm","13":"pa_laius-50-cm","14":"pa_lisainfo-janese-kahjustustele-vastupidav","15":"pa_oie-varv-kollane","16":"pa_oitsemise-aeg-juuni-august","17":"pa_talvekindlus-vaga-hea","18":"pa_tingimused-kuiv","19":"pa_tingimused-vaheviljakas","20":"pa_tsoon-3-8","21":"pa_valguse-tingimused-paike","22":"pa_variatsioon-suurem-pott","23":"pa_variatsioon-vaiksem-pott","25":"first","26":"onbackorder","27":"purchasable","28":"product-type-variable"},"acf":[],"_links":{"self":[{"href":"https:\/\/dev.garden.ee\/en\/wp-json\/wp\/v2\/product\/693","targetHints":{"allow":["GET"]}}],"collection":[{"href":"https:\/\/dev.garden.ee\/en\/wp-json\/wp\/v2\/product"}],"about":[{"href":"https:\/\/dev.garden.ee\/en\/wp-json\/wp\/v2\/types\/product"}],"wp:featuredmedia":[{"embeddable":true,"href":"https:\/\/dev.garden.ee\/en\/wp-json\/wp\/v2\/media\/516"}],"wp:attachment":[{"href":"https:\/\/dev.garden.ee\/en\/wp-json\/wp\/v2\/media?parent=693"}],"wp:term":[{"taxonomy":"product_brand","embeddable":true,"href":"https:\/\/dev.garden.ee\/en\/wp-json\/wp\/v2\/product_brand?post=693"},{"taxonomy":"product_cat","embeddable":true,"href":"https:\/\/dev.garden.ee\/en\/wp-json\/wp\/v2\/product_cat?post=693"},{"taxonomy":"product_tag","embeddable":true,"href":"https:\/\/dev.garden.ee\/en\/wp-json\/wp\/v2\/product_tag?post=693"}],"curies":[{"name":"wp","href":"https:\/\/api.w.org\/{rel}","templated":true}]}}