{"id":690,"date":"2023-01-18T16:37:21","date_gmt":"2023-01-18T14:37:21","guid":{"rendered":"https:\/\/dev.zezz.ee\/garden\/toode\/achillea-filipendulina-coronation-gold\/"},"modified":"2026-02-13T11:45:42","modified_gmt":"2026-02-13T09:45:42","slug":"achillea-filipendulina-coronation-gold","status":"publish","type":"product","link":"https:\/\/dev.garden.ee\/en\/product\/achillea-filipendulina-coronation-gold\/","title":{"rendered":"Achillea filipendulina &#8216;Coronation Gold&#8217;"},"content":{"rendered":"<input class=\"fooboxshare_post_id\" type=\"hidden\" value=\"690\"\/>","protected":false},"excerpt":{"rendered":"<p>S\u00e4rav, sinepikollaste, tihedalt t\u00e4idetud lapikute \u00f5isikutega h\u00fcbriid on angervaksa- ning kilp-raudrohu kaunis ristand. P\u00fcstise kasvuga ning puhmjas taim on tuntud oma h\u00f5bedase, hallikas-rohelise, s\u00f5najalalehti meenutava, veidi v\u00fcrtsikalt l\u00f5hnava lehestiku poolest. K\u00f5ige paremini tunneb end taim kuivemas, p\u00e4ikelisemas ja kindlasti tuulevaikses keskkonnas. Ta talub h\u00e4sti kuuma suvep\u00e4ikest. Raudrohud n\u00e4evad v\u00e4rskemad ja uhkemad v\u00e4lja, kui nende h\u00e4\u00e4bunud \u00f5ied pidevalt \u00e4ra l\u00f5igata. Peale \u00f5itsemist v\u00f5ib taime k\u00e4rpida kuni p\u00f5hilehtedeni v\u00e4lja, on v\u00f5imalus saada ta s\u00fcgisepoole uuesti \u00f5itsema. Iga 3-4 aasta j\u00e4rel tuleks taime jagada. H\u00e4sti kena on kollane raudrohi miksida lillade \u00f5itega p\u00fcsikutega, n\u00e4iteks kassisabade ja aed-\u00f5nneheinaga.<\/p>\n<div id=\"product_product_p_963\" class=\"tb_row1\">Kaaslastena sobivad nt\u00a0Panicum virgatum &#8216;Heavy Metal&#8217;,\u00a0<a>Stipa gigantea<\/a><em>. Vt all &#8211; seotud tooted.\u00a0\u00a0<\/em><\/div>","protected":false},"featured_media":511,"template":"","meta":[],"product_brand":[],"product_cat":[4407,4415,4413,4401,22],"product_tag":[],"class_list":{"0":"post-690","1":"product","2":"type-product","3":"status-publish","4":"has-post-thumbnail","6":"product_cat-aasad","7":"product_cat-lilleaed","8":"product_cat-loikelilleaed","9":"product_cat-pusikud","10":"product_cat-taimed","11":"pa_haiguskindlus-hea","12":"pa_lisainfo-janese-kahjustustele-vastupidav","13":"pa_moodud-k-70-80-cm-l-50-cm","14":"pa_oie-varv-kollane","15":"pa_oitsemise-aeg-juuli-september","16":"pa_talvekindlus-vaga-hea","17":"pa_tingimused-kuivema-poolsem","18":"pa_tingimused-vaheviljakas","19":"pa_tsoon-3-8","20":"pa_valguse-tingimused-paike","21":"pa_variatsioon-suurem-pott","22":"pa_variatsioon-vaiksem-pott","24":"first","25":"instock","26":"purchasable","27":"product-type-variable"},"acf":[],"_links":{"self":[{"href":"https:\/\/dev.garden.ee\/en\/wp-json\/wp\/v2\/product\/690","targetHints":{"allow":["GET"]}}],"collection":[{"href":"https:\/\/dev.garden.ee\/en\/wp-json\/wp\/v2\/product"}],"about":[{"href":"https:\/\/dev.garden.ee\/en\/wp-json\/wp\/v2\/types\/product"}],"wp:featuredmedia":[{"embeddable":true,"href":"https:\/\/dev.garden.ee\/en\/wp-json\/wp\/v2\/media\/511"}],"wp:attachment":[{"href":"https:\/\/dev.garden.ee\/en\/wp-json\/wp\/v2\/media?parent=690"}],"wp:term":[{"taxonomy":"product_brand","embeddable":true,"href":"https:\/\/dev.garden.ee\/en\/wp-json\/wp\/v2\/product_brand?post=690"},{"taxonomy":"product_cat","embeddable":true,"href":"https:\/\/dev.garden.ee\/en\/wp-json\/wp\/v2\/product_cat?post=690"},{"taxonomy":"product_tag","embeddable":true,"href":"https:\/\/dev.garden.ee\/en\/wp-json\/wp\/v2\/product_tag?post=690"}],"curies":[{"name":"wp","href":"https:\/\/api.w.org\/{rel}","templated":true}]}}