{"id":6896,"date":"2023-01-18T17:53:43","date_gmt":"2023-01-18T15:53:43","guid":{"rendered":"https:\/\/dev.zezz.ee\/garden\/toode\/mango\/"},"modified":"2026-02-07T13:11:09","modified_gmt":"2026-02-07T11:11:09","slug":"mango","status":"publish","type":"product","link":"https:\/\/dev.garden.ee\/en\/product\/mango\/","title":{"rendered":"Mango\u00ae"},"content":{"rendered":"<input class=\"fooboxshare_post_id\" type=\"hidden\" value=\"6896\"\/>","protected":false},"excerpt":{"rendered":"<p>S\u00e4rava oran\u017ei tooniga p\u00fcstine ja kompaktne p\u00f5\u00f5sas, \u00fcliheade tervisen\u00e4itajatega, poolt\u00e4idetud \u00f5ied on k\u00fclluslikud ja korduv\u00f5itsevad. \u00d5ied (5-6cm) kasvavad h\u00e4sti tagasi ilma k\u00e4rpimise vajaduseta. Ideaalsed omadused kasvatamiseks konteineris ja potis terrassil v\u00f5i r\u00f5dul.<\/p>\n<p>Auhinnad rahvusvahelistel roosiv\u00f5istlustel.<\/p>","protected":false},"featured_media":6897,"template":"","meta":[],"product_brand":[],"product_cat":[9637,9775,9702,9550,4416,4402,4408,22],"product_tag":[9417],"class_list":{"0":"post-6896","1":"product","2":"type-product","3":"status-publish","4":"has-post-thumbnail","6":"product_cat-istutuskast","7":"product_cat-kalmistu","8":"product_cat-linnaaed","9":"product_cat-rodu-ja-terrass","10":"product_cat-roosiaed","11":"product_cat-roosid","12":"product_cat-vaike-aed","13":"product_cat-taimed","14":"product_tag-soodushind-50","15":"pa_aretus-w-kordes-sohne","16":"pa_avalikustamisaasta-saksamaa-2019","17":"pa_haiguskindlus-hea","18":"pa_kollektsioon-sunflare","19":"pa_laius-40-cm","20":"pa_lisainfo-sobilik-istutuskasti-jaoks","21":"pa_lohn-orn","22":"pa_oie-suurus-keskmine","23":"pa_oie-varv-kollakasoranz","24":"pa_oietuup-pooltaidisois","25":"pa_oitsemine-korduvalt-oitsev","26":"pa_sort-floribund-ehk-paljuoieline-roos","27":"pa_talvekindlus-hea","28":"pa_variatsioon-potis-2l-kevadel","29":"pa_variatsioon-potis-4-6l-suvel-ja-sugisel","30":"pa_variatsioon-tuviroos-paljasjuurne-ainult-kevadel","31":"pa_variatsioon-tuviroos-potis-5l","32":"pa_variatsioon-tuviroos-potis-suvel-ja-sugisel","34":"first","35":"outofstock","36":"sale","37":"purchasable","38":"product-type-variable"},"acf":[],"_links":{"self":[{"href":"https:\/\/dev.garden.ee\/en\/wp-json\/wp\/v2\/product\/6896","targetHints":{"allow":["GET"]}}],"collection":[{"href":"https:\/\/dev.garden.ee\/en\/wp-json\/wp\/v2\/product"}],"about":[{"href":"https:\/\/dev.garden.ee\/en\/wp-json\/wp\/v2\/types\/product"}],"wp:featuredmedia":[{"embeddable":true,"href":"https:\/\/dev.garden.ee\/en\/wp-json\/wp\/v2\/media\/6897"}],"wp:attachment":[{"href":"https:\/\/dev.garden.ee\/en\/wp-json\/wp\/v2\/media?parent=6896"}],"wp:term":[{"taxonomy":"product_brand","embeddable":true,"href":"https:\/\/dev.garden.ee\/en\/wp-json\/wp\/v2\/product_brand?post=6896"},{"taxonomy":"product_cat","embeddable":true,"href":"https:\/\/dev.garden.ee\/en\/wp-json\/wp\/v2\/product_cat?post=6896"},{"taxonomy":"product_tag","embeddable":true,"href":"https:\/\/dev.garden.ee\/en\/wp-json\/wp\/v2\/product_tag?post=6896"}],"curies":[{"name":"wp","href":"https:\/\/api.w.org\/{rel}","templated":true}]}}