{"id":6891,"date":"2023-01-18T17:53:40","date_gmt":"2023-01-18T15:53:40","guid":{"rendered":"https:\/\/dev.zezz.ee\/garden\/toode\/lavender-siluetta-uudis\/"},"modified":"2026-02-06T17:07:16","modified_gmt":"2026-02-06T15:07:16","slug":"lavender-siluetta","status":"publish","type":"product","link":"https:\/\/dev.garden.ee\/en\/product\/lavender-siluetta\/","title":{"rendered":"Lavender Siluetta\u00ae"},"content":{"rendered":"<input class=\"fooboxshare_post_id\" type=\"hidden\" value=\"6891\"\/>","protected":false},"excerpt":{"rendered":"<p>Roniroos v\u00e4ikeste lavendlikarva liht\u00f5itega. \u00d5itseb rikkalikult ja korduvalt hooaja jooksul, kobaratena h\u00e4sti painduvatel vartel, mida kergelt toetab pergola v\u00f5i muu roosikaar.<\/p>\n<p>T\u00e4nu kompakstsele kasvule sobib ka v\u00e4iksemasse aeda ja konteineritesse.<\/p>","protected":false},"featured_media":6892,"template":"","meta":[],"product_brand":[],"product_cat":[4415,6934,4397,4416,4402,4408,22],"product_tag":[9417],"class_list":{"0":"post-6891","1":"product","2":"type-product","3":"status-publish","4":"has-post-thumbnail","6":"product_cat-lilleaed","7":"product_cat-mesilassobralik-aed","8":"product_cat-ronitaimed","9":"product_cat-roosiaed","10":"product_cat-roosid","11":"product_cat-vaike-aed","12":"product_cat-taimed","13":"product_tag-soodushind-50","14":"pa_aretus-w-kordes-sohne","15":"pa_avalikustamisaasta-2149","16":"pa_haiguskindlus-vaga-hea","17":"pa_kasvukorgus-150-180-cm","18":"pa_kollektsioon-siluetta","19":"pa_laius-70-cm","20":"pa_lisainfo-mesilaste-lemmik","21":"pa_lisainfo-ronitaim","22":"pa_lisainfo-sobilik-istutuskasti-jaoks","23":"pa_lohn-orn","24":"pa_oie-suurus-vaike","25":"pa_oie-varv-magenta","26":"pa_oietuup-lihtois","27":"pa_oitsemine-korduvalt-oitsev","28":"pa_sort-roniroos","29":"pa_taimede-arvestus-ruutmeetri-2-3","30":"pa_talvekindlus-hea","31":"pa_variatsioon-potis-2l-kevadel","32":"pa_variatsioon-potis-4-6l","33":"pa_variatsioon-potis-4-6l-suvel-ja-sugisel","35":"first","36":"instock","37":"sale","38":"purchasable","39":"product-type-variable"},"acf":[],"_links":{"self":[{"href":"https:\/\/dev.garden.ee\/en\/wp-json\/wp\/v2\/product\/6891","targetHints":{"allow":["GET"]}}],"collection":[{"href":"https:\/\/dev.garden.ee\/en\/wp-json\/wp\/v2\/product"}],"about":[{"href":"https:\/\/dev.garden.ee\/en\/wp-json\/wp\/v2\/types\/product"}],"wp:featuredmedia":[{"embeddable":true,"href":"https:\/\/dev.garden.ee\/en\/wp-json\/wp\/v2\/media\/6892"}],"wp:attachment":[{"href":"https:\/\/dev.garden.ee\/en\/wp-json\/wp\/v2\/media?parent=6891"}],"wp:term":[{"taxonomy":"product_brand","embeddable":true,"href":"https:\/\/dev.garden.ee\/en\/wp-json\/wp\/v2\/product_brand?post=6891"},{"taxonomy":"product_cat","embeddable":true,"href":"https:\/\/dev.garden.ee\/en\/wp-json\/wp\/v2\/product_cat?post=6891"},{"taxonomy":"product_tag","embeddable":true,"href":"https:\/\/dev.garden.ee\/en\/wp-json\/wp\/v2\/product_tag?post=6891"}],"curies":[{"name":"wp","href":"https:\/\/api.w.org\/{rel}","templated":true}]}}