{"id":6879,"date":"2023-01-18T17:53:34","date_gmt":"2023-01-18T15:53:34","guid":{"rendered":"https:\/\/dev.zezz.ee\/garden\/toode\/anemone-hybrida-lorelei\/"},"modified":"2026-02-14T00:15:51","modified_gmt":"2026-02-13T22:15:51","slug":"anemone-hybrida-lorelei","status":"publish","type":"product","link":"https:\/\/dev.garden.ee\/en\/product\/anemone-hybrida-lorelei\/","title":{"rendered":"Anemone hybrida &#8216;Loreley&#8217;"},"content":{"rendered":"<input class=\"fooboxshare_post_id\" type=\"hidden\" value=\"6879\"\/>","protected":false},"excerpt":{"rendered":"<p>K\u00f5rgemakasvuline, suurte lopsakate t\u00e4idis\u00f5itega sort, mis sobib suurep\u00e4raselt ka l\u00f5ikelilleks. Eelistab niisket huumusrikast mulda. \u00d5itseb suve l\u00f5pust esimeste k\u00fclmadeni. Heleroosad, kergelt varrel allapoole kaarduvad \u00f5ied. Hea varjualade taim. Jahedatel ning tuultele avatud kasvukohtadel katta talveks mult\u0161iga. Kevadel kergesti jagatavad.<\/p>","protected":false},"featured_media":25241,"template":"","meta":[],"product_brand":[],"product_cat":[4415,4413,4401,4412,22],"product_tag":[9209],"class_list":{"0":"post-6879","1":"product","2":"type-product","3":"status-publish","4":"has-post-thumbnail","6":"product_cat-lilleaed","7":"product_cat-loikelilleaed","8":"product_cat-pusikud","9":"product_cat-varjuaed","10":"product_cat-taimed","11":"product_tag-rhs-award-of-garden-merit","12":"pa_kasvukorgus-80-90-cm","13":"pa_laius-60-80-cm","14":"pa_lisainfo-sobib-osalise-varjuga-kasvualale","15":"pa_oie-varv-roosa","16":"pa_oitsemise-aeg-august-oktoober","17":"pa_talvekindlus-keskmine","18":"pa_tingimused-niiske","19":"pa_tingimused-parasniiske","20":"pa_tsoon-5-9","21":"pa_valguse-tingimused-paike","22":"pa_valguse-tingimused-poolvari","23":"pa_variatsioon-suurem-pott","24":"pa_variatsioon-vaiksem-pott","26":"first","27":"instock","28":"purchasable","29":"product-type-variable"},"acf":[],"_links":{"self":[{"href":"https:\/\/dev.garden.ee\/en\/wp-json\/wp\/v2\/product\/6879","targetHints":{"allow":["GET"]}}],"collection":[{"href":"https:\/\/dev.garden.ee\/en\/wp-json\/wp\/v2\/product"}],"about":[{"href":"https:\/\/dev.garden.ee\/en\/wp-json\/wp\/v2\/types\/product"}],"wp:featuredmedia":[{"embeddable":true,"href":"https:\/\/dev.garden.ee\/en\/wp-json\/wp\/v2\/media\/25241"}],"wp:attachment":[{"href":"https:\/\/dev.garden.ee\/en\/wp-json\/wp\/v2\/media?parent=6879"}],"wp:term":[{"taxonomy":"product_brand","embeddable":true,"href":"https:\/\/dev.garden.ee\/en\/wp-json\/wp\/v2\/product_brand?post=6879"},{"taxonomy":"product_cat","embeddable":true,"href":"https:\/\/dev.garden.ee\/en\/wp-json\/wp\/v2\/product_cat?post=6879"},{"taxonomy":"product_tag","embeddable":true,"href":"https:\/\/dev.garden.ee\/en\/wp-json\/wp\/v2\/product_tag?post=6879"}],"curies":[{"name":"wp","href":"https:\/\/api.w.org\/{rel}","templated":true}]}}