{"id":6871,"date":"2023-01-18T17:53:28","date_gmt":"2023-01-18T15:53:28","guid":{"rendered":"https:\/\/dev.zezz.ee\/garden\/toode\/artemisia-vulgaris-cragg-barber-eye-uus\/"},"modified":"2026-02-17T00:20:13","modified_gmt":"2026-02-16T22:20:13","slug":"artemisia-vulgaris-cragg-barber-eye-uus","status":"publish","type":"product","link":"https:\/\/dev.garden.ee\/en\/product\/artemisia-vulgaris-cragg-barber-eye-uus\/","title":{"rendered":"Artemisia vulgaris &#8216;Cragg-Barber Eye&#8217;"},"content":{"rendered":"<input class=\"fooboxshare_post_id\" type=\"hidden\" value=\"6871\"\/>","protected":false},"excerpt":{"rendered":"<p>S\u00fcgavalt l\u00f5henenud lehtedega tihedaid puhmaid moodustav l\u00f5hnav puju sort, mis eristub enda intensiivrohelise ja huvitava mustriga lehestiku poolest. Punakaspruunid \u00f5ievarred on nurgelised ning loovad lehtedele \u00f5rnalt m\u00e4rgatava kontrasti. K\u00f5ige paremini kasvab keskmiselt viljakal, v\u00e4heniiskel kuni kuival pinnal. Armastab p\u00e4ikest, kuid talub ka osalist varju. Kiiresti risoomselt paljunev, seega h\u00f5lpsalt paljundatav.<\/p>","protected":false},"featured_media":6872,"template":"","meta":[],"product_brand":[],"product_cat":[4415,9200,4401,22],"product_tag":[],"class_list":{"0":"post-6871","1":"product","2":"type-product","3":"status-publish","4":"has-post-thumbnail","6":"product_cat-lilleaed","7":"product_cat-pinnakatjad","8":"product_cat-pusikud","9":"product_cat-taimed","10":"pa_haiguskindlus-vaga-hea","11":"pa_kasvukorgus-60-90-cm","12":"pa_laius-60-90-cm","13":"pa_lehestikuvarv-roheline","14":"pa_lehestikuvarv-kahevarviline","15":"pa_lehestikuvarv-kollane","16":"pa_lisainfo-dekoratiivne-lehestik","17":"pa_lisainfo-mesilaste-lemmik","18":"pa_lohn-lohnav","19":"pa_oie-varv-valge","20":"pa_oitsemise-aeg-august-september","21":"pa_tingimused-kuivema-poolsem","22":"pa_tingimused-parasniiske","23":"pa_tsoon-4-8","24":"pa_valguse-tingimused-paike","25":"pa_variatsioon-suurem-pott","26":"pa_variatsioon-vaiksem-pott","28":"first","29":"instock","30":"purchasable","31":"product-type-variable"},"acf":[],"_links":{"self":[{"href":"https:\/\/dev.garden.ee\/en\/wp-json\/wp\/v2\/product\/6871","targetHints":{"allow":["GET"]}}],"collection":[{"href":"https:\/\/dev.garden.ee\/en\/wp-json\/wp\/v2\/product"}],"about":[{"href":"https:\/\/dev.garden.ee\/en\/wp-json\/wp\/v2\/types\/product"}],"wp:featuredmedia":[{"embeddable":true,"href":"https:\/\/dev.garden.ee\/en\/wp-json\/wp\/v2\/media\/6872"}],"wp:attachment":[{"href":"https:\/\/dev.garden.ee\/en\/wp-json\/wp\/v2\/media?parent=6871"}],"wp:term":[{"taxonomy":"product_brand","embeddable":true,"href":"https:\/\/dev.garden.ee\/en\/wp-json\/wp\/v2\/product_brand?post=6871"},{"taxonomy":"product_cat","embeddable":true,"href":"https:\/\/dev.garden.ee\/en\/wp-json\/wp\/v2\/product_cat?post=6871"},{"taxonomy":"product_tag","embeddable":true,"href":"https:\/\/dev.garden.ee\/en\/wp-json\/wp\/v2\/product_tag?post=6871"}],"curies":[{"name":"wp","href":"https:\/\/api.w.org\/{rel}","templated":true}]}}