{"id":6865,"date":"2023-01-18T17:53:26","date_gmt":"2023-01-18T15:53:26","guid":{"rendered":"https:\/\/dev.zezz.ee\/garden\/toode\/echinacea-paradoxa-var-paradoxa\/"},"modified":"2026-02-22T21:15:23","modified_gmt":"2026-02-22T19:15:23","slug":"echinacea-paradoxa-var-paradoxa","status":"publish","type":"product","link":"https:\/\/dev.garden.ee\/en\/product\/echinacea-paradoxa-var-paradoxa\/","title":{"rendered":"Echinacea paradoxa var. paradoxa"},"content":{"rendered":"<input class=\"fooboxshare_post_id\" type=\"hidden\" value=\"6865\"\/>","protected":false},"excerpt":{"rendered":"<p>Pruuni, k\u00f5rgele ulatuva koonusja s\u00fcdamiku ja erakordselt kitsaste allapoole kaarduvate kroonlehtedega siilk\u00fcbar. Nimetuse saanud muidu lillasid varjundeid esindava liigi totaalselt kollase v\u00e4rvuse j\u00e4rgi. Lehed keskmiselt, kuni heledalt rohelised ja kitsad. Neist enamik p\u00fcsib maapinnatasandil. M\u00f5ni k\u00f5rgub \u00fcles m\u00f6\u00f6da \u00f5ievarsi. Tegemist on vastupidava sordiga, mille tugevad varred elavad \u00fcle nii tugevad vihmad kui tuuled. Pinnase suhtes erakordselt leplikud, kuigi optimaalseks peetakse siiski parasniisket ja hea drenaa\u017eiga mulda. \u00d5itsemise kauemaks kestmiseks noppida \u00e4ra \u00f5itsenud \u00f5ied. K\u00fclmakindel.<\/p>","protected":false},"featured_media":22954,"template":"","meta":[],"product_brand":[],"product_cat":[4415,4413,6934,4401,22],"product_tag":[],"class_list":{"0":"post-6865","1":"product","2":"type-product","3":"status-publish","4":"has-post-thumbnail","6":"product_cat-lilleaed","7":"product_cat-loikelilleaed","8":"product_cat-mesilassobralik-aed","9":"product_cat-pusikud","10":"product_cat-taimed","11":"pa_kasvukorgus-80-100-cm","12":"pa_laius-50-80-cm","13":"pa_lisainfo-mesilaste-lemmik","14":"pa_lisainfo-sobib-loikelilleks","15":"pa_lisainfo-talub-ka-tuulisemat-kasvukohta","16":"pa_oie-varv-kollane","17":"pa_oitsemise-aeg-juuni-august","18":"pa_talvekindlus-vaga-hea","19":"pa_tingimused-hea-drenaaz","20":"pa_tingimused-keskmiselt-viljakas","21":"pa_tingimused-niiske","22":"pa_tingimused-parasniiske","23":"pa_valguse-tingimused-paike","24":"pa_variatsioon-suurem-pott","25":"pa_variatsioon-vaiksem-pott","27":"first","28":"instock","29":"purchasable","30":"product-type-variable"},"acf":[],"_links":{"self":[{"href":"https:\/\/dev.garden.ee\/en\/wp-json\/wp\/v2\/product\/6865","targetHints":{"allow":["GET"]}}],"collection":[{"href":"https:\/\/dev.garden.ee\/en\/wp-json\/wp\/v2\/product"}],"about":[{"href":"https:\/\/dev.garden.ee\/en\/wp-json\/wp\/v2\/types\/product"}],"wp:featuredmedia":[{"embeddable":true,"href":"https:\/\/dev.garden.ee\/en\/wp-json\/wp\/v2\/media\/22954"}],"wp:attachment":[{"href":"https:\/\/dev.garden.ee\/en\/wp-json\/wp\/v2\/media?parent=6865"}],"wp:term":[{"taxonomy":"product_brand","embeddable":true,"href":"https:\/\/dev.garden.ee\/en\/wp-json\/wp\/v2\/product_brand?post=6865"},{"taxonomy":"product_cat","embeddable":true,"href":"https:\/\/dev.garden.ee\/en\/wp-json\/wp\/v2\/product_cat?post=6865"},{"taxonomy":"product_tag","embeddable":true,"href":"https:\/\/dev.garden.ee\/en\/wp-json\/wp\/v2\/product_tag?post=6865"}],"curies":[{"name":"wp","href":"https:\/\/api.w.org\/{rel}","templated":true}]}}