{"id":6853,"date":"2023-01-18T17:53:18","date_gmt":"2023-01-18T15:53:18","guid":{"rendered":"https:\/\/dev.zezz.ee\/garden\/toode\/delphinium-magic-fountains-sky-blue-white-bee\/"},"modified":"2026-02-20T19:43:34","modified_gmt":"2026-02-20T17:43:34","slug":"delphinium-magic-fountains-sky-blue-white-bee","status":"publish","type":"product","link":"https:\/\/dev.garden.ee\/en\/product\/delphinium-magic-fountains-sky-blue-white-bee\/","title":{"rendered":"Delphinium &#8216;Magic Fountains Sky Blue \/ White Bee&#8217;"},"content":{"rendered":"<input class=\"fooboxshare_post_id\" type=\"hidden\" value=\"6853\"\/>","protected":false},"excerpt":{"rendered":"<p>Keskmise suurusega kukekannuse sort, mis kannab suve jooksul siniseid, keskelt valge s\u00fcdamikuga \u00f5isi. S\u00fcgavalt l\u00f5hised\u00a0 lehed moodustavad mitte eriti tiheda puhma. P\u00f5uda taluv, kuid paremaks kasvuks siiski keskmiselt niisket pinnast armastav.<\/p>\n<p>Kevadeti soovitatav turgutada fosforirikaste v\u00e4etistega. \u00d5itsemise l\u00f5ppedes \u00f5ievarte tagasil\u00f5ikamine tagab teistkordse \u00f5itsemise s\u00fcgisel.<\/p>\n<p>K\u00f5ik taimeosad on m\u00fcrgised.<\/p>","protected":false},"featured_media":6854,"template":"","meta":[],"product_brand":[],"product_cat":[4415,4413,4401,22],"product_tag":[],"class_list":{"0":"post-6853","1":"product","2":"type-product","3":"status-publish","4":"has-post-thumbnail","6":"product_cat-lilleaed","7":"product_cat-loikelilleaed","8":"product_cat-pusikud","9":"product_cat-taimed","10":"pa_kasvukorgus-90-100-cm","11":"pa_laius-35-40-cm","12":"pa_lisainfo-murgine","13":"pa_lisainfo-talub-pouda","14":"pa_lisainfo-vajab-tuulte-eest-varju","15":"pa_oie-varv-sinine","16":"pa_oitsemise-aeg-juuni-august","17":"pa_tingimused-keskmise-viljakusega","18":"pa_tingimused-niiske","19":"pa_tsoon-2-9","20":"pa_valguse-tingimused-paike","21":"pa_variatsioon-suurem-pott","22":"pa_variatsioon-vaiksem-pott","24":"first","25":"onbackorder","26":"purchasable","27":"product-type-variable"},"acf":[],"_links":{"self":[{"href":"https:\/\/dev.garden.ee\/en\/wp-json\/wp\/v2\/product\/6853","targetHints":{"allow":["GET"]}}],"collection":[{"href":"https:\/\/dev.garden.ee\/en\/wp-json\/wp\/v2\/product"}],"about":[{"href":"https:\/\/dev.garden.ee\/en\/wp-json\/wp\/v2\/types\/product"}],"wp:featuredmedia":[{"embeddable":true,"href":"https:\/\/dev.garden.ee\/en\/wp-json\/wp\/v2\/media\/6854"}],"wp:attachment":[{"href":"https:\/\/dev.garden.ee\/en\/wp-json\/wp\/v2\/media?parent=6853"}],"wp:term":[{"taxonomy":"product_brand","embeddable":true,"href":"https:\/\/dev.garden.ee\/en\/wp-json\/wp\/v2\/product_brand?post=6853"},{"taxonomy":"product_cat","embeddable":true,"href":"https:\/\/dev.garden.ee\/en\/wp-json\/wp\/v2\/product_cat?post=6853"},{"taxonomy":"product_tag","embeddable":true,"href":"https:\/\/dev.garden.ee\/en\/wp-json\/wp\/v2\/product_tag?post=6853"}],"curies":[{"name":"wp","href":"https:\/\/api.w.org\/{rel}","templated":true}]}}