{"id":682,"date":"2023-01-18T16:37:15","date_gmt":"2023-01-18T14:37:15","guid":{"rendered":"https:\/\/dev.zezz.ee\/garden\/toode\/schone-vom-see\/"},"modified":"2026-02-09T12:02:41","modified_gmt":"2026-02-09T10:02:41","slug":"schone-vom-see","status":"publish","type":"product","link":"https:\/\/dev.garden.ee\/en\/product\/schone-vom-see\/","title":{"rendered":"Sch\u00f6ne vom See\u00ae"},"content":{"rendered":"<input class=\"fooboxshare_post_id\" type=\"hidden\" value=\"682\"\/>","protected":false},"excerpt":{"rendered":"<p>V\u00e4ga intensiivse v\u00e4rviga palju\u00f5ieline roos mis \u00f5itseb j\u00e4rjepidevalt isegi ilma l\u00f5ikamiseta. Keskmise suurusega (7-9 cm) t\u00e4idetud \u00f5ied on aprikoosioran\u017ei v\u00e4rvi ja pleegivad hiljem heleroosakaks ja nii tekib suurep\u00e4rane mitmev\u00e4rviline, atraktiivne \u00f5itemeri.<\/p>\n<p>Massina istutades v\u00e4ga efektne!<\/p>\n<p>Nime saanud Baumschule W\u00f6rleini 1000. aastap\u00e4eva auks, mis asub Ammersees.<\/p>\n<p>Rahvusvahelistel v\u00f5istlustel\u00a0kuld- ja h\u00f5bemedaliga p\u00e4rjatud.<\/p>","protected":false},"featured_media":496,"template":"","meta":[],"product_brand":[],"product_cat":[9637,4415,4416,4402,22],"product_tag":[],"class_list":{"0":"post-682","1":"product","2":"type-product","3":"status-publish","4":"has-post-thumbnail","6":"product_cat-istutuskast","7":"product_cat-lilleaed","8":"product_cat-roosiaed","9":"product_cat-roosid","10":"product_cat-taimed","11":"pa_aretus-w-kordes-sohne","12":"pa_avalikustamisaasta-saksamaa-2013","13":"pa_haiguskindlus-hea","14":"pa_kasvukorgus-80-cm","15":"pa_kollektsioon-fairy-tale","16":"pa_laius-50-cm","17":"pa_lisainfo-sobilik-istutuskasti-jaoks","18":"pa_lisainfo-sobib-osalise-varjuga-kasvualale","19":"pa_lohn-orn","20":"pa_oie-suurus-keskmine","21":"pa_oie-varv-aprikoos","22":"pa_oie-varv-oranz","23":"pa_oietuup-taidisois","24":"pa_oitsemine-korduvalt-oitsev","25":"pa_sort-floribund-ehk-paljuoieline-roos","26":"pa_taimede-arvestus-ruutmeetri-9219","27":"pa_talvekindlus-vaga-hea","28":"pa_variatsioon-potis-2l-kevadel","29":"pa_variatsioon-potis-4-6l","31":"first","32":"outofstock","33":"purchasable","34":"product-type-variable"},"acf":[],"_links":{"self":[{"href":"https:\/\/dev.garden.ee\/en\/wp-json\/wp\/v2\/product\/682","targetHints":{"allow":["GET"]}}],"collection":[{"href":"https:\/\/dev.garden.ee\/en\/wp-json\/wp\/v2\/product"}],"about":[{"href":"https:\/\/dev.garden.ee\/en\/wp-json\/wp\/v2\/types\/product"}],"wp:featuredmedia":[{"embeddable":true,"href":"https:\/\/dev.garden.ee\/en\/wp-json\/wp\/v2\/media\/496"}],"wp:attachment":[{"href":"https:\/\/dev.garden.ee\/en\/wp-json\/wp\/v2\/media?parent=682"}],"wp:term":[{"taxonomy":"product_brand","embeddable":true,"href":"https:\/\/dev.garden.ee\/en\/wp-json\/wp\/v2\/product_brand?post=682"},{"taxonomy":"product_cat","embeddable":true,"href":"https:\/\/dev.garden.ee\/en\/wp-json\/wp\/v2\/product_cat?post=682"},{"taxonomy":"product_tag","embeddable":true,"href":"https:\/\/dev.garden.ee\/en\/wp-json\/wp\/v2\/product_tag?post=682"}],"curies":[{"name":"wp","href":"https:\/\/api.w.org\/{rel}","templated":true}]}}