{"id":6814,"date":"2023-01-18T17:52:56","date_gmt":"2023-01-18T15:52:56","guid":{"rendered":"https:\/\/dev.zezz.ee\/garden\/toode\/carex-pensylvanica\/"},"modified":"2026-02-19T10:29:24","modified_gmt":"2026-02-19T08:29:24","slug":"carex-pensylvanica","status":"publish","type":"product","link":"https:\/\/dev.garden.ee\/en\/product\/carex-pensylvanica\/","title":{"rendered":"Carex pensylvanica"},"content":{"rendered":"<input class=\"fooboxshare_post_id\" type=\"hidden\" value=\"6814\"\/>","protected":false},"excerpt":{"rendered":"<p>Looduslikult P\u00f5hja-Ameerika kesk- ja idaosades esinev taim. Kasvab harali paiknevate kolooniatena, veidi roomavas vormis, tammikute all.\u00a0Peened kitsad lehed moodustavad \u00f5hulise puhma, mille kohale sirguvad suvel \u00f5itsemist alustavad \u00f5isikupead.\u00a0Erinevalt enamikest tarnadest, eelistab kasvamiseks hea drenaa\u017eiga, kuivemapoolset v\u00e4heviljakat pinnast. Enim eelistab poolvarjulist kasvukohta. Paljuneb risoomiga. Pehmete talvede korral p\u00fcsib igihaljana.<\/p>","protected":false},"featured_media":6815,"template":"","meta":[],"product_brand":[],"product_cat":[4400,4401,4412,22],"product_tag":[],"class_list":{"0":"post-6814","1":"product","2":"type-product","3":"status-publish","4":"has-post-thumbnail","6":"product_cat-korrelised","7":"product_cat-pusikud","8":"product_cat-varjuaed","9":"product_cat-taimed","10":"pa_kasvukorgus-10-20-cm","11":"pa_laius-20-30-cm","12":"pa_lisainfo-sobib-osalise-varjuga-kasvualale","13":"pa_oie-varv-roheline","14":"pa_oitsemise-aeg-juuni","15":"pa_tingimused-hea-drenaaz","16":"pa_tingimused-kuivema-poolsem","17":"pa_tingimused-parasniiske","18":"pa_tsoon-3-8","19":"pa_valguse-tingimused-poolvari","20":"pa_valguse-tingimused-vari","21":"pa_variatsioon-suurem-pott","22":"pa_variatsioon-vaiksem-pott","24":"first","25":"instock","26":"purchasable","27":"product-type-variable"},"acf":[],"_links":{"self":[{"href":"https:\/\/dev.garden.ee\/en\/wp-json\/wp\/v2\/product\/6814","targetHints":{"allow":["GET"]}}],"collection":[{"href":"https:\/\/dev.garden.ee\/en\/wp-json\/wp\/v2\/product"}],"about":[{"href":"https:\/\/dev.garden.ee\/en\/wp-json\/wp\/v2\/types\/product"}],"wp:featuredmedia":[{"embeddable":true,"href":"https:\/\/dev.garden.ee\/en\/wp-json\/wp\/v2\/media\/6815"}],"wp:attachment":[{"href":"https:\/\/dev.garden.ee\/en\/wp-json\/wp\/v2\/media?parent=6814"}],"wp:term":[{"taxonomy":"product_brand","embeddable":true,"href":"https:\/\/dev.garden.ee\/en\/wp-json\/wp\/v2\/product_brand?post=6814"},{"taxonomy":"product_cat","embeddable":true,"href":"https:\/\/dev.garden.ee\/en\/wp-json\/wp\/v2\/product_cat?post=6814"},{"taxonomy":"product_tag","embeddable":true,"href":"https:\/\/dev.garden.ee\/en\/wp-json\/wp\/v2\/product_tag?post=6814"}],"curies":[{"name":"wp","href":"https:\/\/api.w.org\/{rel}","templated":true}]}}