{"id":6797,"date":"2023-01-18T17:52:47","date_gmt":"2023-01-18T15:52:47","guid":{"rendered":"https:\/\/dev.zezz.ee\/garden\/toode\/asphodeline-lutea\/"},"modified":"2026-02-18T09:44:51","modified_gmt":"2026-02-18T07:44:51","slug":"asphodeline-lutea","status":"publish","type":"product","link":"https:\/\/dev.garden.ee\/en\/product\/asphodeline-lutea\/","title":{"rendered":"Asphodeline lutea"},"content":{"rendered":"<input class=\"fooboxshare_post_id\" type=\"hidden\" value=\"6797\"\/>","protected":false},"excerpt":{"rendered":"<p>Vahemeremaadest p\u00e4rit, v\u00f5\u00f5rsil ka surnute lilleks v\u00f5i kuninga odaks nimetatud parukliilia on nii lehestiku kui ka \u00f5ite poolest dekoratiivne valik. Peente, kitsaste, niitjate lehtedega sinakasrohelistest leheklumpidest t\u00f5usevad p\u00fcstised, kohati pooleteise meetri k\u00f5rguseni ulatuvad \u00f5ievarred kollast v\u00e4rvi t\u00f5rvikulaadsete \u00f5isikutega. \u00d5ied asetuvad varte tippudel tihedalt, on l\u00f5hnavad ja keskmiselt 3 cm l\u00e4bim\u00f5\u00f5duga. Neist moodustuvad hiljem pruuni v\u00e4rvi seemnekobarad, mida v\u00f5ib s\u00e4ilitada s\u00fcgisese dekoratiivsuse eesm\u00e4rgil. Armastavad sooja ja p\u00e4ikeselist kasvukohta. Ei talu rasket ning liigselt niiskust kinni pidavat mulda. Hea taim massistutusteks ja gruppidesse. Sobib h\u00e4sti looduslikku aeda.<\/p>","protected":false},"featured_media":6798,"template":"","meta":[],"product_brand":[],"product_cat":[4407,4415,4414,9650,4401,22],"product_tag":[],"class_list":{"0":"post-6797","1":"product","2":"type-product","3":"status-publish","4":"has-post-thumbnail","6":"product_cat-aasad","7":"product_cat-lilleaed","8":"product_cat-lohnaaed","9":"product_cat-looduslik-aed","10":"product_cat-pusikud","11":"product_cat-taimed","12":"pa_haiguskindlus-hea","13":"pa_kasvukorgus-90-120-cm","14":"pa_laius-30-60-cm","15":"pa_lisainfo-pilgupuudja","16":"pa_lohn-lohnav","17":"pa_oie-varv-kollane","18":"pa_oitsemise-aeg-juuni-juuli","19":"pa_tingimused-hea-drenaaz","20":"pa_tingimused-liivane","21":"pa_tingimused-viljakas","22":"pa_tsoon-6-9","23":"pa_valguse-tingimused-paike","24":"pa_variatsioon-suurem-pott","25":"pa_variatsioon-vaiksem-pott","27":"first","28":"onbackorder","29":"purchasable","30":"product-type-variable"},"acf":[],"_links":{"self":[{"href":"https:\/\/dev.garden.ee\/en\/wp-json\/wp\/v2\/product\/6797","targetHints":{"allow":["GET"]}}],"collection":[{"href":"https:\/\/dev.garden.ee\/en\/wp-json\/wp\/v2\/product"}],"about":[{"href":"https:\/\/dev.garden.ee\/en\/wp-json\/wp\/v2\/types\/product"}],"wp:featuredmedia":[{"embeddable":true,"href":"https:\/\/dev.garden.ee\/en\/wp-json\/wp\/v2\/media\/6798"}],"wp:attachment":[{"href":"https:\/\/dev.garden.ee\/en\/wp-json\/wp\/v2\/media?parent=6797"}],"wp:term":[{"taxonomy":"product_brand","embeddable":true,"href":"https:\/\/dev.garden.ee\/en\/wp-json\/wp\/v2\/product_brand?post=6797"},{"taxonomy":"product_cat","embeddable":true,"href":"https:\/\/dev.garden.ee\/en\/wp-json\/wp\/v2\/product_cat?post=6797"},{"taxonomy":"product_tag","embeddable":true,"href":"https:\/\/dev.garden.ee\/en\/wp-json\/wp\/v2\/product_tag?post=6797"}],"curies":[{"name":"wp","href":"https:\/\/api.w.org\/{rel}","templated":true}]}}