{"id":6793,"date":"2023-01-18T17:52:44","date_gmt":"2023-01-18T15:52:44","guid":{"rendered":"https:\/\/dev.zezz.ee\/garden\/toode\/konigin-marie-uudis\/"},"modified":"2026-02-10T12:28:40","modified_gmt":"2026-02-10T10:28:40","slug":"konigin-marie","status":"publish","type":"product","link":"https:\/\/dev.garden.ee\/en\/product\/konigin-marie\/","title":{"rendered":"K\u00f6nigin Marie"},"content":{"rendered":"<input class=\"fooboxshare_post_id\" type=\"hidden\" value=\"6793\"\/>","protected":false},"excerpt":{"rendered":"<p>Suurte (8-10cm) s\u00e4ravalt roosade t\u00e4idis\u00f5itega sort, millel puuviljane ja tugev aroom. P\u00fcstine p\u00f5\u00f5sas, heledamat tooni l\u00e4ikivate lehtedega. Suurep\u00e4rase haiguskindlusega!<\/p>\n<p>Teeh\u00fcbriidroosi &#8216;Carmen W\u00fcrth&#8217; (ADR 2018) roosa v\u00e4rvimutatsioon.<\/p>","protected":false},"featured_media":25173,"template":"","meta":[],"product_brand":[],"product_cat":[4414,4413,4416,4402,22],"product_tag":[],"class_list":{"0":"post-6793","1":"product","2":"type-product","3":"status-publish","4":"has-post-thumbnail","6":"product_cat-lohnaaed","7":"product_cat-loikelilleaed","8":"product_cat-roosiaed","9":"product_cat-roosid","10":"product_cat-taimed","11":"pa_aretus-w-kordes-sohne","12":"pa_avalikustamisaasta-saksamaa-2020","13":"pa_haiguskindlus-vaga-hea","14":"pa_kasvukorgus-70-90-cm","15":"pa_kollektsioon-parfuma","16":"pa_laius-40-cm","17":"pa_lisainfo-sobib-lohnaaeda","18":"pa_lisainfo-sobib-loikelilleks","19":"pa_lohn-intensiivne","20":"pa_lohn-puuviljane","21":"pa_lohn-vaga-tugev","22":"pa_oie-suurus-suur","23":"pa_oie-varv-roosa","24":"pa_oietuup-taidisois","25":"pa_oitsemine-korduvalt-oitsev","26":"pa_sort-teehubriidroos","27":"pa_taimede-arvestus-ruutmeetri-9218","28":"pa_talvekindlus-vaga-hea","29":"pa_variatsioon-potis-2l-kevadel","30":"pa_variatsioon-potis-4-6l","32":"first","33":"outofstock","34":"purchasable","35":"product-type-variable"},"acf":[],"_links":{"self":[{"href":"https:\/\/dev.garden.ee\/en\/wp-json\/wp\/v2\/product\/6793","targetHints":{"allow":["GET"]}}],"collection":[{"href":"https:\/\/dev.garden.ee\/en\/wp-json\/wp\/v2\/product"}],"about":[{"href":"https:\/\/dev.garden.ee\/en\/wp-json\/wp\/v2\/types\/product"}],"wp:featuredmedia":[{"embeddable":true,"href":"https:\/\/dev.garden.ee\/en\/wp-json\/wp\/v2\/media\/25173"}],"wp:attachment":[{"href":"https:\/\/dev.garden.ee\/en\/wp-json\/wp\/v2\/media?parent=6793"}],"wp:term":[{"taxonomy":"product_brand","embeddable":true,"href":"https:\/\/dev.garden.ee\/en\/wp-json\/wp\/v2\/product_brand?post=6793"},{"taxonomy":"product_cat","embeddable":true,"href":"https:\/\/dev.garden.ee\/en\/wp-json\/wp\/v2\/product_cat?post=6793"},{"taxonomy":"product_tag","embeddable":true,"href":"https:\/\/dev.garden.ee\/en\/wp-json\/wp\/v2\/product_tag?post=6793"}],"curies":[{"name":"wp","href":"https:\/\/api.w.org\/{rel}","templated":true}]}}