{"id":6768,"date":"2023-01-18T17:52:31","date_gmt":"2023-01-18T15:52:31","guid":{"rendered":"https:\/\/dev.zezz.ee\/garden\/toode\/epimedium-ssp-spine-tingler\/"},"modified":"2026-02-23T15:31:57","modified_gmt":"2026-02-23T13:31:57","slug":"epimedium-ssp-spine-tingler","status":"publish","type":"product","link":"https:\/\/dev.garden.ee\/en\/product\/epimedium-ssp-spine-tingler\/","title":{"rendered":"Epimedium &#8216;Spine Tingler&#8217;"},"content":{"rendered":"<input class=\"fooboxshare_post_id\" type=\"hidden\" value=\"6768\"\/>","protected":false},"excerpt":{"rendered":"<p>Hea pinnakattetaim n\u00e4iteks puude ning p\u00f5\u00f5saste alla varjulisemasse kohta. Risoomikate juurtega, suhteliselt aeglase kasvuga, aga v\u00e4rvik\u00fcllase lehestikuga. Noored kevadised lehed on vasekarva, suvel pakub taim rohelist lehestikku, mis s\u00fcgise tulekuga muutub aga imekaunilt tumepunaseks. Lehed on kitsad, nahkjad, okkalise \u00e4\u00e4rega. V\u00e4ikesed, t\u00e4hekujulised kollased \u00f5ied ilmuvad kevadel lehepuhmiku vahelt.\u00a0Epimeediumil kulub paar aastat enne kui ta saavutab oma t\u00e4iskasvanud taime m\u00f5\u00f5dud. Tegemist on aga v\u00e4ga pikaealise ning vastupidava taimega. N\u00e4iteks t\u00e4iskasvanud taim saab hakkama ka p\u00f5uastest tingimustes. Parima lehestiku saamiseks tuleks kevadel enne uue lehestiku tulekut vanem maha l\u00f5igata. Taime v\u00f5ib jagada varakevadel v\u00f5i hilissuvel. Suurep\u00e4rane pinnakatja varjulistel aladel, metsa-aias, metsastel istutusaladel, metsapargis.\u00a0 Sobib kasvatada ka kiviktaimlates ja alpi-aedades, sellisel juhul varjulisemas osas. Mullastiku suhtes leplik taim.<\/p>","protected":false},"featured_media":6769,"template":"","meta":[],"product_brand":[],"product_cat":[4406,9200,4401,4412,22],"product_tag":[9209],"class_list":{"0":"post-6768","1":"product","2":"type-product","3":"status-publish","4":"has-post-thumbnail","6":"product_cat-park","7":"product_cat-pinnakatjad","8":"product_cat-pusikud","9":"product_cat-varjuaed","10":"product_cat-taimed","11":"product_tag-rhs-award-of-garden-merit","12":"pa_haiguskindlus-vaga-hea","13":"pa_kasvukorgus-30-cm","14":"pa_laius-30-cm","15":"pa_lisainfo-hea-pinnakatja","16":"pa_lisainfo-talub-juurekonkurentsi","17":"pa_lisainfo-talub-kuiva-varjulisemat-kasvukohta","18":"pa_oie-varv-kollane","19":"pa_oitsemise-aeg-aprill-mai","20":"pa_talvekindlus-vaga-hea","21":"pa_tingimused-hea-drenaaz","22":"pa_tsoon-5-8","23":"pa_valguse-tingimused-poolvari","24":"pa_valguse-tingimused-vari","25":"pa_variatsioon-suurem-pott","26":"pa_variatsioon-vaiksem-pott","28":"first","29":"instock","30":"purchasable","31":"product-type-variable"},"acf":[],"_links":{"self":[{"href":"https:\/\/dev.garden.ee\/en\/wp-json\/wp\/v2\/product\/6768","targetHints":{"allow":["GET"]}}],"collection":[{"href":"https:\/\/dev.garden.ee\/en\/wp-json\/wp\/v2\/product"}],"about":[{"href":"https:\/\/dev.garden.ee\/en\/wp-json\/wp\/v2\/types\/product"}],"wp:featuredmedia":[{"embeddable":true,"href":"https:\/\/dev.garden.ee\/en\/wp-json\/wp\/v2\/media\/6769"}],"wp:attachment":[{"href":"https:\/\/dev.garden.ee\/en\/wp-json\/wp\/v2\/media?parent=6768"}],"wp:term":[{"taxonomy":"product_brand","embeddable":true,"href":"https:\/\/dev.garden.ee\/en\/wp-json\/wp\/v2\/product_brand?post=6768"},{"taxonomy":"product_cat","embeddable":true,"href":"https:\/\/dev.garden.ee\/en\/wp-json\/wp\/v2\/product_cat?post=6768"},{"taxonomy":"product_tag","embeddable":true,"href":"https:\/\/dev.garden.ee\/en\/wp-json\/wp\/v2\/product_tag?post=6768"}],"curies":[{"name":"wp","href":"https:\/\/api.w.org\/{rel}","templated":true}]}}