{"id":6762,"date":"2023-01-18T17:52:27","date_gmt":"2023-01-18T15:52:27","guid":{"rendered":"https:\/\/dev.zezz.ee\/garden\/toode\/deutzia-yuki-cherry-blossom\/"},"modified":"2023-03-20T14:24:36","modified_gmt":"2023-03-20T12:24:36","slug":"deutzia-yuki-cherry-blossom","status":"publish","type":"product","link":"https:\/\/dev.garden.ee\/en\/product\/deutzia-yuki-cherry-blossom\/","title":{"rendered":"Deutzia &#8216;Yuki Cherry Blossom&#8217;"},"content":{"rendered":"<input class=\"fooboxshare_post_id\" type=\"hidden\" value=\"6762\"\/>","protected":false},"excerpt":{"rendered":"<p>Pikalt aretatud suurep\u00e4rane deutsia sort. Kaunid, \u00f5rnalt roosad kirsi\u00f5ietaolised nupud t\u00e4rkavad hiliskevadel ja \u00f5itsevad kogu hooaja v\u00e4ltel. P\u00f5\u00f5sas on kompaktne, madal ja tihe. Suurep\u00e4rane valik roheliste p\u00fcsikute peenrasse, teede \u00e4\u00e4ristuseks kui ka kiviktaimlasse. S\u00fcgisel muutuvad v\u00e4ikese p\u00f5\u00f5sa lehed purpurseks, lisades huvitava n\u00fcansi rohelusse. \u00d5itseb eelmise aasta v\u00f5rsetel. Vormip\u00fcgamist eriti ei vaja.<\/p>","protected":false},"featured_media":6763,"template":"","meta":[],"product_brand":[],"product_cat":[4403,4406,9200,4396,4408,4412,22],"product_tag":[],"class_list":{"0":"post-6762","1":"product","2":"type-product","3":"status-publish","4":"has-post-thumbnail","6":"product_cat-kodu","7":"product_cat-park","8":"product_cat-pinnakatjad","9":"product_cat-puud-ja-poosad","10":"product_cat-vaike-aed","11":"product_cat-varjuaed","12":"product_cat-taimed","13":"pa_moodud-k-60-cm-l-50-cm","14":"pa_muugisuurus-h-25-30-cm","15":"pa_oie-varv-roosa","16":"pa_oitsemise-aeg-mai-juuni","17":"pa_talvekindlus-hea","18":"pa_tsoon-5-8","19":"pa_variatsioon-poosas-h-30-40-cm","21":"first","22":"instock","23":"taxable","24":"shipping-taxable","25":"purchasable","26":"product-type-variable"},"acf":[],"_links":{"self":[{"href":"https:\/\/dev.garden.ee\/en\/wp-json\/wp\/v2\/product\/6762","targetHints":{"allow":["GET"]}}],"collection":[{"href":"https:\/\/dev.garden.ee\/en\/wp-json\/wp\/v2\/product"}],"about":[{"href":"https:\/\/dev.garden.ee\/en\/wp-json\/wp\/v2\/types\/product"}],"wp:featuredmedia":[{"embeddable":true,"href":"https:\/\/dev.garden.ee\/en\/wp-json\/wp\/v2\/media\/6763"}],"wp:attachment":[{"href":"https:\/\/dev.garden.ee\/en\/wp-json\/wp\/v2\/media?parent=6762"}],"wp:term":[{"taxonomy":"product_brand","embeddable":true,"href":"https:\/\/dev.garden.ee\/en\/wp-json\/wp\/v2\/product_brand?post=6762"},{"taxonomy":"product_cat","embeddable":true,"href":"https:\/\/dev.garden.ee\/en\/wp-json\/wp\/v2\/product_cat?post=6762"},{"taxonomy":"product_tag","embeddable":true,"href":"https:\/\/dev.garden.ee\/en\/wp-json\/wp\/v2\/product_tag?post=6762"}],"curies":[{"name":"wp","href":"https:\/\/api.w.org\/{rel}","templated":true}]}}