{"id":676,"date":"2023-01-18T16:37:12","date_gmt":"2023-01-18T14:37:12","guid":{"rendered":"https:\/\/dev.zezz.ee\/garden\/toode\/acorus-gramineus-argenteostriatus\/"},"modified":"2026-02-13T14:33:14","modified_gmt":"2026-02-13T12:33:14","slug":"acorus-gramineus-argenteostriatus","status":"publish","type":"product","link":"https:\/\/dev.garden.ee\/en\/product\/acorus-gramineus-argenteostriatus\/","title":{"rendered":"Acorus gramineus &#8216;Argenteostriatus&#8217;"},"content":{"rendered":"<input class=\"fooboxshare_post_id\" type=\"hidden\" value=\"676\"\/>","protected":false},"excerpt":{"rendered":"<p>V\u00e4ga dekoratiivne, Jaapanist p\u00e4rit k\u00f5rreliselaadne p\u00fcsik. Peenikeste, tumerohelise- ja kreemvalge-triibuliste lehtedega, mis kasvavad elegantse lehvikuna ja on pooleldi igihaljad. Sobib nii tiigi kaldale v\u00f5i madalasse vette, kui ka p\u00fcsikupeenrasse, mis on piisavalt rikkaliku ja parajalt niiske mullaga. Kiire levikuga, kuid pole agressivne. Taim on m\u00fcrgine! Taim on peamiselt kasutust leidnud just t\u00e4nu oma kaunile lehestikule, \u00f5ied on selle k\u00f5rval ebaolulised.<\/p>","protected":false},"featured_media":22931,"template":"","meta":[],"product_brand":[],"product_cat":[4415,9200,4401,4409,22],"product_tag":[9626],"class_list":{"0":"post-676","1":"product","2":"type-product","3":"status-publish","4":"has-post-thumbnail","6":"product_cat-lilleaed","7":"product_cat-pinnakatjad","8":"product_cat-pusikud","9":"product_cat-tiigiaed","10":"product_cat-taimed","11":"product_tag-soodushind-70","12":"pa_haiguskindlus-hea","13":"pa_lisainfo-murgine","14":"pa_moodud-k-20-30-cm","15":"pa_moodud-l-30-cm","16":"pa_talvekindlus-hea","17":"pa_tingimused-madal-vesi","18":"pa_tingimused-niiske","19":"pa_tingimused-parasniiske","20":"pa_tsoon-z-5-9","21":"pa_valguse-tingimused-paike","22":"pa_valguse-tingimused-poolvari","23":"pa_variatsioon-suurem-pott","24":"pa_variatsioon-suurem-pott-soodushind-70","25":"pa_variatsioon-vaiksem-pott","27":"first","28":"instock","29":"sale","30":"purchasable","31":"product-type-variable"},"acf":[],"_links":{"self":[{"href":"https:\/\/dev.garden.ee\/en\/wp-json\/wp\/v2\/product\/676","targetHints":{"allow":["GET"]}}],"collection":[{"href":"https:\/\/dev.garden.ee\/en\/wp-json\/wp\/v2\/product"}],"about":[{"href":"https:\/\/dev.garden.ee\/en\/wp-json\/wp\/v2\/types\/product"}],"wp:featuredmedia":[{"embeddable":true,"href":"https:\/\/dev.garden.ee\/en\/wp-json\/wp\/v2\/media\/22931"}],"wp:attachment":[{"href":"https:\/\/dev.garden.ee\/en\/wp-json\/wp\/v2\/media?parent=676"}],"wp:term":[{"taxonomy":"product_brand","embeddable":true,"href":"https:\/\/dev.garden.ee\/en\/wp-json\/wp\/v2\/product_brand?post=676"},{"taxonomy":"product_cat","embeddable":true,"href":"https:\/\/dev.garden.ee\/en\/wp-json\/wp\/v2\/product_cat?post=676"},{"taxonomy":"product_tag","embeddable":true,"href":"https:\/\/dev.garden.ee\/en\/wp-json\/wp\/v2\/product_tag?post=676"}],"curies":[{"name":"wp","href":"https:\/\/api.w.org\/{rel}","templated":true}]}}