{"id":6736,"date":"2023-01-18T17:52:12","date_gmt":"2023-01-18T15:52:12","guid":{"rendered":"https:\/\/dev.zezz.ee\/garden\/toode\/aesculus-carnea-briottii\/"},"modified":"2023-03-03T11:47:37","modified_gmt":"2023-03-03T09:47:37","slug":"aesculus-carnea-briottii","status":"publish","type":"product","link":"https:\/\/dev.garden.ee\/en\/product\/aesculus-carnea-briottii\/","title":{"rendered":"Aesculus carnea &#8216;Briottii&#8217;"},"content":{"rendered":"<input class=\"fooboxshare_post_id\" type=\"hidden\" value=\"6736\"\/>","protected":false},"excerpt":{"rendered":"<p>Kompakne v\u00e4iksem puu, \u00fcmara v\u00f5raga. Juurdekasv umbes 25 cm aastas. Nime on saanud kaunite suurte (kuni 25 cm) punakas-roosade koonuseliste \u00f5isikute j\u00e4rgi. \u00d5itseisperiood on kevadel, mais ja kestab 15-25 p\u00e4eva, alates 10. puu eluaastast. Lehed suured (kuni 15 cm) tume-rohelised, l\u00e4ikivad. S\u00fcgisel muutuvad lehed kollaseks ning \u00f5ite asemel valmivad viljad kastanile omases okkalises rohelises kestas.<\/p>\n<p>Puule sobib toitainerikas, hea drenaa\u017eiga, niiskem muld. V\u00e4ltida tuleks kuiva, tihedat v\u00f5i liivast pinda. Kuigi puu saab hakkama vajus, eelistab ta siiski p\u00e4ikeselist kohta.<\/p>","protected":false},"featured_media":6737,"template":"","meta":[],"product_brand":[],"product_cat":[4403,4406,4396,22],"product_tag":[],"class_list":{"0":"post-6736","1":"product","2":"type-product","3":"status-publish","4":"has-post-thumbnail","6":"product_cat-kodu","7":"product_cat-park","8":"product_cat-puud-ja-poosad","9":"product_cat-taimed","10":"pa_moodud-k-8-12-m-l-6-10-m","11":"pa_muugisuurus-tuve-labim-3-4-45-5-cm-k-4-m","12":"pa_oie-varv-roosa","13":"pa_oitsemise-aeg-mai-juuni","14":"pa_talvekindlus-vaga-hea","15":"pa_tsoon-5-8","16":"pa_variatsioon-korge-puuvorm-tuvi-45-5-cm-h14-16","17":"pa_variatsioon-korge-puuvorm3-4m-tuvi-3-4-cm-h10-12","18":"pa_variatsioon-korge-puuvorm4-5m-tuvi-4-45-cm-h12-14","20":"first","21":"instock","22":"purchasable","23":"product-type-variable"},"acf":[],"_links":{"self":[{"href":"https:\/\/dev.garden.ee\/en\/wp-json\/wp\/v2\/product\/6736","targetHints":{"allow":["GET"]}}],"collection":[{"href":"https:\/\/dev.garden.ee\/en\/wp-json\/wp\/v2\/product"}],"about":[{"href":"https:\/\/dev.garden.ee\/en\/wp-json\/wp\/v2\/types\/product"}],"wp:featuredmedia":[{"embeddable":true,"href":"https:\/\/dev.garden.ee\/en\/wp-json\/wp\/v2\/media\/6737"}],"wp:attachment":[{"href":"https:\/\/dev.garden.ee\/en\/wp-json\/wp\/v2\/media?parent=6736"}],"wp:term":[{"taxonomy":"product_brand","embeddable":true,"href":"https:\/\/dev.garden.ee\/en\/wp-json\/wp\/v2\/product_brand?post=6736"},{"taxonomy":"product_cat","embeddable":true,"href":"https:\/\/dev.garden.ee\/en\/wp-json\/wp\/v2\/product_cat?post=6736"},{"taxonomy":"product_tag","embeddable":true,"href":"https:\/\/dev.garden.ee\/en\/wp-json\/wp\/v2\/product_tag?post=6736"}],"curies":[{"name":"wp","href":"https:\/\/api.w.org\/{rel}","templated":true}]}}