{"id":6693,"date":"2023-01-18T17:51:51","date_gmt":"2023-01-18T15:51:51","guid":{"rendered":"https:\/\/dev.zezz.ee\/garden\/toode\/calycanthus-venus\/"},"modified":"2023-04-18T12:55:53","modified_gmt":"2023-04-18T09:55:53","slug":"calycanthus-venus","status":"publish","type":"product","link":"https:\/\/dev.garden.ee\/en\/product\/calycanthus-venus\/","title":{"rendered":"Calycanthus &#8216;Venus&#8217;"},"content":{"rendered":"<input class=\"fooboxshare_post_id\" type=\"hidden\" value=\"6693\"\/>","protected":false},"excerpt":{"rendered":"<p>Huvitav ja oman\u00e4oline v\u00fcrtsp\u00f5\u00f5sas \u00f5itseb juunis-juulis suurte, magnooliataoliste \u00fcksikute \u00f5itega, mis on puhasvalged lilla s\u00fcgamikuga. P\u00e4ikeses kasvades on tihe ja \u00fcmmargune, varjus v\u00f5ib v\u00e4lja venida. Vastastikused suured (5-12 cm), ovaalsed, elliptilised lehed on tumerohelised. Lehestik l\u00f5hnab kui seda muljuda.\u00a0Sobib kasvatada nii \u00fcksikuna, teiste p\u00f5\u00f5saste seas kui ka metsapiiril. Samuti terrassi ja istumiskohtade l\u00e4hedal, just l\u00f5hna p\u00e4rast. Kuivatatud \u00f5ied, lehed, koor ja v\u00f5rsed sobivad h\u00e4sti potpourri&#8217;sse.<\/p>\n<p>&nbsp;<\/p>","protected":false},"featured_media":6694,"template":"","meta":[],"product_brand":[],"product_cat":[4403,4406,4396,22],"product_tag":[],"class_list":{"0":"post-6693","1":"product","2":"type-product","3":"status-publish","4":"has-post-thumbnail","6":"product_cat-kodu","7":"product_cat-park","8":"product_cat-puud-ja-poosad","9":"product_cat-taimed","10":"pa_moodud-k-12-2-m-l-15-m","11":"pa_oie-varv-valge","12":"pa_oitsemise-aeg-juuni-juuli","13":"pa_tsoon-z-5-9","14":"pa_variatsioon-poosas-h-40-60-cm","15":"pa_variatsioon-poosas-h-60-80-cm","17":"first","18":"instock","19":"taxable","20":"shipping-taxable","21":"purchasable","22":"product-type-variable"},"acf":[],"_links":{"self":[{"href":"https:\/\/dev.garden.ee\/en\/wp-json\/wp\/v2\/product\/6693","targetHints":{"allow":["GET"]}}],"collection":[{"href":"https:\/\/dev.garden.ee\/en\/wp-json\/wp\/v2\/product"}],"about":[{"href":"https:\/\/dev.garden.ee\/en\/wp-json\/wp\/v2\/types\/product"}],"wp:featuredmedia":[{"embeddable":true,"href":"https:\/\/dev.garden.ee\/en\/wp-json\/wp\/v2\/media\/6694"}],"wp:attachment":[{"href":"https:\/\/dev.garden.ee\/en\/wp-json\/wp\/v2\/media?parent=6693"}],"wp:term":[{"taxonomy":"product_brand","embeddable":true,"href":"https:\/\/dev.garden.ee\/en\/wp-json\/wp\/v2\/product_brand?post=6693"},{"taxonomy":"product_cat","embeddable":true,"href":"https:\/\/dev.garden.ee\/en\/wp-json\/wp\/v2\/product_cat?post=6693"},{"taxonomy":"product_tag","embeddable":true,"href":"https:\/\/dev.garden.ee\/en\/wp-json\/wp\/v2\/product_tag?post=6693"}],"curies":[{"name":"wp","href":"https:\/\/api.w.org\/{rel}","templated":true}]}}