{"id":6687,"date":"2023-01-18T17:51:48","date_gmt":"2023-01-18T15:51:48","guid":{"rendered":"https:\/\/dev.zezz.ee\/garden\/toode\/aronia-prunifolia-nero\/"},"modified":"2023-03-10T13:20:40","modified_gmt":"2023-03-10T11:20:40","slug":"aronia-prunifolia-nero","status":"publish","type":"product","link":"https:\/\/dev.garden.ee\/en\/product\/aronia-prunifolia-nero\/","title":{"rendered":"Aronia prunifolia &#8216;Nero&#8217;"},"content":{"rendered":"<input class=\"fooboxshare_post_id\" type=\"hidden\" value=\"6687\"\/>","protected":false},"excerpt":{"rendered":"<p>Antud sort on aretatud viljap\u00f5\u00f5saks, tulemuseks on suured, mustjaslillad viljad, mille toitev\u00e4\u00e4rtused on laialdaselt tuntud sisaldades lisaks C-vitamiinile ja antioks\u00fcdantidele ka mitmeid mikroelemente ja B-r\u00fchma vitamiine. Maitsvad marjad valmivad septembris. Aroonia lisav\u00e4\u00e4rtuseks on valged kobar\u00f5ied tumeroheliste l\u00e4ikivate lehtede taustal suve algul ning kaunis punaste-purpursete toonide v\u00e4rvigamma s\u00fcgisel. Taim on k\u00fclmakindel ja annab iga aasta head saaki, kuna \u00f5itseb \u00fcpris hilja. Kasvukoha suhtes v\u00e4hen\u00f5udlik, eelistab parasniiskeid ja niiskemaid muldasid. Talub h\u00e4sti p\u00fcgamist. Sobib kasvatada \u00fcksikult, kuid on suurep\u00e4rane ka hekina.<\/p>","protected":false},"featured_media":6688,"template":"","meta":[],"product_brand":[],"product_cat":[4403,4395,4396,4408,4394,22],"product_tag":[],"class_list":{"0":"post-6687","1":"product","2":"type-product","3":"status-publish","4":"has-post-thumbnail","6":"product_cat-kodu","7":"product_cat-hekid","8":"product_cat-puud-ja-poosad","9":"product_cat-vaike-aed","10":"product_cat-viljad-ja-marjad","11":"product_cat-taimed","12":"pa_haiguskindlus-vaga-hea","13":"pa_moodud-k-100-150-cm-l-150-cm","14":"pa_oie-varv-valge","15":"pa_oitsemise-aeg-juuni","16":"pa_variatsioon-poosas-h-100-125-cm","17":"pa_variatsioon-poosas-h-40-50-cm","18":"pa_vili-c-vitamiinirikas","19":"pa_vili-suur","20":"pa_vili-antioksudantide-rikas","21":"pa_vilja-varvus-mustjas","23":"first","24":"instock","25":"purchasable","26":"product-type-variable"},"acf":[],"_links":{"self":[{"href":"https:\/\/dev.garden.ee\/en\/wp-json\/wp\/v2\/product\/6687","targetHints":{"allow":["GET"]}}],"collection":[{"href":"https:\/\/dev.garden.ee\/en\/wp-json\/wp\/v2\/product"}],"about":[{"href":"https:\/\/dev.garden.ee\/en\/wp-json\/wp\/v2\/types\/product"}],"wp:featuredmedia":[{"embeddable":true,"href":"https:\/\/dev.garden.ee\/en\/wp-json\/wp\/v2\/media\/6688"}],"wp:attachment":[{"href":"https:\/\/dev.garden.ee\/en\/wp-json\/wp\/v2\/media?parent=6687"}],"wp:term":[{"taxonomy":"product_brand","embeddable":true,"href":"https:\/\/dev.garden.ee\/en\/wp-json\/wp\/v2\/product_brand?post=6687"},{"taxonomy":"product_cat","embeddable":true,"href":"https:\/\/dev.garden.ee\/en\/wp-json\/wp\/v2\/product_cat?post=6687"},{"taxonomy":"product_tag","embeddable":true,"href":"https:\/\/dev.garden.ee\/en\/wp-json\/wp\/v2\/product_tag?post=6687"}],"curies":[{"name":"wp","href":"https:\/\/api.w.org\/{rel}","templated":true}]}}