{"id":6656,"date":"2023-01-18T17:51:33","date_gmt":"2023-01-18T15:51:33","guid":{"rendered":"https:\/\/dev.zezz.ee\/garden\/toode\/till-eulenspiegel\/"},"modified":"2026-02-09T19:06:44","modified_gmt":"2026-02-09T17:06:44","slug":"till-eulenspiegel","status":"publish","type":"product","link":"https:\/\/dev.garden.ee\/en\/product\/till-eulenspiegel\/","title":{"rendered":"Till Eulenspiegel\u00ae"},"content":{"rendered":"<input class=\"fooboxshare_post_id\" type=\"hidden\" value=\"6656\"\/>","protected":false},"excerpt":{"rendered":"<p>Nostalgilise \u00f5iekujuga roos. H\u00e4sti t\u00e4idetud, \u00fcmarad (6-7cm) \u00f5ied on just kui loodud vaasililleks. Puhas tulipunane \u00f5ietoon m\u00f5jub tumeroheliste, l\u00e4ikivate lehtede taustal muinasjutuliselt. Palju\u00f5ieline p\u00f5\u00f5sas on pidevas \u00f5itsemises, tihe ja kompaktne.<\/p>","protected":false},"featured_media":6657,"template":"","meta":[],"product_brand":[],"product_cat":[9775,4413,4416,4402,22],"product_tag":[],"class_list":{"0":"post-6656","1":"product","2":"type-product","3":"status-publish","4":"has-post-thumbnail","6":"product_cat-kalmistu","7":"product_cat-loikelilleaed","8":"product_cat-roosiaed","9":"product_cat-roosid","10":"product_cat-taimed","11":"pa_aretus-w-kordes-sohne","12":"pa_avalikustamisaasta-saksamaa-2017","13":"pa_haiguskindlus-hea","14":"pa_kasvukorgus-50-80-cm","15":"pa_kollektsioon-fairy-tale","16":"pa_laius-50-cm","17":"pa_lisainfo-sobib-loikelilleks","18":"pa_lohn-orn","19":"pa_oie-suurus-keskmine","20":"pa_oie-varv-punane","21":"pa_oietuup-taidisois","22":"pa_oitsemine-korduvalt-oitsev","23":"pa_sort-floribund-ehk-paljuoieline-roos","24":"pa_taimede-arvestus-ruutmeetri-4-5","25":"pa_talvekindlus-hea","26":"pa_variatsioon-potis-2l-kevadel","27":"pa_variatsioon-potis-4-6l","28":"pa_variatsioon-potis-4-6l-suvel-ja-sugisel","30":"first","31":"outofstock","32":"purchasable","33":"product-type-variable"},"acf":[],"_links":{"self":[{"href":"https:\/\/dev.garden.ee\/en\/wp-json\/wp\/v2\/product\/6656","targetHints":{"allow":["GET"]}}],"collection":[{"href":"https:\/\/dev.garden.ee\/en\/wp-json\/wp\/v2\/product"}],"about":[{"href":"https:\/\/dev.garden.ee\/en\/wp-json\/wp\/v2\/types\/product"}],"wp:featuredmedia":[{"embeddable":true,"href":"https:\/\/dev.garden.ee\/en\/wp-json\/wp\/v2\/media\/6657"}],"wp:attachment":[{"href":"https:\/\/dev.garden.ee\/en\/wp-json\/wp\/v2\/media?parent=6656"}],"wp:term":[{"taxonomy":"product_brand","embeddable":true,"href":"https:\/\/dev.garden.ee\/en\/wp-json\/wp\/v2\/product_brand?post=6656"},{"taxonomy":"product_cat","embeddable":true,"href":"https:\/\/dev.garden.ee\/en\/wp-json\/wp\/v2\/product_cat?post=6656"},{"taxonomy":"product_tag","embeddable":true,"href":"https:\/\/dev.garden.ee\/en\/wp-json\/wp\/v2\/product_tag?post=6656"}],"curies":[{"name":"wp","href":"https:\/\/api.w.org\/{rel}","templated":true}]}}