{"id":6626,"date":"2023-01-18T17:51:09","date_gmt":"2023-01-18T15:51:09","guid":{"rendered":"https:\/\/dev.zezz.ee\/garden\/toode\/emily-bronte\/"},"modified":"2026-02-03T12:34:28","modified_gmt":"2026-02-03T10:34:28","slug":"emily-bronte","status":"publish","type":"product","link":"https:\/\/dev.garden.ee\/en\/product\/emily-bronte\/","title":{"rendered":"Emily Bront\u00eb"},"content":{"rendered":"<input class=\"fooboxshare_post_id\" type=\"hidden\" value=\"6626\"\/>","protected":false},"excerpt":{"rendered":"<p>\u00d5rnroosa ja aprikoosikarva toonides madal t\u00e4idis\u00f5is on tugevalt teel\u00f5hnaline, ajapikku tulevad esile veel vana roos, sidrun ja greip. Roos kujuneb suureks, tihedaks, p\u00fcstiseks p\u00f5\u00f5saks tervete, l\u00e4ikivate heleroheliste lehtedega. Sobib kasvama ka kehvemal pinnasel.<\/p>\n<p>Sobib h\u00e4sti roosihekiks, istutuskastis kasvatamiseks ja osalise varjuga kasvualale.<\/p>\n<p>Roos on oma nime saanud kuulsa kirjaniku Emily Bront\u00eb j\u00e4rgi.<\/p>","protected":false},"featured_media":6627,"template":"","meta":[],"product_brand":[],"product_cat":[4395,9637,4415,4414,4416,4402,22],"product_tag":[],"class_list":{"0":"post-6626","1":"product","2":"type-product","3":"status-publish","4":"has-post-thumbnail","6":"product_cat-hekid","7":"product_cat-istutuskast","8":"product_cat-lilleaed","9":"product_cat-lohnaaed","10":"product_cat-roosiaed","11":"product_cat-roosid","12":"product_cat-taimed","13":"pa_aretus-david-austin","14":"pa_avalikustamisaasta-uhendkuningriik-2018","15":"pa_haiguskindlus-vaga-hea","16":"pa_kasvukorgus-100-130-cm","17":"pa_laius-1-m","18":"pa_lisainfo-ideaalne-heki-loomiseks","19":"pa_lisainfo-sobilik-istutuskasti-jaoks","20":"pa_lisainfo-sobib-osalise-varjuga-kasvualale","21":"pa_lohn-tugev","22":"pa_lohn-tee-lohnaline","23":"pa_lohn-vana-roos","24":"pa_oie-suurus-suur","25":"pa_oie-varv-aprikoos","26":"pa_oie-varv-kreemjas","27":"pa_oie-varv-ornroosa","28":"pa_oietuup-taidisois","29":"pa_oitsemine-korduvalt-oitsev","30":"pa_sort-poosasroos","31":"pa_talvekindlus-vaga-hea","32":"pa_variatsioon-paljasjuurne-ainult-kevadel","33":"pa_variatsioon-potis-4-6l","34":"pa_variatsioon-potis-4-6l-suvel-ja-sugisel","36":"first","37":"instock","38":"taxable","39":"shipping-taxable","40":"purchasable","41":"product-type-variable"},"acf":[],"_links":{"self":[{"href":"https:\/\/dev.garden.ee\/en\/wp-json\/wp\/v2\/product\/6626","targetHints":{"allow":["GET"]}}],"collection":[{"href":"https:\/\/dev.garden.ee\/en\/wp-json\/wp\/v2\/product"}],"about":[{"href":"https:\/\/dev.garden.ee\/en\/wp-json\/wp\/v2\/types\/product"}],"wp:featuredmedia":[{"embeddable":true,"href":"https:\/\/dev.garden.ee\/en\/wp-json\/wp\/v2\/media\/6627"}],"wp:attachment":[{"href":"https:\/\/dev.garden.ee\/en\/wp-json\/wp\/v2\/media?parent=6626"}],"wp:term":[{"taxonomy":"product_brand","embeddable":true,"href":"https:\/\/dev.garden.ee\/en\/wp-json\/wp\/v2\/product_brand?post=6626"},{"taxonomy":"product_cat","embeddable":true,"href":"https:\/\/dev.garden.ee\/en\/wp-json\/wp\/v2\/product_cat?post=6626"},{"taxonomy":"product_tag","embeddable":true,"href":"https:\/\/dev.garden.ee\/en\/wp-json\/wp\/v2\/product_tag?post=6626"}],"curies":[{"name":"wp","href":"https:\/\/api.w.org\/{rel}","templated":true}]}}