{"id":661,"date":"2023-01-18T16:37:01","date_gmt":"2023-01-18T14:37:01","guid":{"rendered":"https:\/\/dev.zezz.ee\/garden\/toode\/alchemilla-mollis\/"},"modified":"2026-02-13T19:58:52","modified_gmt":"2026-02-13T17:58:52","slug":"alchemilla-mollis","status":"publish","type":"product","link":"https:\/\/dev.garden.ee\/en\/product\/alchemilla-mollis\/","title":{"rendered":"Alchemilla mollis"},"content":{"rendered":"<input class=\"fooboxshare_post_id\" type=\"hidden\" value=\"661\"\/>","protected":false},"excerpt":{"rendered":"<p>Pikaealine p\u00fcsik ja hea pinnakattetaim. Suured, \u00fcmarad ja pehmed lehed on helerohelised, moodustavad poolkerakujulise puhmiku.\u00a0\u00a0 \u00d5isikud koosnevad \u00f5rnadest kollakas-rohelistest v\u00e4ikestest \u00f5itest. Kiirekasvuline ja vastupidav taim, kannatab ka savimulda. Istuta kas pinnakattetaimena v\u00f5i hoopis aiateid \u00e4\u00e4ristama. Eriti kaunis p\u00e4ikeses, peale vihmasadu v\u00f5i kastem\u00e4rjal hommikul. L\u00f5igates n\u00e4rtsinud \u00f5ied, v\u00f5id saada ta uuesti \u00f5itsema. Istuta kokku koos toreda kurereha v\u00f5i hostaga. Kaunis istutada rooside vahele.<\/p>\n<p>Kaaslasena sobib nt\u00a0Heuchera macrantha &#8216;Palace Purple&#8217;.<em>\u00a0<\/em>Vt all &#8211; seotud tooted.<\/p>","protected":false},"featured_media":463,"template":"","meta":[],"product_brand":[],"product_cat":[4415,4413,9650,9200,4401,4412,22],"product_tag":[],"class_list":{"0":"post-661","1":"product","2":"type-product","3":"status-publish","4":"has-post-thumbnail","6":"product_cat-lilleaed","7":"product_cat-loikelilleaed","8":"product_cat-looduslik-aed","9":"product_cat-pinnakatjad","10":"product_cat-pusikud","11":"product_cat-varjuaed","12":"product_cat-taimed","13":"pa_haiguskindlus-vaga-hea","14":"pa_kasvukorgus-30-40-cm","15":"pa_laius-30-40-cm","16":"pa_lisainfo-hea-pinnakatja","17":"pa_lisainfo-sobib-osalise-varjuga-kasvualale","18":"pa_oie-varv-kollane","19":"pa_oitsemise-aeg-juuni-august","20":"pa_talvekindlus-vaga-hea","21":"pa_tingimused-kuivema-poolsem","22":"pa_tingimused-vahenoudlik-pinnase-suhtes","23":"pa_tsoon-2-9","24":"pa_valguse-tingimused-paike","25":"pa_valguse-tingimused-poolvari","26":"pa_variatsioon-suurem-pott","27":"pa_variatsioon-vaike-pott","29":"first","30":"instock","31":"purchasable","32":"product-type-variable"},"acf":[],"_links":{"self":[{"href":"https:\/\/dev.garden.ee\/en\/wp-json\/wp\/v2\/product\/661","targetHints":{"allow":["GET"]}}],"collection":[{"href":"https:\/\/dev.garden.ee\/en\/wp-json\/wp\/v2\/product"}],"about":[{"href":"https:\/\/dev.garden.ee\/en\/wp-json\/wp\/v2\/types\/product"}],"wp:featuredmedia":[{"embeddable":true,"href":"https:\/\/dev.garden.ee\/en\/wp-json\/wp\/v2\/media\/463"}],"wp:attachment":[{"href":"https:\/\/dev.garden.ee\/en\/wp-json\/wp\/v2\/media?parent=661"}],"wp:term":[{"taxonomy":"product_brand","embeddable":true,"href":"https:\/\/dev.garden.ee\/en\/wp-json\/wp\/v2\/product_brand?post=661"},{"taxonomy":"product_cat","embeddable":true,"href":"https:\/\/dev.garden.ee\/en\/wp-json\/wp\/v2\/product_cat?post=661"},{"taxonomy":"product_tag","embeddable":true,"href":"https:\/\/dev.garden.ee\/en\/wp-json\/wp\/v2\/product_tag?post=661"}],"curies":[{"name":"wp","href":"https:\/\/api.w.org\/{rel}","templated":true}]}}