{"id":658,"date":"2023-01-18T16:36:59","date_gmt":"2023-01-18T14:36:59","guid":{"rendered":"https:\/\/dev.zezz.ee\/garden\/toode\/agastache-black-adder\/"},"modified":"2026-02-13T15:32:33","modified_gmt":"2026-02-13T13:32:33","slug":"agastache-black-adder","status":"publish","type":"product","link":"https:\/\/dev.garden.ee\/en\/product\/agastache-black-adder\/","title":{"rendered":"Agastache &#8216;Black Adder&#8217;"},"content":{"rendered":"<input class=\"fooboxshare_post_id\" type=\"hidden\" value=\"658\"\/>","protected":false},"excerpt":{"rendered":"<p>Tegemist on puhma moodustava h\u00fcbriidtaimega, mis saadud aniisi ning kurd-hiidiisopi ristamisel. T\u00e4helepanuv\u00e4\u00e4rne oma pikalt kestva \u00f5itsemisperioodi t\u00f5ttu. Algselt on tegemist pea mustade \u00f5ienuppudega, millest avanevad violetsed \u00f5iekesed, mis \u00fcksteise k\u00f5rval paiknedes moodustuvadki edevad, pikad \u00f5isikud. Meelitavad kohale mesilasi ning liblikaid. Sinakasrohelised lehed pakuvad omaltpoolt aniisiaroomi. Ideaalne valik \u00fcrdiaeda. Kompaktse kasvu ja v\u00e4rske v\u00e4limuse saab taimele, kui teda juunis tugevalt k\u00e4rpida.<span style=\"color: #ff0000;\">\u00a0<\/span><\/p>","protected":false},"featured_media":459,"template":"","meta":[],"product_brand":[],"product_cat":[4407,4415,4414,6934,4401,4411,4393,22],"product_tag":[],"class_list":{"0":"post-658","1":"product","2":"type-product","3":"status-publish","4":"has-post-thumbnail","6":"product_cat-aasad","7":"product_cat-lilleaed","8":"product_cat-lohnaaed","9":"product_cat-mesilassobralik-aed","10":"product_cat-pusikud","11":"product_cat-urdiaed","12":"product_cat-urdid","13":"product_cat-taimed","14":"pa_haiguskindlus-vaga-hea","15":"pa_lisainfo-mesilaste-lemmik","16":"pa_lisainfo-sobib-lohnaaeda","17":"pa_lohn-lohnav","18":"pa_moodud-k-60-100-cm","19":"pa_moodud-l-40-60-cm","20":"pa_oie-varv-lilla","21":"pa_oitsemise-aeg-juuli-august","22":"pa_talvekindlus-hea","23":"pa_tingimused-parasniiske","24":"pa_tsoon-5-9","25":"pa_valguse-tingimused-paike","26":"pa_valguse-tingimused-poolvari","27":"pa_variatsioon-suurem-pott","28":"pa_variatsioon-vaiksem-pott","30":"first","31":"instock","32":"purchasable","33":"product-type-variable"},"acf":[],"_links":{"self":[{"href":"https:\/\/dev.garden.ee\/en\/wp-json\/wp\/v2\/product\/658","targetHints":{"allow":["GET"]}}],"collection":[{"href":"https:\/\/dev.garden.ee\/en\/wp-json\/wp\/v2\/product"}],"about":[{"href":"https:\/\/dev.garden.ee\/en\/wp-json\/wp\/v2\/types\/product"}],"wp:featuredmedia":[{"embeddable":true,"href":"https:\/\/dev.garden.ee\/en\/wp-json\/wp\/v2\/media\/459"}],"wp:attachment":[{"href":"https:\/\/dev.garden.ee\/en\/wp-json\/wp\/v2\/media?parent=658"}],"wp:term":[{"taxonomy":"product_brand","embeddable":true,"href":"https:\/\/dev.garden.ee\/en\/wp-json\/wp\/v2\/product_brand?post=658"},{"taxonomy":"product_cat","embeddable":true,"href":"https:\/\/dev.garden.ee\/en\/wp-json\/wp\/v2\/product_cat?post=658"},{"taxonomy":"product_tag","embeddable":true,"href":"https:\/\/dev.garden.ee\/en\/wp-json\/wp\/v2\/product_tag?post=658"}],"curies":[{"name":"wp","href":"https:\/\/api.w.org\/{rel}","templated":true}]}}