{"id":6565,"date":"2023-01-18T17:50:34","date_gmt":"2023-01-18T15:50:34","guid":{"rendered":"https:\/\/dev.zezz.ee\/garden\/toode\/admiral\/"},"modified":"2026-02-06T14:52:12","modified_gmt":"2026-02-06T12:52:12","slug":"admiral","status":"publish","type":"product","link":"https:\/\/dev.garden.ee\/en\/product\/admiral\/","title":{"rendered":"Admiral\u00ae"},"content":{"rendered":"<input class=\"fooboxshare_post_id\" type=\"hidden\" value=\"6565\"\/>","protected":false},"excerpt":{"rendered":"<p>Kaunil t\u00e4idis\u00f5ielisel teeh\u00fcbriidsordil on neljaosalised rosettjad \u00f5ied. M\u00fcstiliselt mustjad \u00f5ienupud avanevad suurte sametiste kroonlehtedega rubiinpunasteks \u00f5iteks. Maagilise mustja kumaga \u00f5itest avaneb k\u00fcpse pirni aromaatsus. \u00dcks haiguskindlamaid sorte Rosen Tantau sortimendist. \u00dclisuured (12-14 cm l\u00e4bim\u00f5\u00f5duga) \u00f5ied on pika p\u00fcsivusega nii p\u00f5\u00f5sal kui vaasis.\u00a0Puhmjas, hea hargnevusega, kompaktse vormiga p\u00f5\u00f5sas.<\/p>\n<p><span style=\"color: #ff0000;\">ETTETELLIMINE, V\u00c4LJASTAMINE APRILLI TEISEST POOLEST<\/span><\/p>","protected":false},"featured_media":6566,"template":"","meta":[],"product_brand":[],"product_cat":[4414,4413,4416,4402,22],"product_tag":[],"class_list":{"0":"post-6565","1":"product","2":"type-product","3":"status-publish","4":"has-post-thumbnail","6":"product_cat-lohnaaed","7":"product_cat-loikelilleaed","8":"product_cat-roosiaed","9":"product_cat-roosid","10":"product_cat-taimed","11":"pa_aretus-rosen-tantau","12":"pa_aretus-saksamaa-sort","13":"pa_avalikustamisaasta-2389","14":"pa_haiguskindlus-vaga-hea","15":"pa_kasvukorgus-90-110-cm","16":"pa_laius-60-cm","17":"pa_lisainfo-sobib-lohnaaeda","18":"pa_lisainfo-sobib-loikelilleks","19":"pa_lohn-tugev","20":"pa_lohn-intensiivne","21":"pa_lohn-magus","22":"pa_lohn-puuviljane","23":"pa_oie-suurus-ulisuur","24":"pa_oie-varv-punane","25":"pa_oietuup-taidisois","26":"pa_oitsemine-korduvalt-oitsev","27":"pa_sort-nostalgiline-teehubriidroos","28":"pa_talvekindlus-vaga-hea","29":"pa_variatsioon-potis-2l-kevadel","30":"pa_variatsioon-potis-4-6l-suvel-ja-sugisel","32":"first","33":"outofstock","34":"purchasable","35":"product-type-variable"},"acf":[],"_links":{"self":[{"href":"https:\/\/dev.garden.ee\/en\/wp-json\/wp\/v2\/product\/6565","targetHints":{"allow":["GET"]}}],"collection":[{"href":"https:\/\/dev.garden.ee\/en\/wp-json\/wp\/v2\/product"}],"about":[{"href":"https:\/\/dev.garden.ee\/en\/wp-json\/wp\/v2\/types\/product"}],"wp:featuredmedia":[{"embeddable":true,"href":"https:\/\/dev.garden.ee\/en\/wp-json\/wp\/v2\/media\/6566"}],"wp:attachment":[{"href":"https:\/\/dev.garden.ee\/en\/wp-json\/wp\/v2\/media?parent=6565"}],"wp:term":[{"taxonomy":"product_brand","embeddable":true,"href":"https:\/\/dev.garden.ee\/en\/wp-json\/wp\/v2\/product_brand?post=6565"},{"taxonomy":"product_cat","embeddable":true,"href":"https:\/\/dev.garden.ee\/en\/wp-json\/wp\/v2\/product_cat?post=6565"},{"taxonomy":"product_tag","embeddable":true,"href":"https:\/\/dev.garden.ee\/en\/wp-json\/wp\/v2\/product_tag?post=6565"}],"curies":[{"name":"wp","href":"https:\/\/api.w.org\/{rel}","templated":true}]}}