{"id":656,"date":"2023-01-18T16:36:57","date_gmt":"2023-01-18T14:36:57","guid":{"rendered":"https:\/\/dev.zezz.ee\/garden\/toode\/rosa-rugosa-alba\/"},"modified":"2023-03-23T10:04:48","modified_gmt":"2023-03-23T08:04:48","slug":"rosa-rugosa-alba","status":"publish","type":"product","link":"https:\/\/dev.garden.ee\/en\/product\/rosa-rugosa-alba\/","title":{"rendered":"Rosa rugosa &#8216;Alba&#8217;"},"content":{"rendered":"<input class=\"fooboxshare_post_id\" type=\"hidden\" value=\"656\"\/>","protected":false},"excerpt":{"rendered":"<p>Kurdlehine kibuvits, rahvakeeles ka kartuliroos v\u00f5i tomatiroos. Tihe, vabakujulise kasvuga suur p\u00f5\u00f5sas on rikkalikult ogaline ning toodab rohkelt v\u00f5sundeid. Tumeroheline pooll\u00e4ikiv, kergelt krobeline lehestik ja tugeva aroomiga valged liht\u00f5ied. \u00d5itseb rikkalikult suve\u00a0esimeses pooles, vahest pakub ka koos kaunite viljadega tagasihoidlikumat \u00f5itsemist.\u00a0S\u00fcgisel\u00a0ehivad p\u00f5\u00f5sast\u00a0suured marjad, igati atraktiivne.<\/p>","protected":false},"featured_media":454,"template":"","meta":[],"product_brand":[],"product_cat":[4403,4395,4415,4414,4406,4396,22],"product_tag":[],"class_list":{"0":"post-656","1":"product","2":"type-product","3":"status-publish","4":"has-post-thumbnail","6":"product_cat-kodu","7":"product_cat-hekid","8":"product_cat-lilleaed","9":"product_cat-lohnaaed","10":"product_cat-park","11":"product_cat-puud-ja-poosad","12":"product_cat-taimed","13":"pa_haiguskindlus-hea","14":"pa_lohn-orn","15":"pa_moodud-k-150-180-cm-l-150-180-cm","16":"pa_oie-suurus-keskmine","17":"pa_oie-varv-valge","18":"pa_oietuup-lihtois","19":"pa_oitsemine-uhekordne-oitsemine","20":"pa_sort-looduslik-sort","21":"pa_talvekindlus-vaga-hea","22":"pa_variatsioon-poosas-h-40-70-cm","24":"first","25":"outofstock","26":"taxable","27":"shipping-taxable","28":"purchasable","29":"product-type-variable"},"acf":[],"_links":{"self":[{"href":"https:\/\/dev.garden.ee\/en\/wp-json\/wp\/v2\/product\/656","targetHints":{"allow":["GET"]}}],"collection":[{"href":"https:\/\/dev.garden.ee\/en\/wp-json\/wp\/v2\/product"}],"about":[{"href":"https:\/\/dev.garden.ee\/en\/wp-json\/wp\/v2\/types\/product"}],"wp:featuredmedia":[{"embeddable":true,"href":"https:\/\/dev.garden.ee\/en\/wp-json\/wp\/v2\/media\/454"}],"wp:attachment":[{"href":"https:\/\/dev.garden.ee\/en\/wp-json\/wp\/v2\/media?parent=656"}],"wp:term":[{"taxonomy":"product_brand","embeddable":true,"href":"https:\/\/dev.garden.ee\/en\/wp-json\/wp\/v2\/product_brand?post=656"},{"taxonomy":"product_cat","embeddable":true,"href":"https:\/\/dev.garden.ee\/en\/wp-json\/wp\/v2\/product_cat?post=656"},{"taxonomy":"product_tag","embeddable":true,"href":"https:\/\/dev.garden.ee\/en\/wp-json\/wp\/v2\/product_tag?post=656"}],"curies":[{"name":"wp","href":"https:\/\/api.w.org\/{rel}","templated":true}]}}