{"id":6520,"date":"2023-01-18T17:50:07","date_gmt":"2023-01-18T15:50:07","guid":{"rendered":"https:\/\/dev.zezz.ee\/garden\/toode\/nautica\/"},"modified":"2026-02-07T21:15:38","modified_gmt":"2026-02-07T19:15:38","slug":"nautica","status":"publish","type":"product","link":"https:\/\/dev.garden.ee\/en\/product\/nautica\/","title":{"rendered":"Nautica\u00ae"},"content":{"rendered":"<input class=\"fooboxshare_post_id\" type=\"hidden\" value=\"6520\"\/>","protected":false},"excerpt":{"rendered":"<p>Kompaktne, tihe ja p\u00fcstise kasvuga floribund, v\u00e4ga hea haigus- ja talvekindlusega. Ehteks korduvalt \u00f5itsevad, v\u00e4ga t\u00e4idetud lavendlikarva \u00f5iekobarad. Tavap\u00e4raselt on \u00fchel varrel \u00fcks p\u00f5hi\u00f5is ning 3-4 k\u00f5rval\u00f5it. \u00d5ied keskmised, 5-6cm.<\/p>\n<p>Sobib istutamiseks nii \u00fcksikult kui ka massina, kalmistutele ja pottidesse.<\/p>\n<p><span style=\"color: #ff0000;\">ETTETELLIMINE, V\u00c4LJASTAMINE APRILLI TEISEST POOLEST<\/span><\/p>","protected":false},"featured_media":6521,"template":"","meta":[],"product_brand":[],"product_cat":[9637,9775,4406,4416,4402,22],"product_tag":[9418],"class_list":{"0":"post-6520","1":"product","2":"type-product","3":"status-publish","4":"has-post-thumbnail","6":"product_cat-istutuskast","7":"product_cat-kalmistu","8":"product_cat-park","9":"product_cat-roosiaed","10":"product_cat-roosid","11":"product_cat-taimed","12":"product_tag-adr-roos","13":"pa_adr-9790","14":"pa_aretus-w-kordes-sohne","15":"pa_avalikustamisaasta-saksamaa-2017","16":"pa_haiguskindlus-vaga-hea","17":"pa_kasvukorgus-50-80-cm","18":"pa_kollektsioon-fantasia","19":"pa_laius-50-cm","20":"pa_lisainfo-sobilik-istutuskasti-jaoks","21":"pa_lohn-keskmine","22":"pa_oie-suurus-keskmine","23":"pa_oie-varv-lavendlililla","24":"pa_oietuup-taidisois","25":"pa_oitsemine-korduvalt-oitsev","26":"pa_sort-floribund-ehk-paljuoieline-roos","27":"pa_taimede-arvestus-ruutmeetri-4-5","28":"pa_talvekindlus-vaga-hea","29":"pa_variatsioon-potis-2l-kevadel","30":"pa_variatsioon-potis-4-6l","32":"first","33":"outofstock","34":"purchasable","35":"product-type-variable"},"acf":[],"_links":{"self":[{"href":"https:\/\/dev.garden.ee\/en\/wp-json\/wp\/v2\/product\/6520","targetHints":{"allow":["GET"]}}],"collection":[{"href":"https:\/\/dev.garden.ee\/en\/wp-json\/wp\/v2\/product"}],"about":[{"href":"https:\/\/dev.garden.ee\/en\/wp-json\/wp\/v2\/types\/product"}],"wp:featuredmedia":[{"embeddable":true,"href":"https:\/\/dev.garden.ee\/en\/wp-json\/wp\/v2\/media\/6521"}],"wp:attachment":[{"href":"https:\/\/dev.garden.ee\/en\/wp-json\/wp\/v2\/media?parent=6520"}],"wp:term":[{"taxonomy":"product_brand","embeddable":true,"href":"https:\/\/dev.garden.ee\/en\/wp-json\/wp\/v2\/product_brand?post=6520"},{"taxonomy":"product_cat","embeddable":true,"href":"https:\/\/dev.garden.ee\/en\/wp-json\/wp\/v2\/product_cat?post=6520"},{"taxonomy":"product_tag","embeddable":true,"href":"https:\/\/dev.garden.ee\/en\/wp-json\/wp\/v2\/product_tag?post=6520"}],"curies":[{"name":"wp","href":"https:\/\/api.w.org\/{rel}","templated":true}]}}