{"id":6514,"date":"2023-01-18T17:50:02","date_gmt":"2023-01-18T15:50:02","guid":{"rendered":"https:\/\/dev.zezz.ee\/garden\/toode\/hydrangea-paniculata-pastelgreen\/"},"modified":"2023-03-20T16:29:05","modified_gmt":"2023-03-20T14:29:05","slug":"hydrangea-paniculata-pastelgreen","status":"publish","type":"product","link":"https:\/\/dev.garden.ee\/en\/product\/hydrangea-paniculata-pastelgreen\/","title":{"rendered":"Hydrangea paniculata &#8216;Pastelgreen&#8217;"},"content":{"rendered":"<input class=\"fooboxshare_post_id\" type=\"hidden\" value=\"6514\"\/>","protected":false},"excerpt":{"rendered":"<p>P\u00fcstise ning kiire kasvuga p\u00f5\u00f5sas. Tumerohelise lehestikuga. Pisut koonusjad, \u00fcmarad \u00f5iekobarad on aedhortensiate seas \u00fcks silmapaistvamaid kultivaare t\u00e4nu oma \u00f5ite v\u00e4rvidem\u00e4ngule. Valge, kreemikas roosa ja rohekas \u00f5ietoon vaheldub kobaratel \u00f5itsemise k\u00e4igus, segunedes ja t\u00e4iendades \u00fcksteist.\u00a0Igati dekoratiivne l\u00e4bi terve hooaja, kaunid \u00f5ied p\u00fcsivad kuni esimeste k\u00fclmadeni.<\/p>","protected":false},"featured_media":6515,"template":"","meta":[],"product_brand":[],"product_cat":[4403,4406,4396,22],"product_tag":[],"class_list":{"0":"post-6514","1":"product","2":"type-product","3":"status-publish","4":"has-post-thumbnail","6":"product_cat-kodu","7":"product_cat-park","8":"product_cat-puud-ja-poosad","9":"product_cat-taimed","10":"pa_moodud-k-120-cm-l-100-120-cm","11":"pa_oie-varv-mitmevarviline","12":"pa_oitsemise-aeg-juuli-september","13":"pa_talvekindlus-hea","14":"pa_tsoon-4-8","15":"pa_variatsioon-poosas-h-40-60-cm","16":"pa_variatsioon-poosas-h-60-80-cm","18":"first","19":"instock","20":"taxable","21":"shipping-taxable","22":"purchasable","23":"product-type-variable"},"acf":[],"_links":{"self":[{"href":"https:\/\/dev.garden.ee\/en\/wp-json\/wp\/v2\/product\/6514","targetHints":{"allow":["GET"]}}],"collection":[{"href":"https:\/\/dev.garden.ee\/en\/wp-json\/wp\/v2\/product"}],"about":[{"href":"https:\/\/dev.garden.ee\/en\/wp-json\/wp\/v2\/types\/product"}],"wp:featuredmedia":[{"embeddable":true,"href":"https:\/\/dev.garden.ee\/en\/wp-json\/wp\/v2\/media\/6515"}],"wp:attachment":[{"href":"https:\/\/dev.garden.ee\/en\/wp-json\/wp\/v2\/media?parent=6514"}],"wp:term":[{"taxonomy":"product_brand","embeddable":true,"href":"https:\/\/dev.garden.ee\/en\/wp-json\/wp\/v2\/product_brand?post=6514"},{"taxonomy":"product_cat","embeddable":true,"href":"https:\/\/dev.garden.ee\/en\/wp-json\/wp\/v2\/product_cat?post=6514"},{"taxonomy":"product_tag","embeddable":true,"href":"https:\/\/dev.garden.ee\/en\/wp-json\/wp\/v2\/product_tag?post=6514"}],"curies":[{"name":"wp","href":"https:\/\/api.w.org\/{rel}","templated":true}]}}