{"id":649,"date":"2023-01-18T16:36:52","date_gmt":"2023-01-18T14:36:52","guid":{"rendered":"https:\/\/dev.zezz.ee\/garden\/toode\/rhapsody-in-blue\/"},"modified":"2026-02-09T10:08:15","modified_gmt":"2026-02-09T08:08:15","slug":"rhapsody-in-blue","status":"publish","type":"product","link":"https:\/\/dev.garden.ee\/en\/product\/rhapsody-in-blue\/","title":{"rendered":"Rhapsody in Blue"},"content":{"rendered":"<input class=\"fooboxshare_post_id\" type=\"hidden\" value=\"649\"\/>","protected":false},"excerpt":{"rendered":"<p>P\u00fcstise lopsaka kasvuga p\u00f5\u00f5sasroos. Magusalt l\u00f5hnavad, poolt\u00e4idised s\u00fcgavlilla-magenta v\u00e4rvi \u00f5ied, mis hajuvad kiltkivist sirelilillaks \u2013 peaaegu kindlasti k\u00f5ige l\u00e4hedasem sinisele roosile. Seega on \u00fcks sinisemaid roose maailmaturul. \u00d5ied on enamasti kobarana, hea vihma- ja p\u00f5uataluvusega. Lehestik on keskmine roheline, kerge l\u00e4ikega.<\/p>\n<p>Sobib nii \u00fcksikult segapeenardesse kui ka grupina istutamiseks, hekkideks, \u00e4\u00e4risteks. Efektne ja hea kontrastiandja nii rooside kui ka p\u00fcsikute vahele.<\/p>\n<p><span style=\"color: #ff0000;\">ETTETELLIMINE, V\u00c4LJASTAMINE APRILLI KESKPAIGAST<\/span><\/p>","protected":false},"featured_media":439,"template":"","meta":[],"product_brand":[],"product_cat":[4395,4415,9702,4414,6934,9550,4416,4402,22],"product_tag":[],"class_list":{"0":"post-649","1":"product","2":"type-product","3":"status-publish","4":"has-post-thumbnail","6":"product_cat-hekid","7":"product_cat-lilleaed","8":"product_cat-linnaaed","9":"product_cat-lohnaaed","10":"product_cat-mesilassobralik-aed","11":"product_cat-rodu-ja-terrass","12":"product_cat-roosiaed","13":"product_cat-roosid","14":"product_cat-taimed","15":"pa_aretus-cowlishaw","16":"pa_avalikustamisaasta-341","17":"pa_haiguskindlus-hea","18":"pa_kasvukorgus-120-150-cm","19":"pa_laius-60-cm","20":"pa_lisainfo-ideaalne-heki-loomiseks","21":"pa_lisainfo-mesilaste-lemmik","22":"pa_lisainfo-pilgupuudja","23":"pa_lohn-keskmine","24":"pa_lohn-magus","25":"pa_oie-suurus-keskmine","26":"pa_oie-varv-lilla","27":"pa_oie-varv-magenta","28":"pa_oietuup-pooltaidisois","29":"pa_oitsemine-korduvalt-oitsev","30":"pa_sort-poosasroos","31":"pa_taimede-arvestus-ruutmeetri-9218","32":"pa_talvekindlus-hea","33":"pa_variatsioon-paljasjuurne-ainult-kevadel","34":"pa_variatsioon-potis-4-6l-suvel-ja-sugisel","36":"first","37":"outofstock","38":"purchasable","39":"product-type-variable"},"acf":[],"_links":{"self":[{"href":"https:\/\/dev.garden.ee\/en\/wp-json\/wp\/v2\/product\/649","targetHints":{"allow":["GET"]}}],"collection":[{"href":"https:\/\/dev.garden.ee\/en\/wp-json\/wp\/v2\/product"}],"about":[{"href":"https:\/\/dev.garden.ee\/en\/wp-json\/wp\/v2\/types\/product"}],"wp:featuredmedia":[{"embeddable":true,"href":"https:\/\/dev.garden.ee\/en\/wp-json\/wp\/v2\/media\/439"}],"wp:attachment":[{"href":"https:\/\/dev.garden.ee\/en\/wp-json\/wp\/v2\/media?parent=649"}],"wp:term":[{"taxonomy":"product_brand","embeddable":true,"href":"https:\/\/dev.garden.ee\/en\/wp-json\/wp\/v2\/product_brand?post=649"},{"taxonomy":"product_cat","embeddable":true,"href":"https:\/\/dev.garden.ee\/en\/wp-json\/wp\/v2\/product_cat?post=649"},{"taxonomy":"product_tag","embeddable":true,"href":"https:\/\/dev.garden.ee\/en\/wp-json\/wp\/v2\/product_tag?post=649"}],"curies":[{"name":"wp","href":"https:\/\/api.w.org\/{rel}","templated":true}]}}