{"id":646,"date":"2023-01-18T16:36:50","date_gmt":"2023-01-18T14:36:50","guid":{"rendered":"https:\/\/dev.zezz.ee\/garden\/toode\/queen-of-sweden\/"},"modified":"2026-02-09T09:27:28","modified_gmt":"2026-02-09T07:27:28","slug":"queen-of-sweden","status":"publish","type":"product","link":"https:\/\/dev.garden.ee\/en\/product\/queen-of-sweden\/","title":{"rendered":"Queen of Sweden"},"content":{"rendered":"<input class=\"fooboxshare_post_id\" type=\"hidden\" value=\"646\"\/>","protected":false},"excerpt":{"rendered":"<p>V\u00e4rvus algab pehme aprikoosiroosaga, mis aja jooksul muutub j\u00e4rk-j\u00e4rgult puhtaks pehmeks roosaks. Meeldiva m\u00fcrri l\u00f5hnaga. Eriline v\u00e4rskus ja ilu kirjeldavad seda roosi k\u00f5ige paremini. Peened v\u00e4ikesed \u00f5ienupud avanevad poolsuletud tassidesse, muutudes l\u00f5puks laiadeks, madalateks, \u00fclespoole suunatud meeldiva formaalsusega tassideks. Moodustab k\u00fcllaltki p\u00fcstise ja puhmja p\u00f5\u00f5sa, haiguskindla muskusroosi lehestikuga &#8211; matt, keskmine roheline. Kasvu poolest madal kuni keskmine.\u00a0Kasvab ka poolvarjus.<\/p>\n<p>Suurep\u00e4rane roos nii peenrasse kui ka lilleseadetesse. P\u00fcsib vaasis mitmeid p\u00e4evi. Sobib ka hekiks ja mere\u00e4\u00e4rsetesse tingimustesse.<\/p>\n<p>Nimetatud Rootsi kuninganna Christina ja Suurbritannia Oliver Cromwelli vahelise s\u00f5prus- ja kaubanduslepingu 350. aastap\u00e4eva m\u00e4lestuseks aastal 1654.<\/p>\n<p><span style=\"color: #ff0000;\">ETTETELLIMINE, V\u00c4LJASTAMINE APRILLI KESKPAIGAST<\/span><\/p>","protected":false},"featured_media":433,"template":"","meta":[],"product_brand":[],"product_cat":[4395,4415,4413,4416,4402,22],"product_tag":[],"class_list":{"0":"post-646","1":"product","2":"type-product","3":"status-publish","4":"has-post-thumbnail","6":"product_cat-hekid","7":"product_cat-lilleaed","8":"product_cat-loikelilleaed","9":"product_cat-roosiaed","10":"product_cat-roosid","11":"product_cat-taimed","12":"pa_aretus-david-austin","13":"pa_avalikustamisaasta-uhendkuningriik-2004","14":"pa_haiguskindlus-hea","15":"pa_kasvukorgus-125-cm","16":"pa_laius-70-cm","17":"pa_lisainfo-ideaalne-heki-loomiseks","18":"pa_lisainfo-sobib-loikelilleks","19":"pa_lisainfo-sobib-osalise-varjuga-kasvualale","20":"pa_lisainfo-talub-ka-tuulisemat-kasvukohta","21":"pa_lohn-keskmine","22":"pa_lohn-murrine","23":"pa_oie-suurus-keskmine","24":"pa_oie-varv-roosa","25":"pa_oietuup-taidisois","26":"pa_oitsemine-korduvalt-oitsev","27":"pa_sort-poosasroos","28":"pa_taimede-arvestus-ruutmeetri-3-4","29":"pa_talvekindlus-hea","30":"pa_variatsioon-paljasjuurne-ainult-kevadel","31":"pa_variatsioon-potis-4-6l","32":"pa_variatsioon-potis-4-6l-suvel-ja-sugisel","34":"first","35":"outofstock","36":"purchasable","37":"product-type-variable"},"acf":[],"_links":{"self":[{"href":"https:\/\/dev.garden.ee\/en\/wp-json\/wp\/v2\/product\/646","targetHints":{"allow":["GET"]}}],"collection":[{"href":"https:\/\/dev.garden.ee\/en\/wp-json\/wp\/v2\/product"}],"about":[{"href":"https:\/\/dev.garden.ee\/en\/wp-json\/wp\/v2\/types\/product"}],"wp:featuredmedia":[{"embeddable":true,"href":"https:\/\/dev.garden.ee\/en\/wp-json\/wp\/v2\/media\/433"}],"wp:attachment":[{"href":"https:\/\/dev.garden.ee\/en\/wp-json\/wp\/v2\/media?parent=646"}],"wp:term":[{"taxonomy":"product_brand","embeddable":true,"href":"https:\/\/dev.garden.ee\/en\/wp-json\/wp\/v2\/product_brand?post=646"},{"taxonomy":"product_cat","embeddable":true,"href":"https:\/\/dev.garden.ee\/en\/wp-json\/wp\/v2\/product_cat?post=646"},{"taxonomy":"product_tag","embeddable":true,"href":"https:\/\/dev.garden.ee\/en\/wp-json\/wp\/v2\/product_tag?post=646"}],"curies":[{"name":"wp","href":"https:\/\/api.w.org\/{rel}","templated":true}]}}