{"id":6433,"date":"2023-01-18T17:49:18","date_gmt":"2023-01-18T15:49:18","guid":{"rendered":"https:\/\/dev.zezz.ee\/garden\/toode\/hydrangea-arborescens-strong-annabelle\/"},"modified":"2023-04-18T14:54:33","modified_gmt":"2023-04-18T11:54:33","slug":"hydrangea-arborescens-strong-annabelle","status":"publish","type":"product","link":"https:\/\/dev.garden.ee\/en\/product\/hydrangea-arborescens-strong-annabelle\/","title":{"rendered":"Hydrangea arborescens &#8216;Strong Annabelle&#8217;"},"content":{"rendered":"<input class=\"fooboxshare_post_id\" type=\"hidden\" value=\"6433\"\/>","protected":false},"excerpt":{"rendered":"<p>Ameerikast p\u00e4rit sort &#8216;Strong Annabelle&#8217; \/ &#8216;Incrediball&#8217; on nagu nimigi juba viitab tugevam edasiarendus sordist &#8216;Annabelle&#8217;. Kui sordi &#8216;Annabelle&#8217; puhul v\u00f5is nautida imelisi suuri \u00f5isikuid, siis antud sordi puhul v\u00f5ib nautida lausa jalgpalli suuruseid (\u00d8 30 cm) \u00f5isikuid. Puhasvalged \u00f5rnalt aromaatsed \u00f5isikud p\u00fcsivad kaunina septembri l\u00f5puni. Lisaks on sordil t\u00e4iendusena veelgi tugevamad ning paksemad v\u00f5rsed, mis olenemata tuulest v\u00f5i vihmast suudavad \u00f5isi ka kenasti \u00fcleval hoida. Tumerohelised lehed muutuvad s\u00fcgisel kollasteks. Talvekindlus on erakordselt tugev, kannatades k\u00fclma kuni -40\u00b0C. Kuivemal perioodil tuleks taime korralikult kasta.<\/p>\n<p>Miks mitte\u00a0muuta tavap\u00e4rased hekid pisut p\u00f5nevamaks ning kombineerida hekkides p\u00f5\u00f5sastega koos nt roniroose.\u00a0Kaaslasena sobib nt\u00a0roniroos &#8216;Elfe&#8217;<em>.\u00a0<\/em>Vt all &#8211; seotud tooted.<\/p>","protected":false},"featured_media":6434,"template":"","meta":[],"product_brand":[],"product_cat":[4403,4406,4396,22],"product_tag":[],"class_list":{"0":"post-6433","1":"product","2":"type-product","3":"status-publish","4":"has-post-thumbnail","6":"product_cat-kodu","7":"product_cat-park","8":"product_cat-puud-ja-poosad","9":"product_cat-taimed","10":"pa_moodud-k-15-m-l-15-m","11":"pa_muugisuurus-erinevad-suurused","12":"pa_oie-varv-valge","13":"pa_oitsemise-aeg-juuli-september","14":"pa_talvekindlus-vaga-hea","15":"pa_tsoon-3-6","16":"pa_variatsioon-poosas-h-30-40-cm","17":"pa_variatsioon-poosas-h-60-80-cm","19":"first","20":"instock","21":"taxable","22":"shipping-taxable","23":"purchasable","24":"product-type-variable"},"acf":[],"_links":{"self":[{"href":"https:\/\/dev.garden.ee\/en\/wp-json\/wp\/v2\/product\/6433","targetHints":{"allow":["GET"]}}],"collection":[{"href":"https:\/\/dev.garden.ee\/en\/wp-json\/wp\/v2\/product"}],"about":[{"href":"https:\/\/dev.garden.ee\/en\/wp-json\/wp\/v2\/types\/product"}],"wp:featuredmedia":[{"embeddable":true,"href":"https:\/\/dev.garden.ee\/en\/wp-json\/wp\/v2\/media\/6434"}],"wp:attachment":[{"href":"https:\/\/dev.garden.ee\/en\/wp-json\/wp\/v2\/media?parent=6433"}],"wp:term":[{"taxonomy":"product_brand","embeddable":true,"href":"https:\/\/dev.garden.ee\/en\/wp-json\/wp\/v2\/product_brand?post=6433"},{"taxonomy":"product_cat","embeddable":true,"href":"https:\/\/dev.garden.ee\/en\/wp-json\/wp\/v2\/product_cat?post=6433"},{"taxonomy":"product_tag","embeddable":true,"href":"https:\/\/dev.garden.ee\/en\/wp-json\/wp\/v2\/product_tag?post=6433"}],"curies":[{"name":"wp","href":"https:\/\/api.w.org\/{rel}","templated":true}]}}