{"id":6370,"date":"2023-01-18T17:48:42","date_gmt":"2023-01-18T15:48:42","guid":{"rendered":"https:\/\/dev.zezz.ee\/garden\/toode\/persicaria-amplexicaulis-alba\/"},"modified":"2026-03-05T17:14:02","modified_gmt":"2026-03-05T15:14:02","slug":"persicaria-amplexicaulis-alba","status":"publish","type":"product","link":"https:\/\/dev.garden.ee\/en\/product\/persicaria-amplexicaulis-alba\/","title":{"rendered":"Persicaria amplexicaulis &#8216;Alba&#8217;"},"content":{"rendered":"<input class=\"fooboxshare_post_id\" type=\"hidden\" value=\"6370\"\/>","protected":false},"excerpt":{"rendered":"<p>P\u00fcstise kasvuga puhmamoodustaval p\u00fcsikul on suured ovaalsed, terava otsaga lehed. Lehestiku kohal k\u00f5rguvad sihvakad valged \u00f5isikud. Parim kasvukoht on pidevalt niiske nt armastab kasvada veekogude l\u00e4heduses.\u00a0J\u00f5ulise kasvu ning meeldivalt pika \u00f5itsemisperioodiga taim on aias muretu kaaslane. \u00d5ied meelitavad liblikaid ning mesilasi. Koos v\u00f5iks teda v\u00e4ga edukalt kasvatada n\u00e4iteks k\u00f5rreliste ning s\u00fcgisel \u00f5itsevate p\u00fcsikutega.<\/p>","protected":false},"featured_media":25879,"template":"","meta":[],"product_brand":[],"product_cat":[4415,4401,4409,4392,22],"product_tag":[],"class_list":{"0":"post-6370","1":"product","2":"type-product","3":"status-publish","4":"has-post-thumbnail","6":"product_cat-lilleaed","7":"product_cat-pusikud","8":"product_cat-tiigiaed","9":"product_cat-tiigitaimed","10":"product_cat-taimed","11":"pa_moodud-k-90-cm-l-90-cm","12":"pa_oie-varv-valge","13":"pa_oitsemise-aeg-juuli-september","14":"pa_talvekindlus-vaga-hea","15":"pa_tsoon-z-4-9","16":"pa_variatsioon-suurem-pott","17":"pa_variatsioon-vaiksem-pott","19":"first","20":"outofstock","21":"purchasable","22":"product-type-variable"},"acf":[],"_links":{"self":[{"href":"https:\/\/dev.garden.ee\/en\/wp-json\/wp\/v2\/product\/6370","targetHints":{"allow":["GET"]}}],"collection":[{"href":"https:\/\/dev.garden.ee\/en\/wp-json\/wp\/v2\/product"}],"about":[{"href":"https:\/\/dev.garden.ee\/en\/wp-json\/wp\/v2\/types\/product"}],"wp:featuredmedia":[{"embeddable":true,"href":"https:\/\/dev.garden.ee\/en\/wp-json\/wp\/v2\/media\/25879"}],"wp:attachment":[{"href":"https:\/\/dev.garden.ee\/en\/wp-json\/wp\/v2\/media?parent=6370"}],"wp:term":[{"taxonomy":"product_brand","embeddable":true,"href":"https:\/\/dev.garden.ee\/en\/wp-json\/wp\/v2\/product_brand?post=6370"},{"taxonomy":"product_cat","embeddable":true,"href":"https:\/\/dev.garden.ee\/en\/wp-json\/wp\/v2\/product_cat?post=6370"},{"taxonomy":"product_tag","embeddable":true,"href":"https:\/\/dev.garden.ee\/en\/wp-json\/wp\/v2\/product_tag?post=6370"}],"curies":[{"name":"wp","href":"https:\/\/api.w.org\/{rel}","templated":true}]}}