{"id":6293,"date":"2023-01-18T17:47:54","date_gmt":"2023-01-18T15:47:54","guid":{"rendered":"https:\/\/dev.zezz.ee\/garden\/toode\/hosta-pathfinder\/"},"modified":"2026-02-27T16:49:01","modified_gmt":"2026-02-27T14:49:01","slug":"hosta-pathfinder","status":"publish","type":"product","link":"https:\/\/dev.garden.ee\/en\/product\/hosta-pathfinder\/","title":{"rendered":"Hosta &#8216;Pathfinder&#8217;"},"content":{"rendered":"<input class=\"fooboxshare_post_id\" type=\"hidden\" value=\"6293\"\/>","protected":false},"excerpt":{"rendered":"<p>Paksud, s\u00fcdaja kujuga, suured lehed (kuni 13 cm) on tumeroheliste servade ja kreemikasvalge keskosaga,\u00a0mida kaunistavad rohelised t\u00e4pid. \u00d5itseb juulis- augustis lavendeljate \u00f5itega. Sordiomaseks v\u00e4rvumiseks vajab hommikup\u00e4ikest. Keskmise kasvuga ja aeglase kuni keskmise kasvukiirusega.\u00a0N\u00e4lkjaresistentne.<\/p>","protected":false},"featured_media":25590,"template":"","meta":[],"product_brand":[],"product_cat":[4406,4401,4412,22],"product_tag":[],"class_list":{"0":"post-6293","1":"product","2":"type-product","3":"status-publish","4":"has-post-thumbnail","6":"product_cat-park","7":"product_cat-pusikud","8":"product_cat-varjuaed","9":"product_cat-taimed","10":"pa_haiguskindlus-vaga-hea","11":"pa_moodud-k-40-50-cm-l-80-cm","12":"pa_oie-varv-lilla","13":"pa_oitsemise-aeg-juuli-august","14":"pa_talvekindlus-vaga-hea","15":"pa_tsoon-3-9","16":"pa_variatsioon-suurem-pott","17":"pa_variatsioon-suurem-pott-soodushind-50","18":"pa_variatsioon-vaiksem-pott","20":"first","21":"instock","22":"sale","23":"purchasable","24":"product-type-variable"},"acf":[],"_links":{"self":[{"href":"https:\/\/dev.garden.ee\/en\/wp-json\/wp\/v2\/product\/6293","targetHints":{"allow":["GET"]}}],"collection":[{"href":"https:\/\/dev.garden.ee\/en\/wp-json\/wp\/v2\/product"}],"about":[{"href":"https:\/\/dev.garden.ee\/en\/wp-json\/wp\/v2\/types\/product"}],"wp:featuredmedia":[{"embeddable":true,"href":"https:\/\/dev.garden.ee\/en\/wp-json\/wp\/v2\/media\/25590"}],"wp:attachment":[{"href":"https:\/\/dev.garden.ee\/en\/wp-json\/wp\/v2\/media?parent=6293"}],"wp:term":[{"taxonomy":"product_brand","embeddable":true,"href":"https:\/\/dev.garden.ee\/en\/wp-json\/wp\/v2\/product_brand?post=6293"},{"taxonomy":"product_cat","embeddable":true,"href":"https:\/\/dev.garden.ee\/en\/wp-json\/wp\/v2\/product_cat?post=6293"},{"taxonomy":"product_tag","embeddable":true,"href":"https:\/\/dev.garden.ee\/en\/wp-json\/wp\/v2\/product_tag?post=6293"}],"curies":[{"name":"wp","href":"https:\/\/api.w.org\/{rel}","templated":true}]}}