{"id":6242,"date":"2023-01-18T17:47:24","date_gmt":"2023-01-18T15:47:24","guid":{"rendered":"https:\/\/dev.zezz.ee\/garden\/toode\/dicentra-spectabilis\/"},"modified":"2026-02-21T20:41:19","modified_gmt":"2026-02-21T18:41:19","slug":"dicentra-spectabilis","status":"publish","type":"product","link":"https:\/\/dev.garden.ee\/en\/product\/dicentra-spectabilis\/","title":{"rendered":"Dicentra spectabilis"},"content":{"rendered":"<input class=\"fooboxshare_post_id\" type=\"hidden\" value=\"6242\"\/>","protected":false},"excerpt":{"rendered":"<p>\u00dcks kuulsamaid ja romantilisemaid taimi t\u00e4nu omap\u00e4rasele s\u00fcdamekujulisele \u00f5iele. Kompaktne ja pikalt\u00f5itsev murtuds\u00fcda. Delikaatsed, rippuvad \u00f5ied k\u00f5rguvad hallikasroheliste lehtede kohal. \u00d5itsenud \u00f5ite eemaldamine soodustab uuesti \u00f5itsemist. Sobib konteineritesse.<\/p>","protected":false},"featured_media":6243,"template":"","meta":[],"product_brand":[],"product_cat":[9637,4406,4401,4412,22],"product_tag":[],"class_list":{"0":"post-6242","1":"product","2":"type-product","3":"status-publish","4":"has-post-thumbnail","6":"product_cat-istutuskast","7":"product_cat-park","8":"product_cat-pusikud","9":"product_cat-varjuaed","10":"product_cat-taimed","11":"pa_haiguskindlus-hea","12":"pa_kasvukorgus-60-90-cm","13":"pa_laius-40-90-cm","14":"pa_lehestikuvarv-hallikasroheline","15":"pa_lisainfo-pilgupuudja","16":"pa_lisainfo-sobilik-istutuskasti-jaoks","17":"pa_lisainfo-sobib-osalise-varjuga-kasvualale","18":"pa_oie-varv-roosa","19":"pa_oitsemise-aeg-mai-juuli","20":"pa_talvekindlus-vaga-hea","21":"pa_tingimused-koik-mullatuubid","22":"pa_tingimused-niiske","23":"pa_tingimused-parasniiske","24":"pa_tsoon-2-9","25":"pa_valguse-tingimused-paike","26":"pa_valguse-tingimused-poolvari","27":"pa_variatsioon-suurem-pott","28":"pa_variatsioon-vaiksem-pott","30":"first","31":"instock","32":"purchasable","33":"product-type-variable"},"acf":[],"_links":{"self":[{"href":"https:\/\/dev.garden.ee\/en\/wp-json\/wp\/v2\/product\/6242","targetHints":{"allow":["GET"]}}],"collection":[{"href":"https:\/\/dev.garden.ee\/en\/wp-json\/wp\/v2\/product"}],"about":[{"href":"https:\/\/dev.garden.ee\/en\/wp-json\/wp\/v2\/types\/product"}],"wp:featuredmedia":[{"embeddable":true,"href":"https:\/\/dev.garden.ee\/en\/wp-json\/wp\/v2\/media\/6243"}],"wp:attachment":[{"href":"https:\/\/dev.garden.ee\/en\/wp-json\/wp\/v2\/media?parent=6242"}],"wp:term":[{"taxonomy":"product_brand","embeddable":true,"href":"https:\/\/dev.garden.ee\/en\/wp-json\/wp\/v2\/product_brand?post=6242"},{"taxonomy":"product_cat","embeddable":true,"href":"https:\/\/dev.garden.ee\/en\/wp-json\/wp\/v2\/product_cat?post=6242"},{"taxonomy":"product_tag","embeddable":true,"href":"https:\/\/dev.garden.ee\/en\/wp-json\/wp\/v2\/product_tag?post=6242"}],"curies":[{"name":"wp","href":"https:\/\/api.w.org\/{rel}","templated":true}]}}