{"id":6182,"date":"2023-01-18T17:46:56","date_gmt":"2023-01-18T15:46:56","guid":{"rendered":"https:\/\/dev.zezz.ee\/garden\/toode\/kaarid-taskukaarid-flora-brite\/"},"modified":"2023-03-10T15:51:23","modified_gmt":"2023-03-10T13:51:23","slug":"kaarid-taskukaarid-flora-brite","status":"publish","type":"product","link":"https:\/\/dev.garden.ee\/en\/product\/kaarid-taskukaarid-flora-brite\/","title":{"rendered":"K\u00e4\u00e4rid &#8211; taskuk\u00e4\u00e4rid &#8211; Flora Brite"},"content":{"rendered":"<input class=\"fooboxshare_post_id\" type=\"hidden\" value=\"6182\"\/>","protected":false},"excerpt":{"rendered":"<p>Head k&auml;&auml;rid k&otilde;ikideks&nbsp;kergemateks\/keskmisteks aiat&ouml;&ouml;-l&otilde;ikusteks, ka roosidele.&nbsp;K&otilde;rge s&uuml;sinikusisaldusega tera tagab k&auml;&auml;ride p&uuml;siva l&otilde;iketeravuse.&nbsp;V&auml;ike ja keskmine k&auml;si.&nbsp;<\/p>\n<p>17 cm pikad, kaaluvad v&auml;hem kui 150 g. Tugevad k&auml;epidemed on kaetud mittelibiseva kummitaolise erkkollase kihiga. Erksa v&auml;rviga k&auml;epide paistab h&auml;sti silma, seet&otilde;ttu pole hirmu, et k&auml;&auml;rid lehestiku sees kaotsi l&auml;heks. L&otilde;ikab kuni 1,5 cm diameetriga oksi.<\/p>\n<p>Sobilik ka kingituseks &#8211; k&auml;&auml;rid on kinkepakis.<\/p>","protected":false},"featured_media":6183,"template":"","meta":[],"product_brand":[],"product_cat":[4403,4417,4418],"product_tag":[],"class_list":{"0":"post-6182","1":"product","2":"type-product","3":"status-publish","4":"has-post-thumbnail","6":"product_cat-kodu","7":"product_cat-tarvikud","8":"product_cat-tooriistad-ja-abivahendid","9":"pa_variatsioon-kaarid","11":"first","12":"outofstock","13":"product-type-variable"},"acf":[],"_links":{"self":[{"href":"https:\/\/dev.garden.ee\/en\/wp-json\/wp\/v2\/product\/6182","targetHints":{"allow":["GET"]}}],"collection":[{"href":"https:\/\/dev.garden.ee\/en\/wp-json\/wp\/v2\/product"}],"about":[{"href":"https:\/\/dev.garden.ee\/en\/wp-json\/wp\/v2\/types\/product"}],"wp:featuredmedia":[{"embeddable":true,"href":"https:\/\/dev.garden.ee\/en\/wp-json\/wp\/v2\/media\/6183"}],"wp:attachment":[{"href":"https:\/\/dev.garden.ee\/en\/wp-json\/wp\/v2\/media?parent=6182"}],"wp:term":[{"taxonomy":"product_brand","embeddable":true,"href":"https:\/\/dev.garden.ee\/en\/wp-json\/wp\/v2\/product_brand?post=6182"},{"taxonomy":"product_cat","embeddable":true,"href":"https:\/\/dev.garden.ee\/en\/wp-json\/wp\/v2\/product_cat?post=6182"},{"taxonomy":"product_tag","embeddable":true,"href":"https:\/\/dev.garden.ee\/en\/wp-json\/wp\/v2\/product_tag?post=6182"}],"curies":[{"name":"wp","href":"https:\/\/api.w.org\/{rel}","templated":true}]}}