{"id":6178,"date":"2023-01-18T17:46:53","date_gmt":"2023-01-18T15:46:53","guid":{"rendered":"https:\/\/dev.zezz.ee\/garden\/toode\/dianthus-berlin-snow\/"},"modified":"2026-02-21T19:59:33","modified_gmt":"2026-02-21T17:59:33","slug":"dianthus-berlin-snow","status":"publish","type":"product","link":"https:\/\/dev.garden.ee\/en\/product\/dianthus-berlin-snow\/","title":{"rendered":"Dianthus &#8216;Berlin Snow&#8217;"},"content":{"rendered":"<input class=\"fooboxshare_post_id\" type=\"hidden\" value=\"6178\"\/>","protected":false},"excerpt":{"rendered":"<p>V\u00e4ikesed h\u00f5behallid lineaarsed lehed moodustavad kuni 10cm padja, mille kohal pisut k\u00f5rgema varre otsa ilmuvad v\u00e4ikesed valged, nelgisarnased \u00f5ied. \u00d5ied l\u00f5hnavad v\u00fcrtsikalt, mis meelitab mesilasi ja liblikaid. Lehed on igihaljad. Ideaalne taim kiviktaimlasse v\u00f5i tee\u00e4\u00e4ristuseks. Ettevaatust, taim on m\u00fcrgine!<\/p>","protected":false},"featured_media":6179,"template":"","meta":[],"product_brand":[],"product_cat":[9503,4415,6934,4401,4408,22],"product_tag":[],"class_list":{"0":"post-6178","1":"product","2":"type-product","3":"status-publish","4":"has-post-thumbnail","6":"product_cat-kiviktaimla","7":"product_cat-lilleaed","8":"product_cat-mesilassobralik-aed","9":"product_cat-pusikud","10":"product_cat-vaike-aed","11":"product_cat-taimed","12":"pa_haiguskindlus-hea","13":"pa_kasvukorgus-5-10-cm","14":"pa_laius-10-15-cm","15":"pa_lisainfo-igihaljas","16":"pa_lisainfo-mesilaste-lemmik","17":"pa_lisainfo-murgine","18":"pa_lohn-lohnav","19":"pa_oie-varv-valge","20":"pa_oitsemise-aeg-mai-juuli","21":"pa_talvekindlus-vaga-hea","22":"pa_tingimused-hea-drenaaz","23":"pa_tingimused-kuiv","24":"pa_tingimused-neutraalne","25":"pa_tsoon-3-9","26":"pa_valguse-tingimused-paike","27":"pa_variatsioon-suurem-pott","28":"pa_variatsioon-vaiksem-pott","30":"first","31":"instock","32":"purchasable","33":"product-type-variable"},"acf":[],"_links":{"self":[{"href":"https:\/\/dev.garden.ee\/en\/wp-json\/wp\/v2\/product\/6178","targetHints":{"allow":["GET"]}}],"collection":[{"href":"https:\/\/dev.garden.ee\/en\/wp-json\/wp\/v2\/product"}],"about":[{"href":"https:\/\/dev.garden.ee\/en\/wp-json\/wp\/v2\/types\/product"}],"wp:featuredmedia":[{"embeddable":true,"href":"https:\/\/dev.garden.ee\/en\/wp-json\/wp\/v2\/media\/6179"}],"wp:attachment":[{"href":"https:\/\/dev.garden.ee\/en\/wp-json\/wp\/v2\/media?parent=6178"}],"wp:term":[{"taxonomy":"product_brand","embeddable":true,"href":"https:\/\/dev.garden.ee\/en\/wp-json\/wp\/v2\/product_brand?post=6178"},{"taxonomy":"product_cat","embeddable":true,"href":"https:\/\/dev.garden.ee\/en\/wp-json\/wp\/v2\/product_cat?post=6178"},{"taxonomy":"product_tag","embeddable":true,"href":"https:\/\/dev.garden.ee\/en\/wp-json\/wp\/v2\/product_tag?post=6178"}],"curies":[{"name":"wp","href":"https:\/\/api.w.org\/{rel}","templated":true}]}}