{"id":4968,"date":"2023-01-18T17:42:51","date_gmt":"2023-01-18T15:42:51","guid":{"rendered":"https:\/\/dev.zezz.ee\/garden\/toode\/sambucus-black-lace\/"},"modified":"2026-01-19T18:19:06","modified_gmt":"2026-01-19T16:19:06","slug":"sambucus-black-lace","status":"publish","type":"product","link":"https:\/\/dev.garden.ee\/en\/product\/sambucus-black-lace\/","title":{"rendered":"Sambucus &#8216;Black Lace&#8217;"},"content":{"rendered":"<input class=\"fooboxshare_post_id\" type=\"hidden\" value=\"4968\"\/>","protected":false},"excerpt":{"rendered":"<p>Laiuva v\u00f5raga suurem p\u00f5\u00f5sas toob aeda p\u00f5nevat dramaatilisust. Seda saavutab ta t\u00e4nu oma kaunilt l\u00f5hiselisele ning mustjaspurpurse, ebahariliku tooniga lehestikule. Suve esimeses pooles \u00f5itsevad valkjaskreemjad, roosad \u00f5isikud ebasarikates. Hiliss\u00fcgisel valmivad mustjad marjad. Kasvukoha suhtes v\u00e4ga leplik ning ka tuule suhtes vapralt vastupidav, sobib parkidesse, vabakujulistesse hekidesse.<\/p>","protected":false},"featured_media":4969,"template":"","meta":[],"product_brand":[],"product_cat":[4403,4395,4406,4396,22],"product_tag":[],"class_list":{"0":"post-4968","1":"product","2":"type-product","3":"status-publish","4":"has-post-thumbnail","6":"product_cat-kodu","7":"product_cat-hekid","8":"product_cat-park","9":"product_cat-puud-ja-poosad","10":"product_cat-taimed","11":"pa_moodud-k-18-24-m-l-15-2-m","12":"pa_oie-varv-roosa","13":"pa_oitsemise-aeg-juuni-juuli","14":"pa_talvekindlus-vaga-hea","15":"pa_variatsioon-poosas-h-30-40-cm","16":"pa_variatsioon-poosas-h-40-60-cm","18":"first","19":"outofstock","20":"taxable","21":"shipping-taxable","22":"purchasable","23":"product-type-variable"},"acf":[],"_links":{"self":[{"href":"https:\/\/dev.garden.ee\/en\/wp-json\/wp\/v2\/product\/4968","targetHints":{"allow":["GET"]}}],"collection":[{"href":"https:\/\/dev.garden.ee\/en\/wp-json\/wp\/v2\/product"}],"about":[{"href":"https:\/\/dev.garden.ee\/en\/wp-json\/wp\/v2\/types\/product"}],"wp:featuredmedia":[{"embeddable":true,"href":"https:\/\/dev.garden.ee\/en\/wp-json\/wp\/v2\/media\/4969"}],"wp:attachment":[{"href":"https:\/\/dev.garden.ee\/en\/wp-json\/wp\/v2\/media?parent=4968"}],"wp:term":[{"taxonomy":"product_brand","embeddable":true,"href":"https:\/\/dev.garden.ee\/en\/wp-json\/wp\/v2\/product_brand?post=4968"},{"taxonomy":"product_cat","embeddable":true,"href":"https:\/\/dev.garden.ee\/en\/wp-json\/wp\/v2\/product_cat?post=4968"},{"taxonomy":"product_tag","embeddable":true,"href":"https:\/\/dev.garden.ee\/en\/wp-json\/wp\/v2\/product_tag?post=4968"}],"curies":[{"name":"wp","href":"https:\/\/api.w.org\/{rel}","templated":true}]}}