{"id":4961,"date":"2023-01-18T17:42:47","date_gmt":"2023-01-18T15:42:47","guid":{"rendered":"https:\/\/dev.zezz.ee\/garden\/toode\/rosa-rugosa-rubra\/"},"modified":"2023-03-23T10:08:08","modified_gmt":"2023-03-23T08:08:08","slug":"rosa-rugosa-rubra","status":"publish","type":"product","link":"https:\/\/dev.garden.ee\/en\/product\/rosa-rugosa-rubra\/","title":{"rendered":"Rosa rugosa &#8216;Rubra&#8217;"},"content":{"rendered":"<input class=\"fooboxshare_post_id\" type=\"hidden\" value=\"4961\"\/>","protected":false},"excerpt":{"rendered":"<p>Tugevate v\u00f5rsetega ning v\u00e4ga ogaline looduslik roosi sort. \u00d5itest valmivad suured oran\u017eikaspunased s\u00f6\u00f6davad viljad. Talub h\u00e4sti linnatingimusi.<\/p>","protected":false},"featured_media":4962,"template":"","meta":[],"product_brand":[],"product_cat":[4403,4395,6934,4416,4402,22],"product_tag":[],"class_list":{"0":"post-4961","1":"product","2":"type-product","3":"status-publish","4":"has-post-thumbnail","6":"product_cat-kodu","7":"product_cat-hekid","8":"product_cat-mesilassobralik-aed","9":"product_cat-roosiaed","10":"product_cat-roosid","11":"product_cat-taimed","12":"pa_haiguskindlus-vaga-hea","13":"pa_lohn-orn","14":"pa_moodud-k-180-200-cm-k-150-180-cm","15":"pa_oie-suurus-keskmine","16":"pa_oie-varv-roosa","17":"pa_oietuup-lihtois","18":"pa_oitsemine-uhekordne-oitsemine","19":"pa_sort-looduslik-sort","20":"pa_talvekindlus-vaga-hea","21":"pa_variatsioon-poosas-h-50-80-cm","23":"first","24":"outofstock","25":"taxable","26":"shipping-taxable","27":"purchasable","28":"product-type-variable"},"acf":[],"_links":{"self":[{"href":"https:\/\/dev.garden.ee\/en\/wp-json\/wp\/v2\/product\/4961","targetHints":{"allow":["GET"]}}],"collection":[{"href":"https:\/\/dev.garden.ee\/en\/wp-json\/wp\/v2\/product"}],"about":[{"href":"https:\/\/dev.garden.ee\/en\/wp-json\/wp\/v2\/types\/product"}],"wp:featuredmedia":[{"embeddable":true,"href":"https:\/\/dev.garden.ee\/en\/wp-json\/wp\/v2\/media\/4962"}],"wp:attachment":[{"href":"https:\/\/dev.garden.ee\/en\/wp-json\/wp\/v2\/media?parent=4961"}],"wp:term":[{"taxonomy":"product_brand","embeddable":true,"href":"https:\/\/dev.garden.ee\/en\/wp-json\/wp\/v2\/product_brand?post=4961"},{"taxonomy":"product_cat","embeddable":true,"href":"https:\/\/dev.garden.ee\/en\/wp-json\/wp\/v2\/product_cat?post=4961"},{"taxonomy":"product_tag","embeddable":true,"href":"https:\/\/dev.garden.ee\/en\/wp-json\/wp\/v2\/product_tag?post=4961"}],"curies":[{"name":"wp","href":"https:\/\/api.w.org\/{rel}","templated":true}]}}