{"id":4779,"date":"2023-01-18T17:41:16","date_gmt":"2023-01-18T15:41:16","guid":{"rendered":"https:\/\/dev.zezz.ee\/garden\/toode\/anthriscus-sylvestris-ravenswing\/"},"modified":"2026-02-16T18:58:27","modified_gmt":"2026-02-16T16:58:27","slug":"anthriscus-sylvestris-ravenswing","status":"publish","type":"product","link":"https:\/\/dev.garden.ee\/en\/product\/anthriscus-sylvestris-ravenswing\/","title":{"rendered":"Anthriscus sylvestris &#8216;Ravenswing&#8217;"},"content":{"rendered":"<input class=\"fooboxshare_post_id\" type=\"hidden\" value=\"4779\"\/>","protected":false},"excerpt":{"rendered":"<p>Anthriscus sylvestris &#8216;Ravenswing&#8217; mets-haraputke ilus vorm, petersellilaadsete tumelillade lehtede ja pisikeste kreemjas valgete \u00f5iekobaratega. Ta sobib kasvatamiseks segapeenras peenemate p\u00fcsikutega v\u00f5i loodusl\u00e4hedasetel niitudel. Sobib ka l\u00f5ikelilleks. Paljuneb seemnete abil.<\/p>","protected":false},"featured_media":4780,"template":"","meta":[],"product_brand":[],"product_cat":[4415,4406,4401,22],"product_tag":[],"class_list":{"0":"post-4779","1":"product","2":"type-product","3":"status-publish","4":"has-post-thumbnail","6":"product_cat-lilleaed","7":"product_cat-park","8":"product_cat-pusikud","9":"product_cat-taimed","10":"pa_haiguskindlus-vaga-hea","11":"pa_kasvukorgus-100-cm","12":"pa_laius-30-cm","13":"pa_lisainfo-mesilaste-lemmik","14":"pa_oie-varv-valge","15":"pa_oitsemise-aeg-juuni-juuli","16":"pa_talvekindlus-vaga-hea","17":"pa_tingimused-hea-drenaaz","18":"pa_tingimused-parasniiske","19":"pa_tsoon-3-7","20":"pa_valguse-tingimused-kerge-vari","21":"pa_valguse-tingimused-paike","22":"pa_variatsioon-suurem-pott","23":"pa_variatsioon-vaiksem-pott","25":"first","26":"onbackorder","27":"purchasable","28":"product-type-variable"},"acf":[],"_links":{"self":[{"href":"https:\/\/dev.garden.ee\/en\/wp-json\/wp\/v2\/product\/4779","targetHints":{"allow":["GET"]}}],"collection":[{"href":"https:\/\/dev.garden.ee\/en\/wp-json\/wp\/v2\/product"}],"about":[{"href":"https:\/\/dev.garden.ee\/en\/wp-json\/wp\/v2\/types\/product"}],"wp:featuredmedia":[{"embeddable":true,"href":"https:\/\/dev.garden.ee\/en\/wp-json\/wp\/v2\/media\/4780"}],"wp:attachment":[{"href":"https:\/\/dev.garden.ee\/en\/wp-json\/wp\/v2\/media?parent=4779"}],"wp:term":[{"taxonomy":"product_brand","embeddable":true,"href":"https:\/\/dev.garden.ee\/en\/wp-json\/wp\/v2\/product_brand?post=4779"},{"taxonomy":"product_cat","embeddable":true,"href":"https:\/\/dev.garden.ee\/en\/wp-json\/wp\/v2\/product_cat?post=4779"},{"taxonomy":"product_tag","embeddable":true,"href":"https:\/\/dev.garden.ee\/en\/wp-json\/wp\/v2\/product_tag?post=4779"}],"curies":[{"name":"wp","href":"https:\/\/api.w.org\/{rel}","templated":true}]}}