{"id":4733,"date":"2023-01-18T17:40:53","date_gmt":"2023-01-18T15:40:53","guid":{"rendered":"https:\/\/dev.zezz.ee\/garden\/toode\/eriophorum-angustifolium\/"},"modified":"2026-02-23T20:15:20","modified_gmt":"2026-02-23T18:15:20","slug":"eriophorum-angustifolium","status":"publish","type":"product","link":"https:\/\/dev.garden.ee\/en\/product\/eriophorum-angustifolium\/","title":{"rendered":"Eriophorum angustifolium"},"content":{"rendered":"<input class=\"fooboxshare_post_id\" type=\"hidden\" value=\"4733\"\/>","protected":false},"excerpt":{"rendered":"<p>See looduslikult soodes, rabades ja heinamaadel levinud hein, mis tegelikult ei olegi niiv\u00e4ga hein, on niiskuslembene &#8211; v\u00f5ib kasvada isegi vees. Armastab happelist pinda. Sobib igasugune savine kasvukoht. Kord sellise leidnud, v\u00f5ib k\u00e4ituda k\u00fcllaltki invasiivselt. Valguse osas n\u00f5udlik ei ole. Elab \u00fcle ka k\u00f5ige k\u00fclmemad talved.<\/p>\n<p>Muidu pretensioonitult rohekas-pruuni lehestikuga taime muudavad pilkup\u00fc\u00fcdvaks, nagu nimigi viitab, selle vartel end ilmutavad valged &#8220;villased&#8221; tutid, mis sarnanevad puuvillaga.<\/p>\n<p>Juured ja varred s\u00f6\u00f6davad. Juurelt tuleks eemaldada tume kest. Kasutusel seedeprobleemide ja k\u00f5hulahtisuse vastu.<\/p>","protected":false},"featured_media":4734,"template":"","meta":[],"product_brand":[],"product_cat":[4400,9650,4406,4401,4409,4392,22],"product_tag":[],"class_list":{"0":"post-4733","1":"product","2":"type-product","3":"status-publish","4":"has-post-thumbnail","6":"product_cat-korrelised","7":"product_cat-looduslik-aed","8":"product_cat-park","9":"product_cat-pusikud","10":"product_cat-tiigiaed","11":"product_cat-tiigitaimed","12":"product_cat-taimed","13":"pa_haiguskindlus-vaga-hea","14":"pa_kasvukorgus-30-90-cm","15":"pa_laius-90-cm","16":"pa_lisainfo-sobib-osalise-varjuga-kasvualale","17":"pa_lisainfo-veetaim","18":"pa_oie-varv-valge","19":"pa_oitsemise-aeg-mai-juuni","20":"pa_talvekindlus-vaga-hea","21":"pa_tingimused-happeline","22":"pa_tingimused-marg","23":"pa_tingimused-niiske","24":"pa_tingimused-savikas","25":"pa_tsoon-4-8","26":"pa_valguse-tingimused-paike","27":"pa_valguse-tingimused-poolvari","28":"pa_variatsioon-suurem-pott","29":"pa_variatsioon-vaiksem-pott","31":"first","32":"instock","33":"purchasable","34":"product-type-variable"},"acf":[],"_links":{"self":[{"href":"https:\/\/dev.garden.ee\/en\/wp-json\/wp\/v2\/product\/4733","targetHints":{"allow":["GET"]}}],"collection":[{"href":"https:\/\/dev.garden.ee\/en\/wp-json\/wp\/v2\/product"}],"about":[{"href":"https:\/\/dev.garden.ee\/en\/wp-json\/wp\/v2\/types\/product"}],"wp:featuredmedia":[{"embeddable":true,"href":"https:\/\/dev.garden.ee\/en\/wp-json\/wp\/v2\/media\/4734"}],"wp:attachment":[{"href":"https:\/\/dev.garden.ee\/en\/wp-json\/wp\/v2\/media?parent=4733"}],"wp:term":[{"taxonomy":"product_brand","embeddable":true,"href":"https:\/\/dev.garden.ee\/en\/wp-json\/wp\/v2\/product_brand?post=4733"},{"taxonomy":"product_cat","embeddable":true,"href":"https:\/\/dev.garden.ee\/en\/wp-json\/wp\/v2\/product_cat?post=4733"},{"taxonomy":"product_tag","embeddable":true,"href":"https:\/\/dev.garden.ee\/en\/wp-json\/wp\/v2\/product_tag?post=4733"}],"curies":[{"name":"wp","href":"https:\/\/api.w.org\/{rel}","templated":true}]}}