{"id":4720,"date":"2023-01-18T17:40:45","date_gmt":"2023-01-18T15:40:45","guid":{"rendered":"https:\/\/dev.zezz.ee\/garden\/toode\/echinacea-pallida\/"},"modified":"2026-02-22T21:23:13","modified_gmt":"2026-02-22T19:23:13","slug":"echinacea-pallida","status":"publish","type":"product","link":"https:\/\/dev.garden.ee\/en\/product\/echinacea-pallida\/","title":{"rendered":"Echinacea pallida"},"content":{"rendered":"<input class=\"fooboxshare_post_id\" type=\"hidden\" value=\"4720\"\/>","protected":false},"excerpt":{"rendered":"<p>K\u00fctkestav ja eluj\u00f5uline, on see heleroosa kuni lillakas siilk\u00fcbara sort oma allapoole langevate saledate \u00f5ielehtedega \u00fcks aednike lemmikuid. Lisaks huvitavale \u00f5iepeale, kaunistab taime ka tumeroheline sihvakatest siledaservalistest lehtedest koosnev rosett. Taim on tunnustatud oma kaua p\u00fcsivate \u00f5ite ning \u00e4\u00e4retu vastupidavuse t\u00f5ttu. Ideealne valik kujunduspeenrasse, niidu-aladele, pinnakattetaimeks v\u00f5i looduskujulisse aeda. Sobib fantastiliselt Rudbeckia sortide v\u00f5i muude p\u00fcsikutega, mis oskaksid seda esile t\u00f5sta (Geranium &#8216;Rozanne&#8217;, Petrovskia atriplicifolia, Nepeta racemosa).<\/p>\n<p>Taim on lisaks kaunis seadete tarvis &#8211; nii v\u00e4rskena, kui ka kuivatatult.<\/p>\n<p>NB! Kui \u00f5itsenud, varsi mitte tagasi l\u00f5igata. Seemnetega \u00f5iepead on talviseks toiduks lindudele.<\/p>","protected":false},"featured_media":4721,"template":"","meta":[],"product_brand":[],"product_cat":[4407,4415,4413,9650,6934,4401,22],"product_tag":[],"class_list":{"0":"post-4720","1":"product","2":"type-product","3":"status-publish","4":"has-post-thumbnail","6":"product_cat-aasad","7":"product_cat-lilleaed","8":"product_cat-loikelilleaed","9":"product_cat-looduslik-aed","10":"product_cat-mesilassobralik-aed","11":"product_cat-pusikud","12":"product_cat-taimed","13":"pa_haiguskindlus-vaga-hea","14":"pa_kasvukorgus-60-90-cm","15":"pa_laius-30-45-cm-2","16":"pa_lisainfo-mesilaste-lemmik","17":"pa_lisainfo-sobib-loikelilleks","18":"pa_lisainfo-sobib-osalise-varjuga-kasvualale","19":"pa_lisainfo-talub-ka-tuulisemat-kasvukohta","20":"pa_lisainfo-talvine-ponevus","21":"pa_oie-varv-roosa","22":"pa_oitsemise-aeg-juuni-august","23":"pa_talvekindlus-vaga-hea","24":"pa_tingimused-hea-drenaaz","25":"pa_tingimused-kuiv","26":"pa_tingimused-parasniiske","27":"pa_tsoon-3-10","28":"pa_valguse-tingimused-paike","29":"pa_valguse-tingimused-poolvari","30":"pa_variatsioon-suurem-pott","31":"pa_variatsioon-vaiksem-pott","33":"first","34":"instock","35":"purchasable","36":"product-type-variable"},"acf":[],"_links":{"self":[{"href":"https:\/\/dev.garden.ee\/en\/wp-json\/wp\/v2\/product\/4720","targetHints":{"allow":["GET"]}}],"collection":[{"href":"https:\/\/dev.garden.ee\/en\/wp-json\/wp\/v2\/product"}],"about":[{"href":"https:\/\/dev.garden.ee\/en\/wp-json\/wp\/v2\/types\/product"}],"wp:featuredmedia":[{"embeddable":true,"href":"https:\/\/dev.garden.ee\/en\/wp-json\/wp\/v2\/media\/4721"}],"wp:attachment":[{"href":"https:\/\/dev.garden.ee\/en\/wp-json\/wp\/v2\/media?parent=4720"}],"wp:term":[{"taxonomy":"product_brand","embeddable":true,"href":"https:\/\/dev.garden.ee\/en\/wp-json\/wp\/v2\/product_brand?post=4720"},{"taxonomy":"product_cat","embeddable":true,"href":"https:\/\/dev.garden.ee\/en\/wp-json\/wp\/v2\/product_cat?post=4720"},{"taxonomy":"product_tag","embeddable":true,"href":"https:\/\/dev.garden.ee\/en\/wp-json\/wp\/v2\/product_tag?post=4720"}],"curies":[{"name":"wp","href":"https:\/\/api.w.org\/{rel}","templated":true}]}}