{"id":4706,"date":"2023-01-18T17:40:36","date_gmt":"2023-01-18T15:40:36","guid":{"rendered":"https:\/\/dev.zezz.ee\/garden\/toode\/delphinium-magic-fountains-white-dark-bee\/"},"modified":"2026-02-20T19:54:32","modified_gmt":"2026-02-20T17:54:32","slug":"delphinium-magic-fountains-white-dark-bee","status":"publish","type":"product","link":"https:\/\/dev.garden.ee\/en\/product\/delphinium-magic-fountains-white-dark-bee\/","title":{"rendered":"Delphinium &#8216;Magic Fountains White Dark Bee&#8217;"},"content":{"rendered":"<input class=\"fooboxshare_post_id\" type=\"hidden\" value=\"4706\"\/>","protected":false},"excerpt":{"rendered":"<p>Keskmise suurusega kukekannuse sort, mille valgetel \u00f5isikutel on kaunilt kontrastsed tumedad s\u00fcdamikud. Taim on rikkalikult \u00f5isev. P\u00e4rast esimeste \u00f5ite n\u00e4rbumist soovitatav need tagasi l\u00f5igata &#8211; asemele tulevad uued ja n\u00f5nda j\u00e4tkub lille k\u00fclluslikku ilu augustikuu l\u00f5puni &#8211; sooja s\u00fcgise korral isegi kauem. Taim on m\u00fcrgine.<\/p>\n<p>NB! Liiki ohustab jahukaste. V\u00f5imalike kahjustuste v\u00e4ltimiseks pritsida eelnevalt rohelise seebiga v\u00f5i raputada pinnale puutuhka.<\/p>","protected":false},"featured_media":22966,"template":"","meta":[],"product_brand":[],"product_cat":[4415,4413,4401,22],"product_tag":[],"class_list":{"0":"post-4706","1":"product","2":"type-product","3":"status-publish","4":"has-post-thumbnail","6":"product_cat-lilleaed","7":"product_cat-loikelilleaed","8":"product_cat-pusikud","9":"product_cat-taimed","10":"pa_haiguskindlus-keskmine","11":"pa_kasvukorgus-90-100-cm","12":"pa_laius-45-60-cm","13":"pa_lisainfo-murgine","14":"pa_lisainfo-vajab-tuulte-eest-varju","15":"pa_oie-varv-valge","16":"pa_oitsemise-aeg-juuni-august","17":"pa_talvekindlus-vaga-hea","18":"pa_tingimused-niiske","19":"pa_tingimused-parasniiske","20":"pa_tsoon-3-8","21":"pa_valguse-tingimused-paike","22":"pa_variatsioon-suurem-pott","23":"pa_variatsioon-vaiksem-pott","25":"first","26":"onbackorder","27":"purchasable","28":"product-type-variable"},"acf":[],"_links":{"self":[{"href":"https:\/\/dev.garden.ee\/en\/wp-json\/wp\/v2\/product\/4706","targetHints":{"allow":["GET"]}}],"collection":[{"href":"https:\/\/dev.garden.ee\/en\/wp-json\/wp\/v2\/product"}],"about":[{"href":"https:\/\/dev.garden.ee\/en\/wp-json\/wp\/v2\/types\/product"}],"wp:featuredmedia":[{"embeddable":true,"href":"https:\/\/dev.garden.ee\/en\/wp-json\/wp\/v2\/media\/22966"}],"wp:attachment":[{"href":"https:\/\/dev.garden.ee\/en\/wp-json\/wp\/v2\/media?parent=4706"}],"wp:term":[{"taxonomy":"product_brand","embeddable":true,"href":"https:\/\/dev.garden.ee\/en\/wp-json\/wp\/v2\/product_brand?post=4706"},{"taxonomy":"product_cat","embeddable":true,"href":"https:\/\/dev.garden.ee\/en\/wp-json\/wp\/v2\/product_cat?post=4706"},{"taxonomy":"product_tag","embeddable":true,"href":"https:\/\/dev.garden.ee\/en\/wp-json\/wp\/v2\/product_tag?post=4706"}],"curies":[{"name":"wp","href":"https:\/\/api.w.org\/{rel}","templated":true}]}}