{"id":4700,"date":"2023-01-18T17:40:33","date_gmt":"2023-01-18T15:40:33","guid":{"rendered":"https:\/\/dev.zezz.ee\/garden\/toode\/crambe-maritima\/"},"modified":"2026-02-20T12:34:04","modified_gmt":"2026-02-20T10:34:04","slug":"crambe-maritima","status":"publish","type":"product","link":"https:\/\/dev.garden.ee\/en\/product\/crambe-maritima\/","title":{"rendered":"Crambe maritima"},"content":{"rendered":"<input class=\"fooboxshare_post_id\" type=\"hidden\" value=\"4700\"\/>","protected":false},"excerpt":{"rendered":"<p>J\u00f5uline p\u00fcsik. Taime dekoratiivne v\u00e4limus kajastub selle sinakasrohelistes kergelt h\u00f5bedase varjundiga lehtedes ning rikkalikus valges \u00f5iemeres, mis seda katab suve algusest augustini. Merikapsast on lihtne pidada, kui tagada hea drenaa\u017eiga kergelt alusekine pinnas ning valgusk\u00fcllane kasvukoht. Kuna tegemist on naturaaltingimustes niitudel ja mererannikul pesitseva sordiga, siis kannatab see taim h\u00e4sti ka p\u00f5uasemaid perioode.\u00a0\u00a0Taime v\u00e4rsked, noored lehed on s\u00f6\u00f6davad.<\/p>","protected":false},"featured_media":4701,"template":"","meta":[],"product_brand":[],"product_cat":[9637,4415,4401,4410,22],"product_tag":[],"class_list":{"0":"post-4700","1":"product","2":"type-product","3":"status-publish","4":"has-post-thumbnail","6":"product_cat-istutuskast","7":"product_cat-lilleaed","8":"product_cat-pusikud","9":"product_cat-tarbeaed","10":"product_cat-taimed","11":"pa_haiguskindlus-vaga-hea","12":"pa_kasvukorgus-60-90-cm","13":"pa_laius-50-60-cm","14":"pa_lehestikuvarv-sinakasroheline","15":"pa_lisainfo-sobilik-istutuskasti-jaoks","16":"pa_lisainfo-talub-pouda","17":"pa_oie-varv-valge","18":"pa_oitsemise-aeg-juuni-juuli","19":"pa_talvekindlus-vaga-hea","20":"pa_tingimused-hea-drenaaz","21":"pa_tingimused-kergelt-aluseline","22":"pa_tingimused-liivane","23":"pa_tingimused-parasniiske","24":"pa_tingimused-tavaline","25":"pa_tingimused-toitainetevaene","26":"pa_tsoon-5-9","27":"pa_valguse-tingimused-paike","28":"pa_valguse-tingimused-poolvari","29":"pa_variatsioon-suurem-pott","30":"pa_variatsioon-vaiksem-pott","32":"first","33":"onbackorder","34":"purchasable","35":"product-type-variable"},"acf":[],"_links":{"self":[{"href":"https:\/\/dev.garden.ee\/en\/wp-json\/wp\/v2\/product\/4700","targetHints":{"allow":["GET"]}}],"collection":[{"href":"https:\/\/dev.garden.ee\/en\/wp-json\/wp\/v2\/product"}],"about":[{"href":"https:\/\/dev.garden.ee\/en\/wp-json\/wp\/v2\/types\/product"}],"wp:featuredmedia":[{"embeddable":true,"href":"https:\/\/dev.garden.ee\/en\/wp-json\/wp\/v2\/media\/4701"}],"wp:attachment":[{"href":"https:\/\/dev.garden.ee\/en\/wp-json\/wp\/v2\/media?parent=4700"}],"wp:term":[{"taxonomy":"product_brand","embeddable":true,"href":"https:\/\/dev.garden.ee\/en\/wp-json\/wp\/v2\/product_brand?post=4700"},{"taxonomy":"product_cat","embeddable":true,"href":"https:\/\/dev.garden.ee\/en\/wp-json\/wp\/v2\/product_cat?post=4700"},{"taxonomy":"product_tag","embeddable":true,"href":"https:\/\/dev.garden.ee\/en\/wp-json\/wp\/v2\/product_tag?post=4700"}],"curies":[{"name":"wp","href":"https:\/\/api.w.org\/{rel}","templated":true}]}}