{"id":4695,"date":"2023-01-18T17:40:31","date_gmt":"2023-01-18T15:40:31","guid":{"rendered":"https:\/\/dev.zezz.ee\/garden\/toode\/baptisia-australis-alba\/"},"modified":"2026-02-18T11:22:55","modified_gmt":"2026-02-18T09:22:55","slug":"baptisia-australis-alba","status":"publish","type":"product","link":"https:\/\/dev.garden.ee\/en\/product\/baptisia-australis-alba\/","title":{"rendered":"Baptisia australis &#8216;Alba&#8217;"},"content":{"rendered":"<input class=\"fooboxshare_post_id\" type=\"hidden\" value=\"4695\"\/>","protected":false},"excerpt":{"rendered":"<p>Lupiinisarnane hernetaoliste \u00f5iekestega p\u00fcstine kompaktse v\u00f5raga p\u00fcsik. Vastupidav, kuigi pigem aeglase kasvuga. \u00d5itsemisperioodil valgeks v\u00e4rvuvad taimetipud loovad kauni kontrasti s\u00f6ekarva vartega. Sinakasroheline lehestik moodustab tugeva p\u00fcstise puhma. Taim on leplik. Istutuspinnaks sobib k\u00f5ik kuivast niiskeni. Kannatab nii kuumust, kui ka suurt \u00f5huniiskust.<\/p>","protected":false},"featured_media":4696,"template":"","meta":[],"product_brand":[],"product_cat":[4407,9637,4415,9702,4401,9550,22],"product_tag":[],"class_list":{"0":"post-4695","1":"product","2":"type-product","3":"status-publish","4":"has-post-thumbnail","6":"product_cat-aasad","7":"product_cat-istutuskast","8":"product_cat-lilleaed","9":"product_cat-linnaaed","10":"product_cat-pusikud","11":"product_cat-rodu-ja-terrass","12":"product_cat-taimed","13":"pa_haiguskindlus-hea","14":"pa_kasvukorgus-75-90-cm","15":"pa_laius-70-90-cm","16":"pa_lehestikuvarv-sinakasroheline","17":"pa_lisainfo-sobilik-istutuskasti-jaoks","18":"pa_oie-varv-valge","19":"pa_oitsemise-aeg-mai-juuni","20":"pa_talvekindlus-vaga-hea","21":"pa_tingimused-hea-drenaaz","22":"pa_tingimused-kuiv","23":"pa_tingimused-niiske","24":"pa_tingimused-parasniiske","25":"pa_tsoon-3-9","26":"pa_valguse-tingimused-paike","27":"pa_variatsioon-suurem-pott","28":"pa_variatsioon-vaiksem-pott","30":"first","31":"onbackorder","32":"purchasable","33":"product-type-variable"},"acf":[],"_links":{"self":[{"href":"https:\/\/dev.garden.ee\/en\/wp-json\/wp\/v2\/product\/4695","targetHints":{"allow":["GET"]}}],"collection":[{"href":"https:\/\/dev.garden.ee\/en\/wp-json\/wp\/v2\/product"}],"about":[{"href":"https:\/\/dev.garden.ee\/en\/wp-json\/wp\/v2\/types\/product"}],"wp:featuredmedia":[{"embeddable":true,"href":"https:\/\/dev.garden.ee\/en\/wp-json\/wp\/v2\/media\/4696"}],"wp:attachment":[{"href":"https:\/\/dev.garden.ee\/en\/wp-json\/wp\/v2\/media?parent=4695"}],"wp:term":[{"taxonomy":"product_brand","embeddable":true,"href":"https:\/\/dev.garden.ee\/en\/wp-json\/wp\/v2\/product_brand?post=4695"},{"taxonomy":"product_cat","embeddable":true,"href":"https:\/\/dev.garden.ee\/en\/wp-json\/wp\/v2\/product_cat?post=4695"},{"taxonomy":"product_tag","embeddable":true,"href":"https:\/\/dev.garden.ee\/en\/wp-json\/wp\/v2\/product_tag?post=4695"}],"curies":[{"name":"wp","href":"https:\/\/api.w.org\/{rel}","templated":true}]}}