{"id":4527,"date":"2023-01-18T17:38:37","date_gmt":"2023-01-18T15:38:37","guid":{"rendered":"https:\/\/dev.zezz.ee\/garden\/toode\/eustacia-vye\/"},"modified":"2026-02-10T16:09:41","modified_gmt":"2026-02-10T14:09:41","slug":"eustacia-vye","status":"publish","type":"product","link":"https:\/\/dev.garden.ee\/en\/product\/eustacia-vye\/","title":{"rendered":"Eustacia Vye"},"content":{"rendered":"<input class=\"fooboxshare_post_id\" type=\"hidden\" value=\"4527\"\/>","protected":false},"excerpt":{"rendered":"<p>\u00dclimalt ilusal roosil on pehmelt s\u00e4ravad aprikoosiroosad \u00f5ied. Tihedalt pakitud rohkete kroonlehtedega \u00f5ied on \u00f5itsemise alguses madala kausja vormiga. Neist avanevad t\u00e4iuslikud rosett\u00f5ied, paljastades s\u00fcdamikus rikkalikuma tooniga kroonlehed, mis ajapikku heledamaks pleekuvad. \u00d5itel on isu\u00e4ratav puuvilja l\u00f5hn. V\u00f5rsed on punaka varjundiga. V\u00e4ga hea haiguskindlusega; j\u00f5ulise, puhmja ning p\u00fcstise kasvuga.<\/p>\n<p>Nime saanud Thomas Hardy romaani &#8220;P\u00f5liselaniku tagasitulek&#8221; vigase kangelanna j\u00e4rgi.<\/p>\n<p><span style=\"color: #ff0000;\">ETTETELLIMINE, V\u00c4LJASTAMINE APRILLI KESKPAIGAST<\/span><\/p>","protected":false},"featured_media":4528,"template":"","meta":[],"product_brand":[],"product_cat":[9637,4416,4402,22],"product_tag":[],"class_list":{"0":"post-4527","1":"product","2":"type-product","3":"status-publish","4":"has-post-thumbnail","6":"product_cat-istutuskast","7":"product_cat-roosiaed","8":"product_cat-roosid","9":"product_cat-taimed","10":"pa_aretus-david-austin","11":"pa_avalikustamisaasta-uhendkuningriik-2019","12":"pa_haiguskindlus-vaga-hea","13":"pa_kasvukorgus-100-130-cm","14":"pa_laius-80-cm","15":"pa_lisainfo-sobilik-istutuskasti-jaoks","16":"pa_lisainfo-sobib-osalise-varjuga-kasvualale","17":"pa_lohn-tugev","18":"pa_lohn-puuviljane","19":"pa_oie-suurus-keskmine","20":"pa_oie-varv-aprikoos","21":"pa_oie-varv-roosa","22":"pa_oietuup-taidisois","23":"pa_oitsemine-korduvalt-oitsev","24":"pa_sort-poosasroos","25":"pa_taimede-arvestus-ruutmeetri-1-2","26":"pa_talvekindlus-vaga-hea","27":"pa_variatsioon-paljasjuurne-ainult-kevadel","28":"pa_variatsioon-potis-4-6l-suvel-ja-sugisel","30":"first","31":"outofstock","32":"purchasable","33":"product-type-variable"},"acf":[],"_links":{"self":[{"href":"https:\/\/dev.garden.ee\/en\/wp-json\/wp\/v2\/product\/4527","targetHints":{"allow":["GET"]}}],"collection":[{"href":"https:\/\/dev.garden.ee\/en\/wp-json\/wp\/v2\/product"}],"about":[{"href":"https:\/\/dev.garden.ee\/en\/wp-json\/wp\/v2\/types\/product"}],"wp:featuredmedia":[{"embeddable":true,"href":"https:\/\/dev.garden.ee\/en\/wp-json\/wp\/v2\/media\/4528"}],"wp:attachment":[{"href":"https:\/\/dev.garden.ee\/en\/wp-json\/wp\/v2\/media?parent=4527"}],"wp:term":[{"taxonomy":"product_brand","embeddable":true,"href":"https:\/\/dev.garden.ee\/en\/wp-json\/wp\/v2\/product_brand?post=4527"},{"taxonomy":"product_cat","embeddable":true,"href":"https:\/\/dev.garden.ee\/en\/wp-json\/wp\/v2\/product_cat?post=4527"},{"taxonomy":"product_tag","embeddable":true,"href":"https:\/\/dev.garden.ee\/en\/wp-json\/wp\/v2\/product_tag?post=4527"}],"curies":[{"name":"wp","href":"https:\/\/api.w.org\/{rel}","templated":true}]}}