{"id":4497,"date":"2023-01-18T17:38:21","date_gmt":"2023-01-18T15:38:21","guid":{"rendered":"https:\/\/dev.zezz.ee\/garden\/toode\/centranthus-ruber-coccineus\/"},"modified":"2026-02-19T11:41:24","modified_gmt":"2026-02-19T09:41:24","slug":"centranthus-ruber-coccineus","status":"publish","type":"product","link":"https:\/\/dev.garden.ee\/en\/product\/centranthus-ruber-coccineus\/","title":{"rendered":"Centranthus ruber &#8216;Coccineus&#8217;"},"content":{"rendered":"<input class=\"fooboxshare_post_id\" type=\"hidden\" value=\"4497\"\/>","protected":false},"excerpt":{"rendered":"<p>S\u00e4ravate \u00f5isikutega kannuslill on kahtlemata \u00fcks liblikate lemmikuid. Pisikesed lehterjad \u00f5ied moodustavad tihedalt pakitud aromaatseid \u00f5isikuid. \u00d5itsenud \u00f5ied tuleks eemaldada, et \u00e4rgitada uut \u00f5itsemist. Saab hakkama ka p\u00f5uasemates tingimustes, mist\u00f5ttu sobib h\u00e4sti ka istustuskastidesse. Parima tulemuse annab massistustusega, sobib suurep\u00e4raselt taimeala \u00e4\u00e4ristusse, mere\u00e4\u00e4rsetele aladele, suurematele p\u00fcsikualadele. Puhma moodustav p\u00fcsik on sinakasrohelise lehestikuga. Suurep\u00e4rane ka l\u00f5ikelillena.<\/p>","protected":false},"featured_media":4498,"template":"","meta":[],"product_brand":[],"product_cat":[9637,4415,4413,6934,4401,9550,22],"product_tag":[],"class_list":{"0":"post-4497","1":"product","2":"type-product","3":"status-publish","4":"has-post-thumbnail","6":"product_cat-istutuskast","7":"product_cat-lilleaed","8":"product_cat-loikelilleaed","9":"product_cat-mesilassobralik-aed","10":"product_cat-pusikud","11":"product_cat-rodu-ja-terrass","12":"product_cat-taimed","13":"pa_haiguskindlus-vaga-hea","14":"pa_kasvukorgus-70-cm","15":"pa_laius-45-cm","16":"pa_lehestikuvarv-sinakasroheline","17":"pa_lisainfo-hirve-kahjustustele-vastupidav","18":"pa_lisainfo-mesilaste-lemmik","19":"pa_lisainfo-sobilik-istutuskasti-jaoks","20":"pa_lisainfo-sobib-loikelilleks","21":"pa_lisainfo-talub-ka-tuulisemat-kasvukohta","22":"pa_lisainfo-talub-pouda","23":"pa_lohn-lohnav","24":"pa_oie-varv-punane","25":"pa_oitsemise-aeg-juuni-august","26":"pa_talvekindlus-vaga-hea","27":"pa_tingimused-hea-drenaaz","28":"pa_tingimused-tavaline","29":"pa_tsoon-4-9","30":"pa_valguse-tingimused-paike","31":"pa_variatsioon-suurem-pott","32":"pa_variatsioon-vaiksem-pott","34":"first","35":"instock","36":"purchasable","37":"product-type-variable"},"acf":[],"_links":{"self":[{"href":"https:\/\/dev.garden.ee\/en\/wp-json\/wp\/v2\/product\/4497","targetHints":{"allow":["GET"]}}],"collection":[{"href":"https:\/\/dev.garden.ee\/en\/wp-json\/wp\/v2\/product"}],"about":[{"href":"https:\/\/dev.garden.ee\/en\/wp-json\/wp\/v2\/types\/product"}],"wp:featuredmedia":[{"embeddable":true,"href":"https:\/\/dev.garden.ee\/en\/wp-json\/wp\/v2\/media\/4498"}],"wp:attachment":[{"href":"https:\/\/dev.garden.ee\/en\/wp-json\/wp\/v2\/media?parent=4497"}],"wp:term":[{"taxonomy":"product_brand","embeddable":true,"href":"https:\/\/dev.garden.ee\/en\/wp-json\/wp\/v2\/product_brand?post=4497"},{"taxonomy":"product_cat","embeddable":true,"href":"https:\/\/dev.garden.ee\/en\/wp-json\/wp\/v2\/product_cat?post=4497"},{"taxonomy":"product_tag","embeddable":true,"href":"https:\/\/dev.garden.ee\/en\/wp-json\/wp\/v2\/product_tag?post=4497"}],"curies":[{"name":"wp","href":"https:\/\/api.w.org\/{rel}","templated":true}]}}