{"id":4484,"date":"2023-01-18T17:38:13","date_gmt":"2023-01-18T15:38:13","guid":{"rendered":"https:\/\/dev.zezz.ee\/garden\/toode\/erigeron-karvinskianus\/"},"modified":"2026-02-23T19:34:03","modified_gmt":"2026-02-23T17:34:03","slug":"erigeron-karvinskianus","status":"publish","type":"product","link":"https:\/\/dev.garden.ee\/en\/product\/erigeron-karvinskianus\/","title":{"rendered":"Erigeron karvinskianus"},"content":{"rendered":"<input class=\"fooboxshare_post_id\" type=\"hidden\" value=\"4484\"\/>","protected":false},"excerpt":{"rendered":"<p>Karikakralise \u00f5ie kuldkollased s\u00fcdamikud on kauni kettana \u00fcmbritsetud valgete kroonlehtedega, mis ajapikku saavad omale \u00f5hetava roosa jume. Ideaalne taim pakkumaks pehmemat \u00e4\u00e4ristust nii treppide, aiateede kui ka madalamate m\u00fc\u00fcrikeste \u00fcmber. Erakordselt pika \u00f5itsemisega taime abil saab kerge vaevaga luua \u00f5iterohkeid romantilisi armsaid nurgakesi.<\/p>\n<p>Hooldus: Pidev n\u00e4rbunud \u00f5ite \u00e4ra l\u00f5ikamine ergutab taime uuele \u00f5itsemisele. S\u00fcgise l\u00f5pus tuleks taim maha l\u00f5igata. Taim saab hakkama ka p\u00f5uasemates tingimustes, kuid eelistaks siiski parasniiskeid tingimusi.<\/p>","protected":false},"featured_media":4485,"template":"","meta":[],"product_brand":[],"product_cat":[9637,4415,4401,22],"product_tag":[],"class_list":{"0":"post-4484","1":"product","2":"type-product","3":"status-publish","4":"has-post-thumbnail","6":"product_cat-istutuskast","7":"product_cat-lilleaed","8":"product_cat-pusikud","9":"product_cat-taimed","10":"pa_haiguskindlus-vaga-hea","11":"pa_kasvukorgus-30-cm","12":"pa_laius-30-cm","13":"pa_lisainfo-janese-kahjustustele-vastupidav","14":"pa_lisainfo-sobilik-istutuskasti-jaoks","15":"pa_lisainfo-sobib-osalise-varjuga-kasvualale","16":"pa_oie-varv-mitmevarviline","17":"pa_oie-varv-roosa","18":"pa_oie-varv-valge","19":"pa_oitsemise-aeg-juuni-september","20":"pa_talvekindlus-veidi-kulmaorn","21":"pa_tingimused-hea-drenaaz","22":"pa_tsoon-6-9","23":"pa_valguse-tingimused-paike","24":"pa_valguse-tingimused-poolvari","25":"pa_variatsioon-suurem-pott","26":"pa_variatsioon-vaiksem-pott","28":"first","29":"onbackorder","30":"purchasable","31":"product-type-variable"},"acf":[],"_links":{"self":[{"href":"https:\/\/dev.garden.ee\/en\/wp-json\/wp\/v2\/product\/4484","targetHints":{"allow":["GET"]}}],"collection":[{"href":"https:\/\/dev.garden.ee\/en\/wp-json\/wp\/v2\/product"}],"about":[{"href":"https:\/\/dev.garden.ee\/en\/wp-json\/wp\/v2\/types\/product"}],"wp:featuredmedia":[{"embeddable":true,"href":"https:\/\/dev.garden.ee\/en\/wp-json\/wp\/v2\/media\/4485"}],"wp:attachment":[{"href":"https:\/\/dev.garden.ee\/en\/wp-json\/wp\/v2\/media?parent=4484"}],"wp:term":[{"taxonomy":"product_brand","embeddable":true,"href":"https:\/\/dev.garden.ee\/en\/wp-json\/wp\/v2\/product_brand?post=4484"},{"taxonomy":"product_cat","embeddable":true,"href":"https:\/\/dev.garden.ee\/en\/wp-json\/wp\/v2\/product_cat?post=4484"},{"taxonomy":"product_tag","embeddable":true,"href":"https:\/\/dev.garden.ee\/en\/wp-json\/wp\/v2\/product_tag?post=4484"}],"curies":[{"name":"wp","href":"https:\/\/api.w.org\/{rel}","templated":true}]}}