{"id":4480,"date":"2023-01-18T17:38:10","date_gmt":"2023-01-18T15:38:10","guid":{"rendered":"https:\/\/dev.zezz.ee\/garden\/toode\/aruncus-dioicus-kneiffii\/"},"modified":"2026-02-17T00:37:01","modified_gmt":"2026-02-16T22:37:01","slug":"aruncus-dioicus-kneiffii","status":"publish","type":"product","link":"https:\/\/dev.garden.ee\/en\/product\/aruncus-dioicus-kneiffii\/","title":{"rendered":"Aruncus dioicus &#8216;Kneiffii&#8217;"},"content":{"rendered":"<input class=\"fooboxshare_post_id\" type=\"hidden\" value=\"4480\"\/>","protected":false},"excerpt":{"rendered":"<p>Antud sort on oma vormilt pisem ning m\u00f5neti elegantsem kui algup\u00e4rane suurem\u00f5\u00f5tmeline liik. Taim moodustab keskmise suurusega lehestikupuhma, l\u00f5hine lehestik meenutab Jaapani vahtrat. Varasuviseid \u00f5isikup\u00e4id sobib kasutada lisaks ka l\u00f5ikelilledena. Suurep\u00e4rane taimeala\u00e4\u00e4ristusse ning tunneb end koduselt ka veekogude l\u00e4heduses. Kui \u00f5isikud on n\u00e4rbunud v\u00f5ib need taime kompaktse vormi hoidmise eesm\u00e4rgil tagasi l\u00f5igata. Hetkel on tegemist pigem haruldusega, mida kohtab aedades veel v\u00e4he, kahtlemata v\u00e4\u00e4riks p\u00f5nev p\u00fcsik, aga m\u00e4rgatavalt suuremat t\u00e4helepanu.<\/p>","protected":false},"featured_media":4481,"template":"","meta":[],"product_brand":[],"product_cat":[4415,4413,4406,4401,4409,4412,22],"product_tag":[],"class_list":{"0":"post-4480","1":"product","2":"type-product","3":"status-publish","4":"has-post-thumbnail","6":"product_cat-lilleaed","7":"product_cat-loikelilleaed","8":"product_cat-park","9":"product_cat-pusikud","10":"product_cat-tiigiaed","11":"product_cat-varjuaed","12":"product_cat-taimed","13":"pa_haiguskindlus-vaga-hea","14":"pa_kasvukorgus-80-cm","15":"pa_laius-80-cm","16":"pa_lisainfo-janese-kahjustustele-vastupidav","17":"pa_lisainfo-kaldataim","18":"pa_lisainfo-sobib-loikelilleks","19":"pa_oie-varv-kreemjas","20":"pa_oitsemise-aeg-mai-juuni","21":"pa_talvekindlus-vaga-hea","22":"pa_tingimused-niiske","23":"pa_tingimused-parasniiske","24":"pa_tingimused-viljakas","25":"pa_tsoon-3-8","26":"pa_valguse-tingimused-paike","27":"pa_valguse-tingimused-poolvari","28":"pa_variatsioon-suurem-pott","29":"pa_variatsioon-vaiksem-pott","31":"first","32":"instock","33":"purchasable","34":"product-type-variable"},"acf":[],"_links":{"self":[{"href":"https:\/\/dev.garden.ee\/en\/wp-json\/wp\/v2\/product\/4480","targetHints":{"allow":["GET"]}}],"collection":[{"href":"https:\/\/dev.garden.ee\/en\/wp-json\/wp\/v2\/product"}],"about":[{"href":"https:\/\/dev.garden.ee\/en\/wp-json\/wp\/v2\/types\/product"}],"wp:featuredmedia":[{"embeddable":true,"href":"https:\/\/dev.garden.ee\/en\/wp-json\/wp\/v2\/media\/4481"}],"wp:attachment":[{"href":"https:\/\/dev.garden.ee\/en\/wp-json\/wp\/v2\/media?parent=4480"}],"wp:term":[{"taxonomy":"product_brand","embeddable":true,"href":"https:\/\/dev.garden.ee\/en\/wp-json\/wp\/v2\/product_brand?post=4480"},{"taxonomy":"product_cat","embeddable":true,"href":"https:\/\/dev.garden.ee\/en\/wp-json\/wp\/v2\/product_cat?post=4480"},{"taxonomy":"product_tag","embeddable":true,"href":"https:\/\/dev.garden.ee\/en\/wp-json\/wp\/v2\/product_tag?post=4480"}],"curies":[{"name":"wp","href":"https:\/\/api.w.org\/{rel}","templated":true}]}}