{"id":4451,"date":"2023-01-18T17:37:50","date_gmt":"2023-01-18T15:37:50","guid":{"rendered":"https:\/\/dev.zezz.ee\/garden\/toode\/punane-sostar-red-lake\/"},"modified":"2023-03-10T10:28:12","modified_gmt":"2023-03-10T08:28:12","slug":"punane-sostar-red-lake","status":"publish","type":"product","link":"https:\/\/dev.garden.ee\/en\/product\/punane-sostar-red-lake\/","title":{"rendered":"Punane s\u00f5star &#8216;Red Lake&#8217;"},"content":{"rendered":"<input class=\"fooboxshare_post_id\" type=\"hidden\" value=\"4451\"\/>","protected":false},"excerpt":{"rendered":"<p>Kevadistest rohketest \u00f5itest valmivad juulis pikad kobarad, mis kannavad rohkelt erkpunaseid marju. Kobaraid v\u00f5ib s\u00fc\u00fca otse p\u00f5\u00f5salt v\u00f5i kasutada erinevate jookide, magustoitude valmistamiseks. Tegemist on isetolmelduva sordiga, millel on lisaks ka v\u00e4ga hea vastupidavus jahukastele.<\/p>\n<p><span style=\"color: #ff0000;\">\u00a0<\/span><\/p>","protected":false},"featured_media":4452,"template":"","meta":[],"product_brand":[],"product_cat":[4403,4410,4394,22],"product_tag":[],"class_list":{"0":"post-4451","1":"product","2":"type-product","3":"status-publish","4":"has-post-thumbnail","6":"product_cat-kodu","7":"product_cat-tarbeaed","8":"product_cat-viljad-ja-marjad","9":"product_cat-taimed","10":"pa_haiguskindlus-vaga-hea","11":"pa_moodud-k-12-m-l-12-m","12":"pa_muugisuurus-h-1-m","13":"pa_oitsemise-aeg-mai","14":"pa_variatsioon-suurem-pott","15":"pa_vili-aromaatne","16":"pa_vili-keskmine-kuni-suur","17":"pa_vili-mahlane","18":"pa_vilja-varvus-punane","20":"first","21":"outofstock","22":"product-type-variable"},"acf":[],"_links":{"self":[{"href":"https:\/\/dev.garden.ee\/en\/wp-json\/wp\/v2\/product\/4451","targetHints":{"allow":["GET"]}}],"collection":[{"href":"https:\/\/dev.garden.ee\/en\/wp-json\/wp\/v2\/product"}],"about":[{"href":"https:\/\/dev.garden.ee\/en\/wp-json\/wp\/v2\/types\/product"}],"wp:featuredmedia":[{"embeddable":true,"href":"https:\/\/dev.garden.ee\/en\/wp-json\/wp\/v2\/media\/4452"}],"wp:attachment":[{"href":"https:\/\/dev.garden.ee\/en\/wp-json\/wp\/v2\/media?parent=4451"}],"wp:term":[{"taxonomy":"product_brand","embeddable":true,"href":"https:\/\/dev.garden.ee\/en\/wp-json\/wp\/v2\/product_brand?post=4451"},{"taxonomy":"product_cat","embeddable":true,"href":"https:\/\/dev.garden.ee\/en\/wp-json\/wp\/v2\/product_cat?post=4451"},{"taxonomy":"product_tag","embeddable":true,"href":"https:\/\/dev.garden.ee\/en\/wp-json\/wp\/v2\/product_tag?post=4451"}],"curies":[{"name":"wp","href":"https:\/\/api.w.org\/{rel}","templated":true}]}}